{"id":1798,"date":"2020-06-12T16:50:38","date_gmt":"2020-06-12T14:50:38","guid":{"rendered":"https:\/\/www.visitcinqueterre.eu\/?page_id=1798"},"modified":"2020-06-30T17:09:56","modified_gmt":"2020-06-30T15:09:56","slug":"se-rendre-aux-cinque-terre-en-voiture","status":"publish","type":"page","link":"https:\/\/www.visitcinqueterre.eu\/fr\/arriver\/se-rendre-aux-cinque-terre-en-voiture\/","title":{"rendered":"Se rendre aux Cinque Terre en voiture"},"content":{"rendered":"\t\t<div data-elementor-type=\"wp-page\" data-elementor-id=\"1798\" class=\"elementor elementor-1798 elementor-1795\" data-elementor-post-type=\"page\">\n\t\t\t\t\t\t<section class=\"elementor-section elementor-top-section elementor-element elementor-element-9dd9e28 elementor-section-boxed elementor-section-height-default elementor-section-height-default\" data-id=\"9dd9e28\" data-element_type=\"section\" data-settings=\"{&quot;jet_parallax_layout_list&quot;:[{&quot;jet_parallax_layout_image&quot;:{&quot;url&quot;:&quot;&quot;,&quot;id&quot;:&quot;&quot;,&quot;size&quot;:&quot;&quot;},&quot;_id&quot;:&quot;e2c4384&quot;,&quot;jet_parallax_layout_image_tablet&quot;:{&quot;url&quot;:&quot;&quot;,&quot;id&quot;:&quot;&quot;,&quot;size&quot;:&quot;&quot;},&quot;jet_parallax_layout_image_mobile&quot;:{&quot;url&quot;:&quot;&quot;,&quot;id&quot;:&quot;&quot;,&quot;size&quot;:&quot;&quot;},&quot;jet_parallax_layout_speed&quot;:{&quot;unit&quot;:&quot;%&quot;,&quot;size&quot;:50,&quot;sizes&quot;:[]},&quot;jet_parallax_layout_type&quot;:&quot;scroll&quot;,&quot;jet_parallax_layout_direction&quot;:&quot;1&quot;,&quot;jet_parallax_layout_fx_direction&quot;:null,&quot;jet_parallax_layout_z_index&quot;:&quot;&quot;,&quot;jet_parallax_layout_bg_x&quot;:50,&quot;jet_parallax_layout_bg_y&quot;:50,&quot;jet_parallax_layout_bg_size&quot;:&quot;auto&quot;,&quot;jet_parallax_layout_animation_prop&quot;:&quot;transform&quot;,&quot;jet_parallax_layout_on&quot;:[&quot;desktop&quot;,&quot;tablet&quot;],&quot;jet_parallax_layout_bg_x_tablet&quot;:&quot;&quot;,&quot;jet_parallax_layout_bg_x_mobile&quot;:&quot;&quot;,&quot;jet_parallax_layout_bg_y_tablet&quot;:&quot;&quot;,&quot;jet_parallax_layout_bg_y_mobile&quot;:&quot;&quot;,&quot;jet_parallax_layout_bg_size_tablet&quot;:&quot;&quot;,&quot;jet_parallax_layout_bg_size_mobile&quot;:&quot;&quot;}]}\">\n\t\t\t\t\t\t<div class=\"elementor-container elementor-column-gap-default\">\n\t\t\t\t\t<div class=\"elementor-column elementor-col-16 elementor-top-column elementor-element elementor-element-e5c09f3\" data-id=\"e5c09f3\" data-element_type=\"column\">\n\t\t\t<div class=\"elementor-widget-wrap\">\n\t\t\t\t\t\t\t<\/div>\n\t\t<\/div>\n\t\t\t\t<div class=\"elementor-column elementor-col-66 elementor-top-column elementor-element elementor-element-f8f49bf\" data-id=\"f8f49bf\" data-element_type=\"column\">\n\t\t\t<div class=\"elementor-widget-wrap elementor-element-populated\">\n\t\t\t\t\t\t<div class=\"elementor-element elementor-element-1a492d07 elementor-widget elementor-widget-text-editor\" data-id=\"1a492d07\" data-element_type=\"widget\" data-widget_type=\"text-editor.default\">\n\t\t\t\t<div class=\"elementor-widget-container\">\n\t\t\t\t\t\t\t\t\t<p><\/p>\n<p>Se rendre aux Cinque Terre en voiture est possible, mais nous vous recommandons fortement de l&rsquo;\u00e9viter.<\/p>\n<p><\/p>\n<p>Se rendre aux Cinque Terre en voiture est possible, mais nous vous recommandons fortement de l&rsquo;\u00e9viter. Notre r\u00e9gion est verticale, les routes sont \u00e9troites et sinueuses et le manque de stationnement est un vrai probl\u00e8me de notre territoire, mais c&rsquo;est aussi notre beaut\u00e9 et ne pas en ajouter contribue \u00e0 garantir notre authenticit\u00e9.<\/p>\n<p><\/p>\n<p>Cela dit, si vous n&rsquo;avez pas le choix, vous pouvez \u00e9videmment arriver en voiture. Vous avez deux options concernant la sortie d&rsquo;autoroute : <strong>Carrodano-Levanto<\/strong> si vous venez de G\u00eanes et <strong>La Spezia<\/strong> si vous venez de Parme ou de Toscane.<\/p>\n<p><\/p>\n<p>En sortant \u00e0 Carrodano, suivez les panneaux pour Levanto et une fois dans le village, au deuxi\u00e8me rond-point, suivez les panneaux pour les Cinque Terre. Pour vous y rendre vous emprunterez la route c\u00f4ti\u00e8re et, si vous le souhaitez, vous pourrez en profiter pour visiter les <a href=\"http:\/\/test.keepup.pro\/viadellamore\/2020\/06\/10\/santuari-cinque-terre\/\" target=\"_blank\" rel=\"noopener\">sanctuaires<\/a> qui surplombent nos cinq villages et prendre des photos r\u00e9solument panoramiques.<\/p>\n<p><\/p>\n<p>En sortant \u00e0 La Spezia, vous trouverez imm\u00e9diatement les indications pour les Cinque Terre et dans ce cas la route pour arriver \u00e0 Riomaggiore ou Manarola, si le trafic en ville est normal, est beaucoup plus rapide.<\/p>\n<p><\/p>\n<p>Enfin, nous vous conseillons de vous renseigner aupr\u00e8s de l&rsquo;h\u00e9bergement r\u00e9serv\u00e9s pour des informations d\u00e9taill\u00e9es sur les <a href=\"http:\/\/test.keepup.pro\/viadellamore\/info-utili\/parcheggi\/\" target=\"_blank\" rel=\"noopener\">parkings<\/a>. S&rsquo;ils ne peuvent pas vous aider vous pouvez \u00e9galement consulter la page d\u00e9di\u00e9e sur ce site.<\/p>\n<p><\/p>\n\t\t\t\t\t\t\t\t<\/div>\n\t\t\t\t<\/div>\n\t\t\t\t\t<\/div>\n\t\t<\/div>\n\t\t\t\t<div class=\"elementor-column elementor-col-16 elementor-top-column elementor-element elementor-element-e12307f\" data-id=\"e12307f\" data-element_type=\"column\">\n\t\t\t<div class=\"elementor-widget-wrap\">\n\t\t\t\t\t\t\t<\/div>\n\t\t<\/div>\n\t\t\t\t\t<\/div>\n\t\t<\/section>\n\t\t\t\t<\/div>\n\t\t","protected":false},"excerpt":{"rendered":"<p>Se rendre aux Cinque Terre en voiture est possible, mais nous vous recommandons fortement de l&rsquo;\u00e9viter. Se rendre aux Cinque Terre en voiture est possible, mais nous vous recommandons fortement de l&rsquo;\u00e9viter. Notre r\u00e9gion est verticale, les routes sont \u00e9troites et sinueuses et le manque de stationnement est un vrai probl\u00e8me de notre territoire, mais [&hellip;]<\/p>\n","protected":false},"author":2,"featured_media":0,"parent":2390,"menu_order":0,"comment_status":"closed","ping_status":"closed","template":"","meta":{"_acf_changed":false,"footnotes":""},"class_list":["post-1798","page","type-page","status-publish","hentry"],"acf":[],"yoast_head":"<!-- This site is optimized with the Yoast SEO plugin v26.6 - https:\/\/yoast.com\/wordpress\/plugins\/seo\/ -->\n<title>Comment arriver aux Cinque Terre en voiture : informations pratiques<\/title>\n<meta name=\"description\" content=\"Se rendre aux Cinque Terre en voiture est possible, mais nous vous recommandons fortement de l&#039;\u00e9viter. Cela dit, vous trouverez ici les informations pratiques dont vous avez besoin.\" \/>\n<meta name=\"robots\" content=\"index, follow, max-snippet:-1, max-image-preview:large, max-video-preview:-1\" \/>\n<link rel=\"canonical\" href=\"https:\/\/www.visitcinqueterre.eu\/fr\/arriver\/se-rendre-aux-cinque-terre-en-voiture\/\" \/>\n<meta property=\"og:locale\" content=\"fr_FR\" \/>\n<meta property=\"og:type\" content=\"article\" \/>\n<meta property=\"og:title\" content=\"Se rendre aux Cinque Terre en voiture\" \/>\n<meta property=\"og:description\" content=\"Se rendre aux Cinque Terre en voiture est possible, mais nous vous recommandons fortement de l&#039;\u00e9viter. Cela dit, vous trouverez ici les informations pratiques dont vous avez besoin.\" \/>\n<meta property=\"og:url\" content=\"https:\/\/www.visitcinqueterre.eu\/fr\/arriver\/se-rendre-aux-cinque-terre-en-voiture\/\" \/>\n<meta property=\"og:site_name\" content=\"Visit Cinque Terre\" \/>\n<meta property=\"article:modified_time\" content=\"2020-06-30T15:09:56+00:00\" \/>\n<meta property=\"og:image\" content=\"https:\/\/www.visitcinqueterre.eu\/wp-content\/uploads\/2020\/05\/IMG_5973.jpg\" \/>\n<meta name=\"twitter:card\" content=\"summary_large_image\" \/>\n<meta name=\"twitter:title\" content=\"Se rendre aux Cinque Terre en voiture\" \/>\n<meta name=\"twitter:description\" content=\"Se rendre aux Cinque Terre en voiture est possible, mais nous vous recommandons fortement de l&#039;\u00e9viter. Cela dit, vous trouverez ici les informations pratiques dont vous avez besoin.\" \/>\n<meta name=\"twitter:image\" content=\"https:\/\/www.visitcinqueterre.eu\/wp-content\/uploads\/2020\/05\/IMG_5973.jpg\" \/>\n<meta name=\"twitter:label1\" content=\"Dur\u00e9e de lecture estim\u00e9e\" \/>\n\t<meta name=\"twitter:data1\" content=\"1 minute\" \/>\n<script type=\"application\/ld+json\" class=\"yoast-schema-graph\">{\"@context\":\"https:\/\/schema.org\",\"@graph\":[{\"@type\":\"WebPage\",\"@id\":\"https:\/\/www.visitcinqueterre.eu\/fr\/arriver\/se-rendre-aux-cinque-terre-en-voiture\/\",\"url\":\"https:\/\/www.visitcinqueterre.eu\/fr\/arriver\/se-rendre-aux-cinque-terre-en-voiture\/\",\"name\":\"Comment arriver aux Cinque Terre en voiture : informations pratiques\",\"isPartOf\":{\"@id\":\"https:\/\/www.visitcinqueterre.eu\/fr\/#website\"},\"datePublished\":\"2020-06-12T14:50:38+00:00\",\"dateModified\":\"2020-06-30T15:09:56+00:00\",\"description\":\"Se rendre aux Cinque Terre en voiture est possible, mais nous vous recommandons fortement de l'\u00e9viter. Cela dit, vous trouverez ici les informations pratiques dont vous avez besoin.\",\"breadcrumb\":{\"@id\":\"https:\/\/www.visitcinqueterre.eu\/fr\/arriver\/se-rendre-aux-cinque-terre-en-voiture\/#breadcrumb\"},\"inLanguage\":\"fr-FR\",\"potentialAction\":[{\"@type\":\"ReadAction\",\"target\":[\"https:\/\/www.visitcinqueterre.eu\/fr\/arriver\/se-rendre-aux-cinque-terre-en-voiture\/\"]}]},{\"@type\":\"BreadcrumbList\",\"@id\":\"https:\/\/www.visitcinqueterre.eu\/fr\/arriver\/se-rendre-aux-cinque-terre-en-voiture\/#breadcrumb\",\"itemListElement\":[{\"@type\":\"ListItem\",\"position\":1,\"name\":\"Home\",\"item\":\"https:\/\/www.visitcinqueterre.eu\/fr\/\"},{\"@type\":\"ListItem\",\"position\":2,\"name\":\"Arriver\",\"item\":\"https:\/\/www.visitcinqueterre.eu\/fr\/arriver\/\"},{\"@type\":\"ListItem\",\"position\":3,\"name\":\"Se rendre aux Cinque Terre en voiture\"}]},{\"@type\":\"WebSite\",\"@id\":\"https:\/\/www.visitcinqueterre.eu\/fr\/#website\",\"url\":\"https:\/\/www.visitcinqueterre.eu\/fr\/\",\"name\":\"Visit Cinque Terre\",\"description\":\"Portale turistico delle Cinque Terre\",\"potentialAction\":[{\"@type\":\"SearchAction\",\"target\":{\"@type\":\"EntryPoint\",\"urlTemplate\":\"https:\/\/www.visitcinqueterre.eu\/fr\/?s={search_term_string}\"},\"query-input\":{\"@type\":\"PropertyValueSpecification\",\"valueRequired\":true,\"valueName\":\"search_term_string\"}}],\"inLanguage\":\"fr-FR\"}]}<\/script>\n<!-- \/ Yoast SEO plugin. -->","yoast_head_json":{"title":"Comment arriver aux Cinque Terre en voiture : informations pratiques","description":"Se rendre aux Cinque Terre en voiture est possible, mais nous vous recommandons fortement de l'\u00e9viter. Cela dit, vous trouverez ici les informations pratiques dont vous avez besoin.","robots":{"index":"index","follow":"follow","max-snippet":"max-snippet:-1","max-image-preview":"max-image-preview:large","max-video-preview":"max-video-preview:-1"},"canonical":"https:\/\/www.visitcinqueterre.eu\/fr\/arriver\/se-rendre-aux-cinque-terre-en-voiture\/","og_locale":"fr_FR","og_type":"article","og_title":"Se rendre aux Cinque Terre en voiture","og_description":"Se rendre aux Cinque Terre en voiture est possible, mais nous vous recommandons fortement de l'\u00e9viter. Cela dit, vous trouverez ici les informations pratiques dont vous avez besoin.","og_url":"https:\/\/www.visitcinqueterre.eu\/fr\/arriver\/se-rendre-aux-cinque-terre-en-voiture\/","og_site_name":"Visit Cinque Terre","article_modified_time":"2020-06-30T15:09:56+00:00","og_image":[{"url":"https:\/\/www.visitcinqueterre.eu\/wp-content\/uploads\/2020\/05\/IMG_5973.jpg","type":"","width":"","height":""}],"twitter_card":"summary_large_image","twitter_title":"Se rendre aux Cinque Terre en voiture","twitter_description":"Se rendre aux Cinque Terre en voiture est possible, mais nous vous recommandons fortement de l'\u00e9viter. Cela dit, vous trouverez ici les informations pratiques dont vous avez besoin.","twitter_image":"https:\/\/www.visitcinqueterre.eu\/wp-content\/uploads\/2020\/05\/IMG_5973.jpg","twitter_misc":{"Dur\u00e9e de lecture estim\u00e9e":"1 minute"},"schema":{"@context":"https:\/\/schema.org","@graph":[{"@type":"WebPage","@id":"https:\/\/www.visitcinqueterre.eu\/fr\/arriver\/se-rendre-aux-cinque-terre-en-voiture\/","url":"https:\/\/www.visitcinqueterre.eu\/fr\/arriver\/se-rendre-aux-cinque-terre-en-voiture\/","name":"Comment arriver aux Cinque Terre en voiture : informations pratiques","isPartOf":{"@id":"https:\/\/www.visitcinqueterre.eu\/fr\/#website"},"datePublished":"2020-06-12T14:50:38+00:00","dateModified":"2020-06-30T15:09:56+00:00","description":"Se rendre aux Cinque Terre en voiture est possible, mais nous vous recommandons fortement de l'\u00e9viter. Cela dit, vous trouverez ici les informations pratiques dont vous avez besoin.","breadcrumb":{"@id":"https:\/\/www.visitcinqueterre.eu\/fr\/arriver\/se-rendre-aux-cinque-terre-en-voiture\/#breadcrumb"},"inLanguage":"fr-FR","potentialAction":[{"@type":"ReadAction","target":["https:\/\/www.visitcinqueterre.eu\/fr\/arriver\/se-rendre-aux-cinque-terre-en-voiture\/"]}]},{"@type":"BreadcrumbList","@id":"https:\/\/www.visitcinqueterre.eu\/fr\/arriver\/se-rendre-aux-cinque-terre-en-voiture\/#breadcrumb","itemListElement":[{"@type":"ListItem","position":1,"name":"Home","item":"https:\/\/www.visitcinqueterre.eu\/fr\/"},{"@type":"ListItem","position":2,"name":"Arriver","item":"https:\/\/www.visitcinqueterre.eu\/fr\/arriver\/"},{"@type":"ListItem","position":3,"name":"Se rendre aux Cinque Terre en voiture"}]},{"@type":"WebSite","@id":"https:\/\/www.visitcinqueterre.eu\/fr\/#website","url":"https:\/\/www.visitcinqueterre.eu\/fr\/","name":"Visit Cinque Terre","description":"Portale turistico delle Cinque Terre","potentialAction":[{"@type":"SearchAction","target":{"@type":"EntryPoint","urlTemplate":"https:\/\/www.visitcinqueterre.eu\/fr\/?s={search_term_string}"},"query-input":{"@type":"PropertyValueSpecification","valueRequired":true,"valueName":"search_term_string"}}],"inLanguage":"fr-FR"}]}},"_links":{"self":[{"href":"https:\/\/www.visitcinqueterre.eu\/fr\/wp-json\/wp\/v2\/pages\/1798","targetHints":{"allow":["GET"]}}],"collection":[{"href":"https:\/\/www.visitcinqueterre.eu\/fr\/wp-json\/wp\/v2\/pages"}],"about":[{"href":"https:\/\/www.visitcinqueterre.eu\/fr\/wp-json\/wp\/v2\/types\/page"}],"author":[{"embeddable":true,"href":"https:\/\/www.visitcinqueterre.eu\/fr\/wp-json\/wp\/v2\/users\/2"}],"replies":[{"embeddable":true,"href":"https:\/\/www.visitcinqueterre.eu\/fr\/wp-json\/wp\/v2\/comments?post=1798"}],"version-history":[{"count":12,"href":"https:\/\/www.visitcinqueterre.eu\/fr\/wp-json\/wp\/v2\/pages\/1798\/revisions"}],"predecessor-version":[{"id":3804,"href":"https:\/\/www.visitcinqueterre.eu\/fr\/wp-json\/wp\/v2\/pages\/1798\/revisions\/3804"}],"up":[{"embeddable":true,"href":"https:\/\/www.visitcinqueterre.eu\/fr\/wp-json\/wp\/v2\/pages\/2390"}],"wp:attachment":[{"href":"https:\/\/www.visitcinqueterre.eu\/fr\/wp-json\/wp\/v2\/media?parent=1798"}],"curies":[{"name":"wp","href":"https:\/\/api.w.org\/{rel}","templated":true}]}}