{"id":1804,"date":"2020-06-12T16:53:49","date_gmt":"2020-06-12T14:53:49","guid":{"rendered":"https:\/\/www.visitcinqueterre.eu\/?page_id=1804"},"modified":"2020-09-13T11:45:20","modified_gmt":"2020-09-13T09:45:20","slug":"se-rendre-aux-cinque-terre-en-train","status":"publish","type":"page","link":"https:\/\/www.visitcinqueterre.eu\/fr\/arriver\/se-rendre-aux-cinque-terre-en-train\/","title":{"rendered":"Se rendre aux Cinque Terre en train"},"content":{"rendered":"\n<p>Se rendre aux Cinque Terre et donc \u00e0 Riomaggiore ou Manarola en train est certainement la solution la plus pratique et cela s&rsquo;applique \u00e9galement aux visites aux autres villages de la Riviera.<\/p>\n\n<p>Compar\u00e9 aux voitures ou m\u00eame aux bateaux, le train pour les Cinque Terre est \u00e0 bon march\u00e9, rapide et fr\u00e9quent, surtout en haute saison.<\/p>\n\n<h2 class=\"wp-block-heading\">Les billets<\/h2>\n\n<p>Le billet de train, \u00e0 la fois pour le <strong>Cinque Terre Express<\/strong> et pour le train r\u00e9gional qui fonctionne en basse saison, peut \u00eatre achet\u00e9 directement \u00e0 la gare, mais afin d&rsquo;\u00e9viter les files d&rsquo;attente, nous vous recommandons d&rsquo;installer l&rsquo;application Trenitalia sur votre smartphone, tout en cr\u00e9ant votre profil \u00e0 l&rsquo;avance sur <a href=\"https:\/\/www.trenitalia.com\" target=\"_blank\" rel=\"noopener noreferrer\">le site officiel<\/a> (bien plus pratique sur ordinateur), afin que vous puissiez ensuite g\u00e9rer les achats tr\u00e8s rapidement en seulement quelques clics.<\/p>\n\n<p>En haute saison, le prix du billet sur la ligne reliant La Spezia \u00e0 Levanto est de 4 \u20ac par personne pour les adultes et 2 \u20ac pour les enfants de 4 \u00e0 12 ans. Gratuit pour les enfants jusqu&rsquo;\u00e0 4 ans. A partir du 2 novembre un ticket r\u00e9gulier suffit (2,40 \u20ac par personne et par trajet). M\u00eame chose tous les jours apr\u00e8s 20h et toujours pour ceux r\u00e9sidant en Ligurie.<\/p>\n\n<p>Si vous pr\u00e9voyez de prendre plus de quatre trains dans la m\u00eame journ\u00e9e, mais aussi de randonner sur le chemin SVA, d&rsquo;utiliser le service de bus entre les villages et les sanctuaires ou simplement de vous sentir libre, la meilleure option est la <a href=\"https:\/\/www.visitcinqueterre.eu\/2020\/06\/12\/cinque-terre-card\/?lang=fr\"><strong>Cinque Terre Card<\/strong><\/a>.<\/p>\n\n<p>Quelle que soit l&rsquo;option que vous choisissez, n&rsquo;oubliez pas que, sauf indication contraire du vendeur de billets, <strong>les billets papier doivent toujours \u00eatre valid\u00e9s avant de monter dans le train<\/strong>. Les machines se trouvent dans les salles d&rsquo;attente, dans les couloirs et dans certaines gares \u00e9galement sur le quai. Un billet non valid\u00e9 \u00e9quivaut \u00e0 une amende de 50 \u20ac.<\/p>\n\n<p>Si vous voyagez <a href=\"https:\/\/www.trenitalia.com\/it\/offerte_e_servizi\/in_treno_con_la_bici.html\" target=\"_blank\" rel=\"noopener noreferrer\">en train avec votre v\u00e9lo<\/a>, nous vous conseillons de consulter les informations officielles.<\/p>\n\n<h2 class=\"wp-block-heading\">Les horaires<\/h2>\n\n<p>Les horaires des trains sont modifi\u00e9s plusieurs fois par an et vous pouvez toujours les consulter sur le site Internet de Trenitalia ou sur l&rsquo;application. Les horaires aux Cinque Terre varient \u00e9galement selon la p\u00e9riode, mais sur cette page vous trouverez toujours la version mise \u00e0 jour de l&rsquo;horaire local.<\/p>\n<p><img fetchpriority=\"high\" decoding=\"async\" src=\"https:\/\/www.visitcinqueterre.eu\/wp-content\/uploads\/2020\/09\/Schermata-2020-09-13-alle-11.37.14-1024x878.png\" alt=\"Cinque Terre Express train line\" width=\"1024\" height=\"878\" \/><\/p>\n<p>\u00a0<\/p>\n","protected":false},"excerpt":{"rendered":"<p>Se rendre aux Cinque Terre et donc \u00e0 Riomaggiore ou Manarola en train est certainement la solution la plus pratique et cela s&rsquo;applique \u00e9galement aux visites aux autres villages de la Riviera. Compar\u00e9 aux voitures ou m\u00eame aux bateaux, le train pour les Cinque Terre est \u00e0 bon march\u00e9, rapide et fr\u00e9quent, surtout en haute [&hellip;]<\/p>\n","protected":false},"author":2,"featured_media":0,"parent":2390,"menu_order":0,"comment_status":"closed","ping_status":"closed","template":"","meta":{"_acf_changed":false,"footnotes":""},"class_list":["post-1804","page","type-page","status-publish","hentry"],"acf":[],"yoast_head":"<!-- This site is optimized with the Yoast SEO plugin v26.6 - https:\/\/yoast.com\/wordpress\/plugins\/seo\/ -->\n<title>Se rendre aux Cinque Terre en train - Visit Cinque Terre<\/title>\n<meta name=\"robots\" content=\"index, follow, max-snippet:-1, max-image-preview:large, max-video-preview:-1\" \/>\n<link rel=\"canonical\" href=\"https:\/\/www.visitcinqueterre.eu\/fr\/arriver\/se-rendre-aux-cinque-terre-en-train\/\" \/>\n<meta property=\"og:locale\" content=\"fr_FR\" \/>\n<meta property=\"og:type\" content=\"article\" \/>\n<meta property=\"og:title\" content=\"Se rendre aux Cinque Terre en train - Visit Cinque Terre\" \/>\n<meta property=\"og:description\" content=\"Se rendre aux Cinque Terre et donc \u00e0 Riomaggiore ou Manarola en train est certainement la solution la plus pratique et cela s&rsquo;applique \u00e9galement aux visites aux autres villages de la Riviera. Compar\u00e9 aux voitures ou m\u00eame aux bateaux, le train pour les Cinque Terre est \u00e0 bon march\u00e9, rapide et fr\u00e9quent, surtout en haute [&hellip;]\" \/>\n<meta property=\"og:url\" content=\"https:\/\/www.visitcinqueterre.eu\/fr\/arriver\/se-rendre-aux-cinque-terre-en-train\/\" \/>\n<meta property=\"og:site_name\" content=\"Visit Cinque Terre\" \/>\n<meta property=\"article:modified_time\" content=\"2020-09-13T09:45:20+00:00\" \/>\n<meta property=\"og:image\" content=\"https:\/\/www.visitcinqueterre.eu\/wp-content\/uploads\/2020\/06\/7230B144-62F1-41F0-89F4-22C7CB13FB6B-scaled.jpeg\" \/>\n<meta name=\"twitter:card\" content=\"summary_large_image\" \/>\n<meta name=\"twitter:image\" content=\"https:\/\/www.visitcinqueterre.eu\/wp-content\/uploads\/2020\/06\/7230B144-62F1-41F0-89F4-22C7CB13FB6B-scaled.jpeg\" \/>\n<meta name=\"twitter:label1\" content=\"Dur\u00e9e de lecture estim\u00e9e\" \/>\n\t<meta name=\"twitter:data1\" content=\"2 minutes\" \/>\n<script type=\"application\/ld+json\" class=\"yoast-schema-graph\">{\"@context\":\"https:\/\/schema.org\",\"@graph\":[{\"@type\":\"WebPage\",\"@id\":\"https:\/\/www.visitcinqueterre.eu\/fr\/arriver\/se-rendre-aux-cinque-terre-en-train\/\",\"url\":\"https:\/\/www.visitcinqueterre.eu\/fr\/arriver\/se-rendre-aux-cinque-terre-en-train\/\",\"name\":\"Se rendre aux Cinque Terre en train - Visit Cinque Terre\",\"isPartOf\":{\"@id\":\"https:\/\/www.visitcinqueterre.eu\/fr\/#website\"},\"primaryImageOfPage\":{\"@id\":\"https:\/\/www.visitcinqueterre.eu\/fr\/arriver\/se-rendre-aux-cinque-terre-en-train\/#primaryimage\"},\"image\":{\"@id\":\"https:\/\/www.visitcinqueterre.eu\/fr\/arriver\/se-rendre-aux-cinque-terre-en-train\/#primaryimage\"},\"thumbnailUrl\":\"https:\/\/www.visitcinqueterre.eu\/wp-content\/uploads\/2020\/09\/Schermata-2020-09-13-alle-11.37.14-1024x878.png\",\"datePublished\":\"2020-06-12T14:53:49+00:00\",\"dateModified\":\"2020-09-13T09:45:20+00:00\",\"breadcrumb\":{\"@id\":\"https:\/\/www.visitcinqueterre.eu\/fr\/arriver\/se-rendre-aux-cinque-terre-en-train\/#breadcrumb\"},\"inLanguage\":\"fr-FR\",\"potentialAction\":[{\"@type\":\"ReadAction\",\"target\":[\"https:\/\/www.visitcinqueterre.eu\/fr\/arriver\/se-rendre-aux-cinque-terre-en-train\/\"]}]},{\"@type\":\"ImageObject\",\"inLanguage\":\"fr-FR\",\"@id\":\"https:\/\/www.visitcinqueterre.eu\/fr\/arriver\/se-rendre-aux-cinque-terre-en-train\/#primaryimage\",\"url\":\"https:\/\/www.visitcinqueterre.eu\/wp-content\/uploads\/2020\/09\/Schermata-2020-09-13-alle-11.37.14-1024x878.png\",\"contentUrl\":\"https:\/\/www.visitcinqueterre.eu\/wp-content\/uploads\/2020\/09\/Schermata-2020-09-13-alle-11.37.14-1024x878.png\"},{\"@type\":\"BreadcrumbList\",\"@id\":\"https:\/\/www.visitcinqueterre.eu\/fr\/arriver\/se-rendre-aux-cinque-terre-en-train\/#breadcrumb\",\"itemListElement\":[{\"@type\":\"ListItem\",\"position\":1,\"name\":\"Home\",\"item\":\"https:\/\/www.visitcinqueterre.eu\/fr\/\"},{\"@type\":\"ListItem\",\"position\":2,\"name\":\"Arriver\",\"item\":\"https:\/\/www.visitcinqueterre.eu\/fr\/arriver\/\"},{\"@type\":\"ListItem\",\"position\":3,\"name\":\"Se rendre aux Cinque Terre en train\"}]},{\"@type\":\"WebSite\",\"@id\":\"https:\/\/www.visitcinqueterre.eu\/fr\/#website\",\"url\":\"https:\/\/www.visitcinqueterre.eu\/fr\/\",\"name\":\"Visit Cinque Terre\",\"description\":\"Portale turistico delle Cinque Terre\",\"potentialAction\":[{\"@type\":\"SearchAction\",\"target\":{\"@type\":\"EntryPoint\",\"urlTemplate\":\"https:\/\/www.visitcinqueterre.eu\/fr\/?s={search_term_string}\"},\"query-input\":{\"@type\":\"PropertyValueSpecification\",\"valueRequired\":true,\"valueName\":\"search_term_string\"}}],\"inLanguage\":\"fr-FR\"}]}<\/script>\n<!-- \/ Yoast SEO plugin. -->","yoast_head_json":{"title":"Se rendre aux Cinque Terre en train - Visit Cinque Terre","robots":{"index":"index","follow":"follow","max-snippet":"max-snippet:-1","max-image-preview":"max-image-preview:large","max-video-preview":"max-video-preview:-1"},"canonical":"https:\/\/www.visitcinqueterre.eu\/fr\/arriver\/se-rendre-aux-cinque-terre-en-train\/","og_locale":"fr_FR","og_type":"article","og_title":"Se rendre aux Cinque Terre en train - Visit Cinque Terre","og_description":"Se rendre aux Cinque Terre et donc \u00e0 Riomaggiore ou Manarola en train est certainement la solution la plus pratique et cela s&rsquo;applique \u00e9galement aux visites aux autres villages de la Riviera. Compar\u00e9 aux voitures ou m\u00eame aux bateaux, le train pour les Cinque Terre est \u00e0 bon march\u00e9, rapide et fr\u00e9quent, surtout en haute [&hellip;]","og_url":"https:\/\/www.visitcinqueterre.eu\/fr\/arriver\/se-rendre-aux-cinque-terre-en-train\/","og_site_name":"Visit Cinque Terre","article_modified_time":"2020-09-13T09:45:20+00:00","og_image":[{"url":"https:\/\/www.visitcinqueterre.eu\/wp-content\/uploads\/2020\/06\/7230B144-62F1-41F0-89F4-22C7CB13FB6B-scaled.jpeg","type":"","width":"","height":""}],"twitter_card":"summary_large_image","twitter_image":"https:\/\/www.visitcinqueterre.eu\/wp-content\/uploads\/2020\/06\/7230B144-62F1-41F0-89F4-22C7CB13FB6B-scaled.jpeg","twitter_misc":{"Dur\u00e9e de lecture estim\u00e9e":"2 minutes"},"schema":{"@context":"https:\/\/schema.org","@graph":[{"@type":"WebPage","@id":"https:\/\/www.visitcinqueterre.eu\/fr\/arriver\/se-rendre-aux-cinque-terre-en-train\/","url":"https:\/\/www.visitcinqueterre.eu\/fr\/arriver\/se-rendre-aux-cinque-terre-en-train\/","name":"Se rendre aux Cinque Terre en train - Visit Cinque Terre","isPartOf":{"@id":"https:\/\/www.visitcinqueterre.eu\/fr\/#website"},"primaryImageOfPage":{"@id":"https:\/\/www.visitcinqueterre.eu\/fr\/arriver\/se-rendre-aux-cinque-terre-en-train\/#primaryimage"},"image":{"@id":"https:\/\/www.visitcinqueterre.eu\/fr\/arriver\/se-rendre-aux-cinque-terre-en-train\/#primaryimage"},"thumbnailUrl":"https:\/\/www.visitcinqueterre.eu\/wp-content\/uploads\/2020\/09\/Schermata-2020-09-13-alle-11.37.14-1024x878.png","datePublished":"2020-06-12T14:53:49+00:00","dateModified":"2020-09-13T09:45:20+00:00","breadcrumb":{"@id":"https:\/\/www.visitcinqueterre.eu\/fr\/arriver\/se-rendre-aux-cinque-terre-en-train\/#breadcrumb"},"inLanguage":"fr-FR","potentialAction":[{"@type":"ReadAction","target":["https:\/\/www.visitcinqueterre.eu\/fr\/arriver\/se-rendre-aux-cinque-terre-en-train\/"]}]},{"@type":"ImageObject","inLanguage":"fr-FR","@id":"https:\/\/www.visitcinqueterre.eu\/fr\/arriver\/se-rendre-aux-cinque-terre-en-train\/#primaryimage","url":"https:\/\/www.visitcinqueterre.eu\/wp-content\/uploads\/2020\/09\/Schermata-2020-09-13-alle-11.37.14-1024x878.png","contentUrl":"https:\/\/www.visitcinqueterre.eu\/wp-content\/uploads\/2020\/09\/Schermata-2020-09-13-alle-11.37.14-1024x878.png"},{"@type":"BreadcrumbList","@id":"https:\/\/www.visitcinqueterre.eu\/fr\/arriver\/se-rendre-aux-cinque-terre-en-train\/#breadcrumb","itemListElement":[{"@type":"ListItem","position":1,"name":"Home","item":"https:\/\/www.visitcinqueterre.eu\/fr\/"},{"@type":"ListItem","position":2,"name":"Arriver","item":"https:\/\/www.visitcinqueterre.eu\/fr\/arriver\/"},{"@type":"ListItem","position":3,"name":"Se rendre aux Cinque Terre en train"}]},{"@type":"WebSite","@id":"https:\/\/www.visitcinqueterre.eu\/fr\/#website","url":"https:\/\/www.visitcinqueterre.eu\/fr\/","name":"Visit Cinque Terre","description":"Portale turistico delle Cinque Terre","potentialAction":[{"@type":"SearchAction","target":{"@type":"EntryPoint","urlTemplate":"https:\/\/www.visitcinqueterre.eu\/fr\/?s={search_term_string}"},"query-input":{"@type":"PropertyValueSpecification","valueRequired":true,"valueName":"search_term_string"}}],"inLanguage":"fr-FR"}]}},"_links":{"self":[{"href":"https:\/\/www.visitcinqueterre.eu\/fr\/wp-json\/wp\/v2\/pages\/1804","targetHints":{"allow":["GET"]}}],"collection":[{"href":"https:\/\/www.visitcinqueterre.eu\/fr\/wp-json\/wp\/v2\/pages"}],"about":[{"href":"https:\/\/www.visitcinqueterre.eu\/fr\/wp-json\/wp\/v2\/types\/page"}],"author":[{"embeddable":true,"href":"https:\/\/www.visitcinqueterre.eu\/fr\/wp-json\/wp\/v2\/users\/2"}],"replies":[{"embeddable":true,"href":"https:\/\/www.visitcinqueterre.eu\/fr\/wp-json\/wp\/v2\/comments?post=1804"}],"version-history":[{"count":15,"href":"https:\/\/www.visitcinqueterre.eu\/fr\/wp-json\/wp\/v2\/pages\/1804\/revisions"}],"predecessor-version":[{"id":4211,"href":"https:\/\/www.visitcinqueterre.eu\/fr\/wp-json\/wp\/v2\/pages\/1804\/revisions\/4211"}],"up":[{"embeddable":true,"href":"https:\/\/www.visitcinqueterre.eu\/fr\/wp-json\/wp\/v2\/pages\/2390"}],"wp:attachment":[{"href":"https:\/\/www.visitcinqueterre.eu\/fr\/wp-json\/wp\/v2\/media?parent=1804"}],"curies":[{"name":"wp","href":"https:\/\/api.w.org\/{rel}","templated":true}]}}