{"id":1808,"date":"2020-06-12T16:56:09","date_gmt":"2020-06-12T14:56:09","guid":{"rendered":"https:\/\/www.visitcinqueterre.eu\/?page_id=1808"},"modified":"2020-06-21T19:44:59","modified_gmt":"2020-06-21T17:44:59","slug":"arriver-en-bateau","status":"publish","type":"page","link":"https:\/\/www.visitcinqueterre.eu\/fr\/arriver\/arriver-en-bateau\/","title":{"rendered":"Arriver en bateau"},"content":{"rendered":"\t\t<div data-elementor-type=\"wp-page\" data-elementor-id=\"1808\" class=\"elementor elementor-1808 elementor-1805\" data-elementor-post-type=\"page\">\n\t\t\t\t\t\t<section class=\"elementor-section elementor-top-section elementor-element elementor-element-6eae714 elementor-section-boxed elementor-section-height-default elementor-section-height-default\" data-id=\"6eae714\" data-element_type=\"section\" data-settings=\"{&quot;jet_parallax_layout_list&quot;:[{&quot;jet_parallax_layout_image&quot;:{&quot;url&quot;:&quot;&quot;,&quot;id&quot;:&quot;&quot;,&quot;size&quot;:&quot;&quot;},&quot;_id&quot;:&quot;1619d21&quot;,&quot;jet_parallax_layout_image_tablet&quot;:{&quot;url&quot;:&quot;&quot;,&quot;id&quot;:&quot;&quot;,&quot;size&quot;:&quot;&quot;},&quot;jet_parallax_layout_image_mobile&quot;:{&quot;url&quot;:&quot;&quot;,&quot;id&quot;:&quot;&quot;,&quot;size&quot;:&quot;&quot;},&quot;jet_parallax_layout_speed&quot;:{&quot;unit&quot;:&quot;%&quot;,&quot;size&quot;:50,&quot;sizes&quot;:[]},&quot;jet_parallax_layout_type&quot;:&quot;scroll&quot;,&quot;jet_parallax_layout_direction&quot;:&quot;1&quot;,&quot;jet_parallax_layout_fx_direction&quot;:null,&quot;jet_parallax_layout_z_index&quot;:&quot;&quot;,&quot;jet_parallax_layout_bg_x&quot;:50,&quot;jet_parallax_layout_bg_y&quot;:50,&quot;jet_parallax_layout_bg_size&quot;:&quot;auto&quot;,&quot;jet_parallax_layout_animation_prop&quot;:&quot;transform&quot;,&quot;jet_parallax_layout_on&quot;:[&quot;desktop&quot;,&quot;tablet&quot;],&quot;jet_parallax_layout_bg_x_tablet&quot;:&quot;&quot;,&quot;jet_parallax_layout_bg_x_mobile&quot;:&quot;&quot;,&quot;jet_parallax_layout_bg_y_tablet&quot;:&quot;&quot;,&quot;jet_parallax_layout_bg_y_mobile&quot;:&quot;&quot;,&quot;jet_parallax_layout_bg_size_tablet&quot;:&quot;&quot;,&quot;jet_parallax_layout_bg_size_mobile&quot;:&quot;&quot;}]}\">\n\t\t\t\t\t\t<div class=\"elementor-container elementor-column-gap-default\">\n\t\t\t\t\t<div class=\"elementor-column elementor-col-16 elementor-top-column elementor-element elementor-element-dad84b4\" data-id=\"dad84b4\" data-element_type=\"column\">\n\t\t\t<div class=\"elementor-widget-wrap\">\n\t\t\t\t\t\t\t<\/div>\n\t\t<\/div>\n\t\t\t\t<div class=\"elementor-column elementor-col-66 elementor-top-column elementor-element elementor-element-2fbf39c\" data-id=\"2fbf39c\" data-element_type=\"column\">\n\t\t\t<div class=\"elementor-widget-wrap elementor-element-populated\">\n\t\t\t\t\t\t<div class=\"elementor-element elementor-element-561e2729 elementor-widget elementor-widget-text-editor\" data-id=\"561e2729\" data-element_type=\"widget\" data-widget_type=\"text-editor.default\">\n\t\t\t\t<div class=\"elementor-widget-container\">\n\t\t\t\t\t\t\t\t\t<p><\/p>\n<p>Se rendre \u00e0 Riomaggiore et Manarola en bateau est absolument possible et les d\u00e9couvrir pour la premi\u00e8re fois vues de la mer a un charme ind\u00e9niable.<\/p>\n<p><\/p>\n<p><\/p>\n<p>Vous pouvez opter pour un bateau du service de <a href=\"https:\/\/www.navigazionegolfodeipoeti.it\/it\/home\" target=\"_blank\" rel=\"noopener noreferrer\"><strong>navigation Golfo dei Poeti<\/strong><\/a>, qui fonctionne pendant la journ\u00e9e de mars \u00e0 octobre et avec des horaires et tarifs fixes qui peuvent \u00eatre consult\u00e9s sur leur site Web, ou vous pouvez r\u00e9server un service priv\u00e9 local en le choisissant parmi les contacts suivants :<\/p><h3><span style=\"font-weight: bolder;\">Riomaggiore<\/span><\/h3><p>Davide \u2013<span>&nbsp;<\/span><a href=\"https:\/\/www.cinqueterreadventure.com\/\" target=\"_blank\" rel=\"noopener\" style=\"background-color: rgb(255, 255, 255);\">Cinque Terre Adventure<\/a><\/p><p>Francesco \u2013&nbsp;<a href=\"https:\/\/www.cinqueterredalmare.com\/it\/\" target=\"_blank\" rel=\"noopener\" style=\"background-color: rgb(255, 255, 255);\">Cinque Terre dal Mare<\/a><\/p><p>Mattia \u2013 Cinque Terre from the sea<\/p><p>Yuri \u2013 Getaway boat tour<\/p><p>Raphael \u2013 Cinque Terre boat tour<\/p><p>Steven \u2013&nbsp;<a href=\"https:\/\/www.stella5terreboat.com\/\" target=\"_blank\" rel=\"noopener\" style=\"background-color: rgb(255, 255, 255);\">Stella boat tour<\/a><\/p><p>Martha \u2013 Banzai Cinque Terre<\/p><p>Luca \u2013&nbsp;<a href=\"https:\/\/ilgavitello.com\/cinque-terre-boat-tour\/it\/home\/\" target=\"_blank\" rel=\"noopener\" style=\"background-color: rgb(255, 255, 255);\">Il gavitello<\/a><\/p><p>&nbsp;<\/p><h3><span style=\"font-weight: bolder;\">Manarola<\/span><\/h3><p>Daniele \u2013&nbsp;<a href=\"https:\/\/enjoycinqueterre.com\/\" target=\"_blank\" rel=\"noopener\" style=\"background-color: rgb(255, 255, 255);\">Enjoy Cinque Terre<\/a><\/p><p>Edo e Lorenzo \u2013&nbsp;<a href=\"https:\/\/www.5terrepelagosboat.com\/\" target=\"_blank\" rel=\"noopener\" style=\"background-color: rgb(255, 255, 255);\">5 Terre Pelagos<\/a><\/p><p>Cristiano \u2013&nbsp;<a href=\"https:\/\/www.sangiorgiocinqueterre.com\/boats\/\" target=\"_blank\" rel=\"noopener\" style=\"background-color: rgb(255, 255, 255);\">San Giorgio Boat<\/a><\/p><p>Dario \u2013&nbsp;<a href=\"https:\/\/www.facebook.com\/rayoverdetour\/\" target=\"_blank\" rel=\"noopener\" style=\"background-color: rgb(255, 255, 255);\">Rayo Verde Tour<\/a><\/p><p>Eugenio \u2013 BB Cinque Terre<\/p><p>Daniele \u2013&nbsp;<a href=\"https:\/\/www.cinqueterreexperiences.com\/terredamare.html\" target=\"_blank\" rel=\"noopener\" style=\"background-color: rgb(255, 255, 255);\">Terredamare<\/a><\/p><p><br><\/p>\n<p><\/p>\n<p><\/p>\n<p>Si vous optez pour l&rsquo;arriv\u00e9e par mer, nous vous d\u00e9conseillons les valises rigides, pour plus de commodit\u00e9.<br>\nEn r\u00e9alit\u00e9 dans cette r\u00e9gions il est toujours plus confortable de voyager avec d&rsquo;autres types de bagages !<\/p>\n<p><\/p>\t\t\t\t\t\t\t\t<\/div>\n\t\t\t\t<\/div>\n\t\t\t\t\t<\/div>\n\t\t<\/div>\n\t\t\t\t<div class=\"elementor-column elementor-col-16 elementor-top-column elementor-element elementor-element-7f18731\" data-id=\"7f18731\" data-element_type=\"column\">\n\t\t\t<div class=\"elementor-widget-wrap\">\n\t\t\t\t\t\t\t<\/div>\n\t\t<\/div>\n\t\t\t\t\t<\/div>\n\t\t<\/section>\n\t\t\t\t<\/div>\n\t\t","protected":false},"excerpt":{"rendered":"<p>Se rendre \u00e0 Riomaggiore et Manarola en bateau est absolument possible et les d\u00e9couvrir pour la premi\u00e8re fois vues de la mer a un charme ind\u00e9niable. Vous pouvez opter pour un bateau du service de navigation Golfo dei Poeti, qui fonctionne pendant la journ\u00e9e de mars \u00e0 octobre et avec des horaires et tarifs fixes [&hellip;]<\/p>\n","protected":false},"author":2,"featured_media":0,"parent":2390,"menu_order":0,"comment_status":"closed","ping_status":"closed","template":"","meta":{"_acf_changed":false,"footnotes":""},"class_list":["post-1808","page","type-page","status-publish","hentry"],"acf":[],"yoast_head":"<!-- This site is optimized with the Yoast SEO plugin v26.6 - https:\/\/yoast.com\/wordpress\/plugins\/seo\/ -->\n<title>Arriver en bateau - Visit Cinque Terre<\/title>\n<meta name=\"robots\" content=\"index, follow, max-snippet:-1, max-image-preview:large, max-video-preview:-1\" \/>\n<link rel=\"canonical\" href=\"https:\/\/www.visitcinqueterre.eu\/fr\/arriver\/arriver-en-bateau\/\" \/>\n<meta property=\"og:locale\" content=\"fr_FR\" \/>\n<meta property=\"og:type\" content=\"article\" \/>\n<meta property=\"og:title\" content=\"Arriver en bateau - Visit Cinque Terre\" \/>\n<meta property=\"og:description\" content=\"Se rendre \u00e0 Riomaggiore et Manarola en bateau est absolument possible et les d\u00e9couvrir pour la premi\u00e8re fois vues de la mer a un charme ind\u00e9niable. Vous pouvez opter pour un bateau du service de navigation Golfo dei Poeti, qui fonctionne pendant la journ\u00e9e de mars \u00e0 octobre et avec des horaires et tarifs fixes [&hellip;]\" \/>\n<meta property=\"og:url\" content=\"https:\/\/www.visitcinqueterre.eu\/fr\/arriver\/arriver-en-bateau\/\" \/>\n<meta property=\"og:site_name\" content=\"Visit Cinque Terre\" \/>\n<meta property=\"article:modified_time\" content=\"2020-06-21T17:44:59+00:00\" \/>\n<meta property=\"og:image\" content=\"https:\/\/www.visitcinqueterre.eu\/wp-content\/uploads\/2020\/06\/A209E353-B01B-404C-94F0-75262E49B948-scaled.jpeg\" \/>\n<meta name=\"twitter:card\" content=\"summary_large_image\" \/>\n<meta name=\"twitter:image\" content=\"https:\/\/www.visitcinqueterre.eu\/wp-content\/uploads\/2020\/06\/A209E353-B01B-404C-94F0-75262E49B948-scaled.jpeg\" \/>\n<meta name=\"twitter:label1\" content=\"Dur\u00e9e de lecture estim\u00e9e\" \/>\n\t<meta name=\"twitter:data1\" content=\"1 minute\" \/>\n<script type=\"application\/ld+json\" class=\"yoast-schema-graph\">{\"@context\":\"https:\/\/schema.org\",\"@graph\":[{\"@type\":\"WebPage\",\"@id\":\"https:\/\/www.visitcinqueterre.eu\/fr\/arriver\/arriver-en-bateau\/\",\"url\":\"https:\/\/www.visitcinqueterre.eu\/fr\/arriver\/arriver-en-bateau\/\",\"name\":\"Arriver en bateau - Visit Cinque Terre\",\"isPartOf\":{\"@id\":\"https:\/\/www.visitcinqueterre.eu\/fr\/#website\"},\"datePublished\":\"2020-06-12T14:56:09+00:00\",\"dateModified\":\"2020-06-21T17:44:59+00:00\",\"breadcrumb\":{\"@id\":\"https:\/\/www.visitcinqueterre.eu\/fr\/arriver\/arriver-en-bateau\/#breadcrumb\"},\"inLanguage\":\"fr-FR\",\"potentialAction\":[{\"@type\":\"ReadAction\",\"target\":[\"https:\/\/www.visitcinqueterre.eu\/fr\/arriver\/arriver-en-bateau\/\"]}]},{\"@type\":\"BreadcrumbList\",\"@id\":\"https:\/\/www.visitcinqueterre.eu\/fr\/arriver\/arriver-en-bateau\/#breadcrumb\",\"itemListElement\":[{\"@type\":\"ListItem\",\"position\":1,\"name\":\"Home\",\"item\":\"https:\/\/www.visitcinqueterre.eu\/fr\/\"},{\"@type\":\"ListItem\",\"position\":2,\"name\":\"Arriver\",\"item\":\"https:\/\/www.visitcinqueterre.eu\/fr\/arriver\/\"},{\"@type\":\"ListItem\",\"position\":3,\"name\":\"Arriver en bateau\"}]},{\"@type\":\"WebSite\",\"@id\":\"https:\/\/www.visitcinqueterre.eu\/fr\/#website\",\"url\":\"https:\/\/www.visitcinqueterre.eu\/fr\/\",\"name\":\"Visit Cinque Terre\",\"description\":\"Portale turistico delle Cinque Terre\",\"potentialAction\":[{\"@type\":\"SearchAction\",\"target\":{\"@type\":\"EntryPoint\",\"urlTemplate\":\"https:\/\/www.visitcinqueterre.eu\/fr\/?s={search_term_string}\"},\"query-input\":{\"@type\":\"PropertyValueSpecification\",\"valueRequired\":true,\"valueName\":\"search_term_string\"}}],\"inLanguage\":\"fr-FR\"}]}<\/script>\n<!-- \/ Yoast SEO plugin. -->","yoast_head_json":{"title":"Arriver en bateau - Visit Cinque Terre","robots":{"index":"index","follow":"follow","max-snippet":"max-snippet:-1","max-image-preview":"max-image-preview:large","max-video-preview":"max-video-preview:-1"},"canonical":"https:\/\/www.visitcinqueterre.eu\/fr\/arriver\/arriver-en-bateau\/","og_locale":"fr_FR","og_type":"article","og_title":"Arriver en bateau - Visit Cinque Terre","og_description":"Se rendre \u00e0 Riomaggiore et Manarola en bateau est absolument possible et les d\u00e9couvrir pour la premi\u00e8re fois vues de la mer a un charme ind\u00e9niable. Vous pouvez opter pour un bateau du service de navigation Golfo dei Poeti, qui fonctionne pendant la journ\u00e9e de mars \u00e0 octobre et avec des horaires et tarifs fixes [&hellip;]","og_url":"https:\/\/www.visitcinqueterre.eu\/fr\/arriver\/arriver-en-bateau\/","og_site_name":"Visit Cinque Terre","article_modified_time":"2020-06-21T17:44:59+00:00","og_image":[{"url":"https:\/\/www.visitcinqueterre.eu\/wp-content\/uploads\/2020\/06\/A209E353-B01B-404C-94F0-75262E49B948-scaled.jpeg","type":"","width":"","height":""}],"twitter_card":"summary_large_image","twitter_image":"https:\/\/www.visitcinqueterre.eu\/wp-content\/uploads\/2020\/06\/A209E353-B01B-404C-94F0-75262E49B948-scaled.jpeg","twitter_misc":{"Dur\u00e9e de lecture estim\u00e9e":"1 minute"},"schema":{"@context":"https:\/\/schema.org","@graph":[{"@type":"WebPage","@id":"https:\/\/www.visitcinqueterre.eu\/fr\/arriver\/arriver-en-bateau\/","url":"https:\/\/www.visitcinqueterre.eu\/fr\/arriver\/arriver-en-bateau\/","name":"Arriver en bateau - Visit Cinque Terre","isPartOf":{"@id":"https:\/\/www.visitcinqueterre.eu\/fr\/#website"},"datePublished":"2020-06-12T14:56:09+00:00","dateModified":"2020-06-21T17:44:59+00:00","breadcrumb":{"@id":"https:\/\/www.visitcinqueterre.eu\/fr\/arriver\/arriver-en-bateau\/#breadcrumb"},"inLanguage":"fr-FR","potentialAction":[{"@type":"ReadAction","target":["https:\/\/www.visitcinqueterre.eu\/fr\/arriver\/arriver-en-bateau\/"]}]},{"@type":"BreadcrumbList","@id":"https:\/\/www.visitcinqueterre.eu\/fr\/arriver\/arriver-en-bateau\/#breadcrumb","itemListElement":[{"@type":"ListItem","position":1,"name":"Home","item":"https:\/\/www.visitcinqueterre.eu\/fr\/"},{"@type":"ListItem","position":2,"name":"Arriver","item":"https:\/\/www.visitcinqueterre.eu\/fr\/arriver\/"},{"@type":"ListItem","position":3,"name":"Arriver en bateau"}]},{"@type":"WebSite","@id":"https:\/\/www.visitcinqueterre.eu\/fr\/#website","url":"https:\/\/www.visitcinqueterre.eu\/fr\/","name":"Visit Cinque Terre","description":"Portale turistico delle Cinque Terre","potentialAction":[{"@type":"SearchAction","target":{"@type":"EntryPoint","urlTemplate":"https:\/\/www.visitcinqueterre.eu\/fr\/?s={search_term_string}"},"query-input":{"@type":"PropertyValueSpecification","valueRequired":true,"valueName":"search_term_string"}}],"inLanguage":"fr-FR"}]}},"_links":{"self":[{"href":"https:\/\/www.visitcinqueterre.eu\/fr\/wp-json\/wp\/v2\/pages\/1808","targetHints":{"allow":["GET"]}}],"collection":[{"href":"https:\/\/www.visitcinqueterre.eu\/fr\/wp-json\/wp\/v2\/pages"}],"about":[{"href":"https:\/\/www.visitcinqueterre.eu\/fr\/wp-json\/wp\/v2\/types\/page"}],"author":[{"embeddable":true,"href":"https:\/\/www.visitcinqueterre.eu\/fr\/wp-json\/wp\/v2\/users\/2"}],"replies":[{"embeddable":true,"href":"https:\/\/www.visitcinqueterre.eu\/fr\/wp-json\/wp\/v2\/comments?post=1808"}],"version-history":[{"count":6,"href":"https:\/\/www.visitcinqueterre.eu\/fr\/wp-json\/wp\/v2\/pages\/1808\/revisions"}],"predecessor-version":[{"id":3497,"href":"https:\/\/www.visitcinqueterre.eu\/fr\/wp-json\/wp\/v2\/pages\/1808\/revisions\/3497"}],"up":[{"embeddable":true,"href":"https:\/\/www.visitcinqueterre.eu\/fr\/wp-json\/wp\/v2\/pages\/2390"}],"wp:attachment":[{"href":"https:\/\/www.visitcinqueterre.eu\/fr\/wp-json\/wp\/v2\/media?parent=1808"}],"curies":[{"name":"wp","href":"https:\/\/api.w.org\/{rel}","templated":true}]}}