{"id":1815,"date":"2020-06-12T11:49:48","date_gmt":"2020-06-12T09:49:48","guid":{"rendered":"https:\/\/www.visitcinqueterre.eu\/?page_id=1815"},"modified":"2020-06-21T19:43:21","modified_gmt":"2020-06-21T17:43:21","slug":"arriver-a-pied","status":"publish","type":"page","link":"https:\/\/www.visitcinqueterre.eu\/fr\/arriver\/arriver-a-pied\/","title":{"rendered":"Arriver \u00e0 pied"},"content":{"rendered":"\t\t<div data-elementor-type=\"wp-page\" data-elementor-id=\"1815\" class=\"elementor elementor-1815 elementor-1811\" data-elementor-post-type=\"page\">\n\t\t\t\t\t\t<section class=\"elementor-section elementor-top-section elementor-element elementor-element-4fc8ac2 elementor-section-boxed elementor-section-height-default elementor-section-height-default\" data-id=\"4fc8ac2\" data-element_type=\"section\" data-settings=\"{&quot;jet_parallax_layout_list&quot;:[{&quot;jet_parallax_layout_image&quot;:{&quot;url&quot;:&quot;&quot;,&quot;id&quot;:&quot;&quot;,&quot;size&quot;:&quot;&quot;},&quot;_id&quot;:&quot;0b15022&quot;,&quot;jet_parallax_layout_image_tablet&quot;:{&quot;url&quot;:&quot;&quot;,&quot;id&quot;:&quot;&quot;,&quot;size&quot;:&quot;&quot;},&quot;jet_parallax_layout_image_mobile&quot;:{&quot;url&quot;:&quot;&quot;,&quot;id&quot;:&quot;&quot;,&quot;size&quot;:&quot;&quot;},&quot;jet_parallax_layout_speed&quot;:{&quot;unit&quot;:&quot;%&quot;,&quot;size&quot;:50,&quot;sizes&quot;:[]},&quot;jet_parallax_layout_type&quot;:&quot;scroll&quot;,&quot;jet_parallax_layout_direction&quot;:&quot;1&quot;,&quot;jet_parallax_layout_fx_direction&quot;:null,&quot;jet_parallax_layout_z_index&quot;:&quot;&quot;,&quot;jet_parallax_layout_bg_x&quot;:50,&quot;jet_parallax_layout_bg_y&quot;:50,&quot;jet_parallax_layout_bg_size&quot;:&quot;auto&quot;,&quot;jet_parallax_layout_animation_prop&quot;:&quot;transform&quot;,&quot;jet_parallax_layout_on&quot;:[&quot;desktop&quot;,&quot;tablet&quot;],&quot;jet_parallax_layout_bg_x_tablet&quot;:&quot;&quot;,&quot;jet_parallax_layout_bg_x_mobile&quot;:&quot;&quot;,&quot;jet_parallax_layout_bg_y_tablet&quot;:&quot;&quot;,&quot;jet_parallax_layout_bg_y_mobile&quot;:&quot;&quot;,&quot;jet_parallax_layout_bg_size_tablet&quot;:&quot;&quot;,&quot;jet_parallax_layout_bg_size_mobile&quot;:&quot;&quot;}]}\">\n\t\t\t\t\t\t<div class=\"elementor-container elementor-column-gap-default\">\n\t\t\t\t\t<div class=\"elementor-column elementor-col-16 elementor-top-column elementor-element elementor-element-e52fc14\" data-id=\"e52fc14\" data-element_type=\"column\">\n\t\t\t<div class=\"elementor-widget-wrap\">\n\t\t\t\t\t\t\t<\/div>\n\t\t<\/div>\n\t\t\t\t<div class=\"elementor-column elementor-col-66 elementor-top-column elementor-element elementor-element-e79e5e1\" data-id=\"e79e5e1\" data-element_type=\"column\">\n\t\t\t<div class=\"elementor-widget-wrap elementor-element-populated\">\n\t\t\t\t\t\t<div class=\"elementor-element elementor-element-33fc04cd elementor-widget elementor-widget-text-editor\" data-id=\"33fc04cd\" data-element_type=\"widget\" data-widget_type=\"text-editor.default\">\n\t\t\t\t<div class=\"elementor-widget-container\">\n\t\t\t\t\t\t\t\t\t<p><\/p>\n<p>Se d\u00e9placer \u00e0 pied dans les Cinque Terre est d\u00e9finitivement une exp\u00e9rience incontournable, dans le sens o\u00f9 pour appr\u00e9cier et comprendre notre territoire et notre histoire, la <a href=\"https:\/\/www.visitcinqueterre.eu\/2020\/06\/12\/trekking-cinque-terre-consigli-pratici\/?lang=fr\" target=\"_blank\" rel=\"noopener\">randonn\u00e9e<\/a> est d\u00e9finitivement une pi\u00e8ce fondamentale du puzzle.<\/p>\n<p><\/p>\n<p>Vous pouvez donc rejoindre <a href=\"https:\/\/www.visitcinqueterre.eu\/2020\/06\/06\/riomaggiore\/?lang=fr\" target=\"_blank\" rel=\"noopener\">Riomaggiore<\/a> et <a href=\"https:\/\/www.visitcinqueterre.eu\/2020\/06\/10\/manarola-storia-e-monumenti\/?lang=fr\" target=\"_blank\" rel=\"noopener\">Manarola<\/a> \u00e0 pied, \u00e0 condition d&rsquo;avoir les bonnes chaussures et de choisir le chemin qui vous convient le mieux. Voici quelques options:<\/p>\n<p><\/p>\n<ul class=\"wp-block-list\">\n<li>Porto Venere &#8211; Riomaggiore, chemin 598 jusqu&rsquo;\u00e0 Telegrafo, puis 593 (SVA), environ 4h30 de marche, d\u00e9nivel\u00e9 466m<\/li>\n<li>Manarola &#8211; Riomaggiore, sentier 531 (<a href=\"https:\/\/www.visitcinqueterre.eu\/2020\/06\/12\/via-beccara\/?lang=fr\" target=\"_blank\" rel=\"noopener\">via Beccara<\/a>), environ 1 heure de marche, d\u00e9nivel\u00e9 202m<\/li>\n<li>Corniglia &#8211; Manarola, chemin 506 et 586 via <a href=\"https:\/\/www.visitcinqueterre.eu\/2020\/06\/10\/volastra\/?lang=fr\" target=\"_blank\" rel=\"noopener\">Volastra<\/a> et Case Pianca, environ 2 heures, d\u00e9nivel\u00e9 330m<\/li>\n<\/ul>\n<p><\/p>\n<p>Cela dit, compte tenu des distances entre un village et un autre et de la fr\u00e9quence des trains et, en journ\u00e9e, des bateaux aussi, notre conseil est de dormir ici et de choisir chaque jour un ou plusieurs chemins \u00e0 parcourir pour revenir en fin de journ\u00e9e en seulement quelques minutes. Vous \u00e9viteriez donc de refaire le sac \u00e0 dos tous les jours, vous pourriez vivre une exp\u00e9rience plus agr\u00e9able et sans doute randonneur plus l\u00e9gers&#8230;<\/p>\n<p><\/p>\n\t\t\t\t\t\t\t\t<\/div>\n\t\t\t\t<\/div>\n\t\t\t\t\t<\/div>\n\t\t<\/div>\n\t\t\t\t<div class=\"elementor-column elementor-col-16 elementor-top-column elementor-element elementor-element-7063bee\" data-id=\"7063bee\" data-element_type=\"column\">\n\t\t\t<div class=\"elementor-widget-wrap\">\n\t\t\t\t\t\t\t<\/div>\n\t\t<\/div>\n\t\t\t\t\t<\/div>\n\t\t<\/section>\n\t\t\t\t<\/div>\n\t\t","protected":false},"excerpt":{"rendered":"<p>Se d\u00e9placer \u00e0 pied dans les Cinque Terre est d\u00e9finitivement une exp\u00e9rience incontournable, dans le sens o\u00f9 pour appr\u00e9cier et comprendre notre territoire et notre histoire, la randonn\u00e9e est d\u00e9finitivement une pi\u00e8ce fondamentale du puzzle. Vous pouvez donc rejoindre Riomaggiore et Manarola \u00e0 pied, \u00e0 condition d&rsquo;avoir les bonnes chaussures et de choisir le chemin [&hellip;]<\/p>\n","protected":false},"author":2,"featured_media":0,"parent":2390,"menu_order":0,"comment_status":"closed","ping_status":"closed","template":"","meta":{"_acf_changed":false,"footnotes":""},"class_list":["post-1815","page","type-page","status-publish","hentry"],"acf":[],"yoast_head":"<!-- This site is optimized with the Yoast SEO plugin v26.6 - https:\/\/yoast.com\/wordpress\/plugins\/seo\/ -->\n<title>Arriver \u00e0 pied \u00e0 Riomaggiore et Manarola en faisant de la randonn\u00e9e<\/title>\n<meta name=\"description\" content=\"Arriver \u00e0 pied \u00e0 Riomaggiore et Manarola est possible et la randonn\u00e9e dans les Cinque Terre est id\u00e9ale pour appr\u00e9cier notre territoire et notre histoire.\" \/>\n<meta name=\"robots\" content=\"index, follow, max-snippet:-1, max-image-preview:large, max-video-preview:-1\" \/>\n<link rel=\"canonical\" href=\"https:\/\/www.visitcinqueterre.eu\/fr\/arriver\/arriver-a-pied\/\" \/>\n<meta property=\"og:locale\" content=\"fr_FR\" \/>\n<meta property=\"og:type\" content=\"article\" \/>\n<meta property=\"og:title\" content=\"Arriver \u00e0 pied \u00e0 Riomaggiore et Manarola en faisant de la randonn\u00e9e\" \/>\n<meta property=\"og:description\" content=\"Arriver \u00e0 pied \u00e0 Riomaggiore et Manarola est possible et la randonn\u00e9e dans les Cinque Terre est id\u00e9ale pour appr\u00e9cier notre territoire et notre histoire.\" \/>\n<meta property=\"og:url\" content=\"https:\/\/www.visitcinqueterre.eu\/fr\/arriver\/arriver-a-pied\/\" \/>\n<meta property=\"og:site_name\" content=\"Visit Cinque Terre\" \/>\n<meta property=\"article:modified_time\" content=\"2020-06-21T17:43:21+00:00\" \/>\n<meta property=\"og:image\" content=\"https:\/\/www.visitcinqueterre.eu\/wp-content\/uploads\/2020\/06\/walking-1694137__480.jpg\" \/>\n<meta name=\"twitter:card\" content=\"summary_large_image\" \/>\n<meta name=\"twitter:title\" content=\"Arriver \u00e0 pied \u00e0 Riomaggiore et Manarola en faisant de la randonn\u00e9e\" \/>\n<meta name=\"twitter:description\" content=\"Arriver \u00e0 pied \u00e0 Riomaggiore et Manarola est possible et la randonn\u00e9e dans les Cinque Terre est id\u00e9ale pour appr\u00e9cier notre territoire et notre histoire.\" \/>\n<meta name=\"twitter:image\" content=\"https:\/\/www.visitcinqueterre.eu\/wp-content\/uploads\/2020\/06\/walking-1694137__480.jpg\" \/>\n<meta name=\"twitter:label1\" content=\"Dur\u00e9e de lecture estim\u00e9e\" \/>\n\t<meta name=\"twitter:data1\" content=\"1 minute\" \/>\n<script type=\"application\/ld+json\" class=\"yoast-schema-graph\">{\"@context\":\"https:\/\/schema.org\",\"@graph\":[{\"@type\":\"WebPage\",\"@id\":\"https:\/\/www.visitcinqueterre.eu\/fr\/arriver\/arriver-a-pied\/\",\"url\":\"https:\/\/www.visitcinqueterre.eu\/fr\/arriver\/arriver-a-pied\/\",\"name\":\"Arriver \u00e0 pied \u00e0 Riomaggiore et Manarola en faisant de la randonn\u00e9e\",\"isPartOf\":{\"@id\":\"https:\/\/www.visitcinqueterre.eu\/fr\/#website\"},\"datePublished\":\"2020-06-12T09:49:48+00:00\",\"dateModified\":\"2020-06-21T17:43:21+00:00\",\"description\":\"Arriver \u00e0 pied \u00e0 Riomaggiore et Manarola est possible et la randonn\u00e9e dans les Cinque Terre est id\u00e9ale pour appr\u00e9cier notre territoire et notre histoire.\",\"breadcrumb\":{\"@id\":\"https:\/\/www.visitcinqueterre.eu\/fr\/arriver\/arriver-a-pied\/#breadcrumb\"},\"inLanguage\":\"fr-FR\",\"potentialAction\":[{\"@type\":\"ReadAction\",\"target\":[\"https:\/\/www.visitcinqueterre.eu\/fr\/arriver\/arriver-a-pied\/\"]}]},{\"@type\":\"BreadcrumbList\",\"@id\":\"https:\/\/www.visitcinqueterre.eu\/fr\/arriver\/arriver-a-pied\/#breadcrumb\",\"itemListElement\":[{\"@type\":\"ListItem\",\"position\":1,\"name\":\"Home\",\"item\":\"https:\/\/www.visitcinqueterre.eu\/fr\/\"},{\"@type\":\"ListItem\",\"position\":2,\"name\":\"Arriver\",\"item\":\"https:\/\/www.visitcinqueterre.eu\/fr\/arriver\/\"},{\"@type\":\"ListItem\",\"position\":3,\"name\":\"Arriver \u00e0 pied\"}]},{\"@type\":\"WebSite\",\"@id\":\"https:\/\/www.visitcinqueterre.eu\/fr\/#website\",\"url\":\"https:\/\/www.visitcinqueterre.eu\/fr\/\",\"name\":\"Visit Cinque Terre\",\"description\":\"Portale turistico delle Cinque Terre\",\"potentialAction\":[{\"@type\":\"SearchAction\",\"target\":{\"@type\":\"EntryPoint\",\"urlTemplate\":\"https:\/\/www.visitcinqueterre.eu\/fr\/?s={search_term_string}\"},\"query-input\":{\"@type\":\"PropertyValueSpecification\",\"valueRequired\":true,\"valueName\":\"search_term_string\"}}],\"inLanguage\":\"fr-FR\"}]}<\/script>\n<!-- \/ Yoast SEO plugin. -->","yoast_head_json":{"title":"Arriver \u00e0 pied \u00e0 Riomaggiore et Manarola en faisant de la randonn\u00e9e","description":"Arriver \u00e0 pied \u00e0 Riomaggiore et Manarola est possible et la randonn\u00e9e dans les Cinque Terre est id\u00e9ale pour appr\u00e9cier notre territoire et notre histoire.","robots":{"index":"index","follow":"follow","max-snippet":"max-snippet:-1","max-image-preview":"max-image-preview:large","max-video-preview":"max-video-preview:-1"},"canonical":"https:\/\/www.visitcinqueterre.eu\/fr\/arriver\/arriver-a-pied\/","og_locale":"fr_FR","og_type":"article","og_title":"Arriver \u00e0 pied \u00e0 Riomaggiore et Manarola en faisant de la randonn\u00e9e","og_description":"Arriver \u00e0 pied \u00e0 Riomaggiore et Manarola est possible et la randonn\u00e9e dans les Cinque Terre est id\u00e9ale pour appr\u00e9cier notre territoire et notre histoire.","og_url":"https:\/\/www.visitcinqueterre.eu\/fr\/arriver\/arriver-a-pied\/","og_site_name":"Visit Cinque Terre","article_modified_time":"2020-06-21T17:43:21+00:00","og_image":[{"url":"https:\/\/www.visitcinqueterre.eu\/wp-content\/uploads\/2020\/06\/walking-1694137__480.jpg","type":"","width":"","height":""}],"twitter_card":"summary_large_image","twitter_title":"Arriver \u00e0 pied \u00e0 Riomaggiore et Manarola en faisant de la randonn\u00e9e","twitter_description":"Arriver \u00e0 pied \u00e0 Riomaggiore et Manarola est possible et la randonn\u00e9e dans les Cinque Terre est id\u00e9ale pour appr\u00e9cier notre territoire et notre histoire.","twitter_image":"https:\/\/www.visitcinqueterre.eu\/wp-content\/uploads\/2020\/06\/walking-1694137__480.jpg","twitter_misc":{"Dur\u00e9e de lecture estim\u00e9e":"1 minute"},"schema":{"@context":"https:\/\/schema.org","@graph":[{"@type":"WebPage","@id":"https:\/\/www.visitcinqueterre.eu\/fr\/arriver\/arriver-a-pied\/","url":"https:\/\/www.visitcinqueterre.eu\/fr\/arriver\/arriver-a-pied\/","name":"Arriver \u00e0 pied \u00e0 Riomaggiore et Manarola en faisant de la randonn\u00e9e","isPartOf":{"@id":"https:\/\/www.visitcinqueterre.eu\/fr\/#website"},"datePublished":"2020-06-12T09:49:48+00:00","dateModified":"2020-06-21T17:43:21+00:00","description":"Arriver \u00e0 pied \u00e0 Riomaggiore et Manarola est possible et la randonn\u00e9e dans les Cinque Terre est id\u00e9ale pour appr\u00e9cier notre territoire et notre histoire.","breadcrumb":{"@id":"https:\/\/www.visitcinqueterre.eu\/fr\/arriver\/arriver-a-pied\/#breadcrumb"},"inLanguage":"fr-FR","potentialAction":[{"@type":"ReadAction","target":["https:\/\/www.visitcinqueterre.eu\/fr\/arriver\/arriver-a-pied\/"]}]},{"@type":"BreadcrumbList","@id":"https:\/\/www.visitcinqueterre.eu\/fr\/arriver\/arriver-a-pied\/#breadcrumb","itemListElement":[{"@type":"ListItem","position":1,"name":"Home","item":"https:\/\/www.visitcinqueterre.eu\/fr\/"},{"@type":"ListItem","position":2,"name":"Arriver","item":"https:\/\/www.visitcinqueterre.eu\/fr\/arriver\/"},{"@type":"ListItem","position":3,"name":"Arriver \u00e0 pied"}]},{"@type":"WebSite","@id":"https:\/\/www.visitcinqueterre.eu\/fr\/#website","url":"https:\/\/www.visitcinqueterre.eu\/fr\/","name":"Visit Cinque Terre","description":"Portale turistico delle Cinque Terre","potentialAction":[{"@type":"SearchAction","target":{"@type":"EntryPoint","urlTemplate":"https:\/\/www.visitcinqueterre.eu\/fr\/?s={search_term_string}"},"query-input":{"@type":"PropertyValueSpecification","valueRequired":true,"valueName":"search_term_string"}}],"inLanguage":"fr-FR"}]}},"_links":{"self":[{"href":"https:\/\/www.visitcinqueterre.eu\/fr\/wp-json\/wp\/v2\/pages\/1815","targetHints":{"allow":["GET"]}}],"collection":[{"href":"https:\/\/www.visitcinqueterre.eu\/fr\/wp-json\/wp\/v2\/pages"}],"about":[{"href":"https:\/\/www.visitcinqueterre.eu\/fr\/wp-json\/wp\/v2\/types\/page"}],"author":[{"embeddable":true,"href":"https:\/\/www.visitcinqueterre.eu\/fr\/wp-json\/wp\/v2\/users\/2"}],"replies":[{"embeddable":true,"href":"https:\/\/www.visitcinqueterre.eu\/fr\/wp-json\/wp\/v2\/comments?post=1815"}],"version-history":[{"count":10,"href":"https:\/\/www.visitcinqueterre.eu\/fr\/wp-json\/wp\/v2\/pages\/1815\/revisions"}],"predecessor-version":[{"id":3496,"href":"https:\/\/www.visitcinqueterre.eu\/fr\/wp-json\/wp\/v2\/pages\/1815\/revisions\/3496"}],"up":[{"embeddable":true,"href":"https:\/\/www.visitcinqueterre.eu\/fr\/wp-json\/wp\/v2\/pages\/2390"}],"wp:attachment":[{"href":"https:\/\/www.visitcinqueterre.eu\/fr\/wp-json\/wp\/v2\/media?parent=1815"}],"curies":[{"name":"wp","href":"https:\/\/api.w.org\/{rel}","templated":true}]}}