{"id":1850,"date":"2020-06-12T17:26:55","date_gmt":"2020-06-12T15:26:55","guid":{"rendered":"https:\/\/www.visitcinqueterre.eu\/?page_id=1850"},"modified":"2020-06-12T17:27:18","modified_gmt":"2020-06-12T15:27:18","slug":"service-de-taxi","status":"publish","type":"page","link":"https:\/\/www.visitcinqueterre.eu\/fr\/informations-utiles\/service-de-taxi\/","title":{"rendered":"Service de taxi"},"content":{"rendered":"\n<p>\u00c0 Riomaggiore et Manarola nous avons&nbsp;<strong><a href=\"http:\/\/www.5terretransfer.com\" target=\"_blank\" rel=\"noreferrer noopener\">5 Terre Transfer<\/a><\/strong>, un service de taxi et location de minivan avec chauffeur.<\/p>\n\n\n<p>Ils ont un taxi de sept places avec lequel ils ont un acc\u00e8s libre au centre historique et \u00e0 la zone pi\u00e9tonne de Riomaggiore et Manarola. Ils ont \u00e9galement trois minivan avec chauffeur, tous des Mercedes \u00e0 neuf places.<\/p>\n\n\n<p>Ils sont disponibles \u00e0 la fois pour des transferts entre les cinq villages ou bien vers d&rsquo;autres villes (Pise, Florence, Milan, etc.) et effectuent \u00e9galement des visites quotidiennes le long de la Riviera et dans les environs.<\/p>\n\n\n<p>Ils sont toujours disponibles et vous pouvez les joindre \u00e0 ces num\u00e9ros :<\/p>\n\n\n<ul class=\"wp-block-list\"><li>Marzio +39 340 3565268<\/li><li>Luciana +39 339 1301183&nbsp;<\/li><\/ul>\n","protected":false},"excerpt":{"rendered":"<p>\u00c0 Riomaggiore et Manarola nous avons&nbsp;5 Terre Transfer, un service de taxi et location de minivan avec chauffeur. Ils ont un taxi de sept places avec lequel ils ont un acc\u00e8s libre au centre historique et \u00e0 la zone pi\u00e9tonne de Riomaggiore et Manarola. Ils ont \u00e9galement trois minivan avec chauffeur, tous des Mercedes \u00e0 [&hellip;]<\/p>\n","protected":false},"author":2,"featured_media":0,"parent":2682,"menu_order":0,"comment_status":"closed","ping_status":"closed","template":"","meta":{"_acf_changed":false,"footnotes":""},"class_list":["post-1850","page","type-page","status-publish","hentry"],"acf":[],"yoast_head":"<!-- This site is optimized with the Yoast SEO plugin v26.6 - https:\/\/yoast.com\/wordpress\/plugins\/seo\/ -->\n<title>Service de taxi - Visit Cinque Terre<\/title>\n<meta name=\"robots\" content=\"index, follow, max-snippet:-1, max-image-preview:large, max-video-preview:-1\" \/>\n<link rel=\"canonical\" href=\"https:\/\/www.visitcinqueterre.eu\/fr\/informations-utiles\/service-de-taxi\/\" \/>\n<meta property=\"og:locale\" content=\"fr_FR\" \/>\n<meta property=\"og:type\" content=\"article\" \/>\n<meta property=\"og:title\" content=\"Service de taxi - Visit Cinque Terre\" \/>\n<meta property=\"og:description\" content=\"\u00c0 Riomaggiore et Manarola nous avons&nbsp;5 Terre Transfer, un service de taxi et location de minivan avec chauffeur. Ils ont un taxi de sept places avec lequel ils ont un acc\u00e8s libre au centre historique et \u00e0 la zone pi\u00e9tonne de Riomaggiore et Manarola. Ils ont \u00e9galement trois minivan avec chauffeur, tous des Mercedes \u00e0 [&hellip;]\" \/>\n<meta property=\"og:url\" content=\"https:\/\/www.visitcinqueterre.eu\/fr\/informations-utiles\/service-de-taxi\/\" \/>\n<meta property=\"og:site_name\" content=\"Visit Cinque Terre\" \/>\n<meta property=\"article:modified_time\" content=\"2020-06-12T15:27:18+00:00\" \/>\n<meta name=\"twitter:card\" content=\"summary_large_image\" \/>\n<meta name=\"twitter:label1\" content=\"Dur\u00e9e de lecture estim\u00e9e\" \/>\n\t<meta name=\"twitter:data1\" content=\"1 minute\" \/>\n<script type=\"application\/ld+json\" class=\"yoast-schema-graph\">{\"@context\":\"https:\/\/schema.org\",\"@graph\":[{\"@type\":\"WebPage\",\"@id\":\"https:\/\/www.visitcinqueterre.eu\/fr\/informations-utiles\/service-de-taxi\/\",\"url\":\"https:\/\/www.visitcinqueterre.eu\/fr\/informations-utiles\/service-de-taxi\/\",\"name\":\"Service de taxi - Visit Cinque Terre\",\"isPartOf\":{\"@id\":\"https:\/\/www.visitcinqueterre.eu\/fr\/#website\"},\"datePublished\":\"2020-06-12T15:26:55+00:00\",\"dateModified\":\"2020-06-12T15:27:18+00:00\",\"breadcrumb\":{\"@id\":\"https:\/\/www.visitcinqueterre.eu\/fr\/informations-utiles\/service-de-taxi\/#breadcrumb\"},\"inLanguage\":\"fr-FR\",\"potentialAction\":[{\"@type\":\"ReadAction\",\"target\":[\"https:\/\/www.visitcinqueterre.eu\/fr\/informations-utiles\/service-de-taxi\/\"]}]},{\"@type\":\"BreadcrumbList\",\"@id\":\"https:\/\/www.visitcinqueterre.eu\/fr\/informations-utiles\/service-de-taxi\/#breadcrumb\",\"itemListElement\":[{\"@type\":\"ListItem\",\"position\":1,\"name\":\"Home\",\"item\":\"https:\/\/www.visitcinqueterre.eu\/fr\/\"},{\"@type\":\"ListItem\",\"position\":2,\"name\":\"Informations utiles\",\"item\":\"https:\/\/www.visitcinqueterre.eu\/fr\/informations-utiles\/\"},{\"@type\":\"ListItem\",\"position\":3,\"name\":\"Service de taxi\"}]},{\"@type\":\"WebSite\",\"@id\":\"https:\/\/www.visitcinqueterre.eu\/fr\/#website\",\"url\":\"https:\/\/www.visitcinqueterre.eu\/fr\/\",\"name\":\"Visit Cinque Terre\",\"description\":\"Portale turistico delle Cinque Terre\",\"potentialAction\":[{\"@type\":\"SearchAction\",\"target\":{\"@type\":\"EntryPoint\",\"urlTemplate\":\"https:\/\/www.visitcinqueterre.eu\/fr\/?s={search_term_string}\"},\"query-input\":{\"@type\":\"PropertyValueSpecification\",\"valueRequired\":true,\"valueName\":\"search_term_string\"}}],\"inLanguage\":\"fr-FR\"}]}<\/script>\n<!-- \/ Yoast SEO plugin. -->","yoast_head_json":{"title":"Service de taxi - Visit Cinque Terre","robots":{"index":"index","follow":"follow","max-snippet":"max-snippet:-1","max-image-preview":"max-image-preview:large","max-video-preview":"max-video-preview:-1"},"canonical":"https:\/\/www.visitcinqueterre.eu\/fr\/informations-utiles\/service-de-taxi\/","og_locale":"fr_FR","og_type":"article","og_title":"Service de taxi - Visit Cinque Terre","og_description":"\u00c0 Riomaggiore et Manarola nous avons&nbsp;5 Terre Transfer, un service de taxi et location de minivan avec chauffeur. Ils ont un taxi de sept places avec lequel ils ont un acc\u00e8s libre au centre historique et \u00e0 la zone pi\u00e9tonne de Riomaggiore et Manarola. Ils ont \u00e9galement trois minivan avec chauffeur, tous des Mercedes \u00e0 [&hellip;]","og_url":"https:\/\/www.visitcinqueterre.eu\/fr\/informations-utiles\/service-de-taxi\/","og_site_name":"Visit Cinque Terre","article_modified_time":"2020-06-12T15:27:18+00:00","twitter_card":"summary_large_image","twitter_misc":{"Dur\u00e9e de lecture estim\u00e9e":"1 minute"},"schema":{"@context":"https:\/\/schema.org","@graph":[{"@type":"WebPage","@id":"https:\/\/www.visitcinqueterre.eu\/fr\/informations-utiles\/service-de-taxi\/","url":"https:\/\/www.visitcinqueterre.eu\/fr\/informations-utiles\/service-de-taxi\/","name":"Service de taxi - Visit Cinque Terre","isPartOf":{"@id":"https:\/\/www.visitcinqueterre.eu\/fr\/#website"},"datePublished":"2020-06-12T15:26:55+00:00","dateModified":"2020-06-12T15:27:18+00:00","breadcrumb":{"@id":"https:\/\/www.visitcinqueterre.eu\/fr\/informations-utiles\/service-de-taxi\/#breadcrumb"},"inLanguage":"fr-FR","potentialAction":[{"@type":"ReadAction","target":["https:\/\/www.visitcinqueterre.eu\/fr\/informations-utiles\/service-de-taxi\/"]}]},{"@type":"BreadcrumbList","@id":"https:\/\/www.visitcinqueterre.eu\/fr\/informations-utiles\/service-de-taxi\/#breadcrumb","itemListElement":[{"@type":"ListItem","position":1,"name":"Home","item":"https:\/\/www.visitcinqueterre.eu\/fr\/"},{"@type":"ListItem","position":2,"name":"Informations utiles","item":"https:\/\/www.visitcinqueterre.eu\/fr\/informations-utiles\/"},{"@type":"ListItem","position":3,"name":"Service de taxi"}]},{"@type":"WebSite","@id":"https:\/\/www.visitcinqueterre.eu\/fr\/#website","url":"https:\/\/www.visitcinqueterre.eu\/fr\/","name":"Visit Cinque Terre","description":"Portale turistico delle Cinque Terre","potentialAction":[{"@type":"SearchAction","target":{"@type":"EntryPoint","urlTemplate":"https:\/\/www.visitcinqueterre.eu\/fr\/?s={search_term_string}"},"query-input":{"@type":"PropertyValueSpecification","valueRequired":true,"valueName":"search_term_string"}}],"inLanguage":"fr-FR"}]}},"_links":{"self":[{"href":"https:\/\/www.visitcinqueterre.eu\/fr\/wp-json\/wp\/v2\/pages\/1850","targetHints":{"allow":["GET"]}}],"collection":[{"href":"https:\/\/www.visitcinqueterre.eu\/fr\/wp-json\/wp\/v2\/pages"}],"about":[{"href":"https:\/\/www.visitcinqueterre.eu\/fr\/wp-json\/wp\/v2\/types\/page"}],"author":[{"embeddable":true,"href":"https:\/\/www.visitcinqueterre.eu\/fr\/wp-json\/wp\/v2\/users\/2"}],"replies":[{"embeddable":true,"href":"https:\/\/www.visitcinqueterre.eu\/fr\/wp-json\/wp\/v2\/comments?post=1850"}],"version-history":[{"count":5,"href":"https:\/\/www.visitcinqueterre.eu\/fr\/wp-json\/wp\/v2\/pages\/1850\/revisions"}],"predecessor-version":[{"id":2674,"href":"https:\/\/www.visitcinqueterre.eu\/fr\/wp-json\/wp\/v2\/pages\/1850\/revisions\/2674"}],"up":[{"embeddable":true,"href":"https:\/\/www.visitcinqueterre.eu\/fr\/wp-json\/wp\/v2\/pages\/2682"}],"wp:attachment":[{"href":"https:\/\/www.visitcinqueterre.eu\/fr\/wp-json\/wp\/v2\/media?parent=1850"}],"curies":[{"name":"wp","href":"https:\/\/api.w.org\/{rel}","templated":true}]}}