{"id":1860,"date":"2020-06-12T17:24:28","date_gmt":"2020-06-12T15:24:28","guid":{"rendered":"https:\/\/www.visitcinqueterre.eu\/?page_id=1860"},"modified":"2020-06-21T20:27:18","modified_gmt":"2020-06-21T18:27:18","slug":"service-bagages","status":"publish","type":"page","link":"https:\/\/www.visitcinqueterre.eu\/fr\/informations-utiles\/service-bagages\/","title":{"rendered":"Service bagages"},"content":{"rendered":"\t\t<div data-elementor-type=\"wp-page\" data-elementor-id=\"1860\" class=\"elementor elementor-1860 elementor-1857\" data-elementor-post-type=\"page\">\n\t\t\t\t\t\t<section class=\"elementor-section elementor-top-section elementor-element elementor-element-8223743 elementor-section-boxed elementor-section-height-default elementor-section-height-default\" data-id=\"8223743\" data-element_type=\"section\" data-e-type=\"section\" data-settings=\"{&quot;jet_parallax_layout_list&quot;:[{&quot;jet_parallax_layout_image&quot;:{&quot;url&quot;:&quot;&quot;,&quot;id&quot;:&quot;&quot;,&quot;size&quot;:&quot;&quot;},&quot;_id&quot;:&quot;336d4b6&quot;,&quot;jet_parallax_layout_image_tablet&quot;:{&quot;url&quot;:&quot;&quot;,&quot;id&quot;:&quot;&quot;,&quot;size&quot;:&quot;&quot;},&quot;jet_parallax_layout_image_mobile&quot;:{&quot;url&quot;:&quot;&quot;,&quot;id&quot;:&quot;&quot;,&quot;size&quot;:&quot;&quot;},&quot;jet_parallax_layout_speed&quot;:{&quot;unit&quot;:&quot;%&quot;,&quot;size&quot;:50,&quot;sizes&quot;:[]},&quot;jet_parallax_layout_type&quot;:&quot;scroll&quot;,&quot;jet_parallax_layout_direction&quot;:&quot;1&quot;,&quot;jet_parallax_layout_fx_direction&quot;:null,&quot;jet_parallax_layout_z_index&quot;:&quot;&quot;,&quot;jet_parallax_layout_bg_x&quot;:50,&quot;jet_parallax_layout_bg_y&quot;:50,&quot;jet_parallax_layout_bg_size&quot;:&quot;auto&quot;,&quot;jet_parallax_layout_animation_prop&quot;:&quot;transform&quot;,&quot;jet_parallax_layout_on&quot;:[&quot;desktop&quot;,&quot;tablet&quot;],&quot;jet_parallax_layout_bg_x_tablet&quot;:&quot;&quot;,&quot;jet_parallax_layout_bg_x_mobile&quot;:&quot;&quot;,&quot;jet_parallax_layout_bg_y_tablet&quot;:&quot;&quot;,&quot;jet_parallax_layout_bg_y_mobile&quot;:&quot;&quot;,&quot;jet_parallax_layout_bg_size_tablet&quot;:&quot;&quot;,&quot;jet_parallax_layout_bg_size_mobile&quot;:&quot;&quot;}]}\">\n\t\t\t\t\t\t<div class=\"elementor-container elementor-column-gap-default\">\n\t\t\t\t\t<div class=\"elementor-column elementor-col-16 elementor-top-column elementor-element elementor-element-c033dce\" data-id=\"c033dce\" data-element_type=\"column\" data-e-type=\"column\">\n\t\t\t<div class=\"elementor-widget-wrap\">\n\t\t\t\t\t\t\t<\/div>\n\t\t<\/div>\n\t\t\t\t<div class=\"elementor-column elementor-col-66 elementor-top-column elementor-element elementor-element-4585b16\" data-id=\"4585b16\" data-element_type=\"column\" data-e-type=\"column\">\n\t\t\t<div class=\"elementor-widget-wrap elementor-element-populated\">\n\t\t\t\t\t\t<div class=\"elementor-element elementor-element-46853470 elementor-widget elementor-widget-text-editor\" data-id=\"46853470\" data-element_type=\"widget\" data-e-type=\"widget\" data-widget_type=\"text-editor.default\">\n\t\t\t\t<div class=\"elementor-widget-container\">\n\t\t\t\t\t\t\t\t\t\n<p>\u00c0 <a href=\"https:\/\/www.visitcinqueterre.eu\/2020\/06\/06\/riomaggiore\/\" target=\"_blank\" rel=\"noreferrer noopener\">Riomaggiore<\/a>\u00a0nous avons un service de livraison, collecte et transport des bagages g\u00e9r\u00e9 par <a href=\"mailto:roberto_pecunia@libero.it\" target=\"_blank\" rel=\"noreferrer noopener\">Roberto Pecunia<\/a>, ouvert 24h\/24. Pour les tarifs et r\u00e9servations, vous pouvez le contacter au +39 329 8966219.<\/p>\n<p>\u00c0 <a href=\"https:\/\/www.visitcinqueterre.eu\/2020\/06\/10\/manarola-storia-e-monumenti\/\">Manarola<\/a>, le service est offert au magasin <a href=\"mailto:info@arbaspaa.com\"><strong>Explora<\/strong><\/a>, situ\u00e9 dans le centre, \u00e0 c\u00f4t\u00e9 du bureau de poste. Pour plus d&rsquo;informations et pour les tarifs, veuillez les contacter au +39 0187 920785.<\/p>\n\t\t\t\t\t\t\t\t<\/div>\n\t\t\t\t<\/div>\n\t\t\t\t\t<\/div>\n\t\t<\/div>\n\t\t\t\t<div class=\"elementor-column elementor-col-16 elementor-top-column elementor-element elementor-element-a649ac4\" data-id=\"a649ac4\" data-element_type=\"column\" data-e-type=\"column\">\n\t\t\t<div class=\"elementor-widget-wrap\">\n\t\t\t\t\t\t\t<\/div>\n\t\t<\/div>\n\t\t\t\t\t<\/div>\n\t\t<\/section>\n\t\t\t\t<\/div>\n\t\t","protected":false},"excerpt":{"rendered":"<p>\u00c0 Riomaggiore\u00a0nous avons un service de livraison, collecte et transport des bagages g\u00e9r\u00e9 par Roberto Pecunia, ouvert 24h\/24. Pour les tarifs et r\u00e9servations, vous pouvez le contacter au +39 329 8966219. \u00c0 Manarola, le service est offert au magasin Explora, situ\u00e9 dans le centre, \u00e0 c\u00f4t\u00e9 du bureau de poste. Pour plus d&rsquo;informations et pour [&hellip;]<\/p>\n","protected":false},"author":2,"featured_media":0,"parent":2682,"menu_order":0,"comment_status":"closed","ping_status":"closed","template":"","meta":{"_acf_changed":false,"footnotes":""},"class_list":["post-1860","page","type-page","status-publish","hentry"],"acf":[],"yoast_head":"<!-- This site is optimized with the Yoast SEO plugin v27.5 - https:\/\/yoast.com\/product\/yoast-seo-wordpress\/ -->\n<title>Service bagages - Visit Cinque Terre<\/title>\n<meta name=\"robots\" content=\"index, follow, max-snippet:-1, max-image-preview:large, max-video-preview:-1\" \/>\n<link rel=\"canonical\" href=\"https:\/\/www.visitcinqueterre.eu\/fr\/informations-utiles\/service-bagages\/\" \/>\n<meta property=\"og:locale\" content=\"fr_FR\" \/>\n<meta property=\"og:type\" content=\"article\" \/>\n<meta property=\"og:title\" content=\"Service bagages - Visit Cinque Terre\" \/>\n<meta property=\"og:description\" content=\"\u00c0 Riomaggiore\u00a0nous avons un service de livraison, collecte et transport des bagages g\u00e9r\u00e9 par Roberto Pecunia, ouvert 24h\/24. Pour les tarifs et r\u00e9servations, vous pouvez le contacter au +39 329 8966219. \u00c0 Manarola, le service est offert au magasin Explora, situ\u00e9 dans le centre, \u00e0 c\u00f4t\u00e9 du bureau de poste. Pour plus d&rsquo;informations et pour [&hellip;]\" \/>\n<meta property=\"og:url\" content=\"https:\/\/www.visitcinqueterre.eu\/fr\/informations-utiles\/service-bagages\/\" \/>\n<meta property=\"og:site_name\" content=\"Visit Cinque Terre\" \/>\n<meta property=\"article:modified_time\" content=\"2020-06-21T18:27:18+00:00\" \/>\n<meta property=\"og:image\" content=\"https:\/\/www.visitcinqueterre.eu\/wp-content\/uploads\/2020\/06\/servizio-bagagli.png\" \/>\n<meta name=\"twitter:card\" content=\"summary_large_image\" \/>\n<meta name=\"twitter:image\" content=\"https:\/\/www.visitcinqueterre.eu\/wp-content\/uploads\/2020\/06\/servizio-bagagli.png\" \/>\n<script type=\"application\/ld+json\" class=\"yoast-schema-graph\">{\"@context\":\"https:\\\/\\\/schema.org\",\"@graph\":[{\"@type\":\"WebPage\",\"@id\":\"https:\\\/\\\/www.visitcinqueterre.eu\\\/fr\\\/informations-utiles\\\/service-bagages\\\/\",\"url\":\"https:\\\/\\\/www.visitcinqueterre.eu\\\/fr\\\/informations-utiles\\\/service-bagages\\\/\",\"name\":\"Service bagages - Visit Cinque Terre\",\"isPartOf\":{\"@id\":\"https:\\\/\\\/www.visitcinqueterre.eu\\\/fr\\\/#website\"},\"datePublished\":\"2020-06-12T15:24:28+00:00\",\"dateModified\":\"2020-06-21T18:27:18+00:00\",\"breadcrumb\":{\"@id\":\"https:\\\/\\\/www.visitcinqueterre.eu\\\/fr\\\/informations-utiles\\\/service-bagages\\\/#breadcrumb\"},\"inLanguage\":\"fr-FR\",\"potentialAction\":[{\"@type\":\"ReadAction\",\"target\":[\"https:\\\/\\\/www.visitcinqueterre.eu\\\/fr\\\/informations-utiles\\\/service-bagages\\\/\"]}]},{\"@type\":\"BreadcrumbList\",\"@id\":\"https:\\\/\\\/www.visitcinqueterre.eu\\\/fr\\\/informations-utiles\\\/service-bagages\\\/#breadcrumb\",\"itemListElement\":[{\"@type\":\"ListItem\",\"position\":1,\"name\":\"Home\",\"item\":\"https:\\\/\\\/www.visitcinqueterre.eu\\\/fr\\\/\"},{\"@type\":\"ListItem\",\"position\":2,\"name\":\"Informations utiles\",\"item\":\"https:\\\/\\\/www.visitcinqueterre.eu\\\/fr\\\/informations-utiles\\\/\"},{\"@type\":\"ListItem\",\"position\":3,\"name\":\"Service bagages\"}]},{\"@type\":\"WebSite\",\"@id\":\"https:\\\/\\\/www.visitcinqueterre.eu\\\/fr\\\/#website\",\"url\":\"https:\\\/\\\/www.visitcinqueterre.eu\\\/fr\\\/\",\"name\":\"Visit Cinque Terre\",\"description\":\"Portale turistico delle Cinque Terre\",\"potentialAction\":[{\"@type\":\"SearchAction\",\"target\":{\"@type\":\"EntryPoint\",\"urlTemplate\":\"https:\\\/\\\/www.visitcinqueterre.eu\\\/fr\\\/?s={search_term_string}\"},\"query-input\":{\"@type\":\"PropertyValueSpecification\",\"valueRequired\":true,\"valueName\":\"search_term_string\"}}],\"inLanguage\":\"fr-FR\"}]}<\/script>\n<!-- \/ Yoast SEO plugin. -->","yoast_head_json":{"title":"Service bagages - Visit Cinque Terre","robots":{"index":"index","follow":"follow","max-snippet":"max-snippet:-1","max-image-preview":"max-image-preview:large","max-video-preview":"max-video-preview:-1"},"canonical":"https:\/\/www.visitcinqueterre.eu\/fr\/informations-utiles\/service-bagages\/","og_locale":"fr_FR","og_type":"article","og_title":"Service bagages - Visit Cinque Terre","og_description":"\u00c0 Riomaggiore\u00a0nous avons un service de livraison, collecte et transport des bagages g\u00e9r\u00e9 par Roberto Pecunia, ouvert 24h\/24. Pour les tarifs et r\u00e9servations, vous pouvez le contacter au +39 329 8966219. \u00c0 Manarola, le service est offert au magasin Explora, situ\u00e9 dans le centre, \u00e0 c\u00f4t\u00e9 du bureau de poste. Pour plus d&rsquo;informations et pour [&hellip;]","og_url":"https:\/\/www.visitcinqueterre.eu\/fr\/informations-utiles\/service-bagages\/","og_site_name":"Visit Cinque Terre","article_modified_time":"2020-06-21T18:27:18+00:00","og_image":[{"url":"https:\/\/www.visitcinqueterre.eu\/wp-content\/uploads\/2020\/06\/servizio-bagagli.png","type":"","width":"","height":""}],"twitter_card":"summary_large_image","twitter_image":"https:\/\/www.visitcinqueterre.eu\/wp-content\/uploads\/2020\/06\/servizio-bagagli.png","schema":{"@context":"https:\/\/schema.org","@graph":[{"@type":"WebPage","@id":"https:\/\/www.visitcinqueterre.eu\/fr\/informations-utiles\/service-bagages\/","url":"https:\/\/www.visitcinqueterre.eu\/fr\/informations-utiles\/service-bagages\/","name":"Service bagages - Visit Cinque Terre","isPartOf":{"@id":"https:\/\/www.visitcinqueterre.eu\/fr\/#website"},"datePublished":"2020-06-12T15:24:28+00:00","dateModified":"2020-06-21T18:27:18+00:00","breadcrumb":{"@id":"https:\/\/www.visitcinqueterre.eu\/fr\/informations-utiles\/service-bagages\/#breadcrumb"},"inLanguage":"fr-FR","potentialAction":[{"@type":"ReadAction","target":["https:\/\/www.visitcinqueterre.eu\/fr\/informations-utiles\/service-bagages\/"]}]},{"@type":"BreadcrumbList","@id":"https:\/\/www.visitcinqueterre.eu\/fr\/informations-utiles\/service-bagages\/#breadcrumb","itemListElement":[{"@type":"ListItem","position":1,"name":"Home","item":"https:\/\/www.visitcinqueterre.eu\/fr\/"},{"@type":"ListItem","position":2,"name":"Informations utiles","item":"https:\/\/www.visitcinqueterre.eu\/fr\/informations-utiles\/"},{"@type":"ListItem","position":3,"name":"Service bagages"}]},{"@type":"WebSite","@id":"https:\/\/www.visitcinqueterre.eu\/fr\/#website","url":"https:\/\/www.visitcinqueterre.eu\/fr\/","name":"Visit Cinque Terre","description":"Portale turistico delle Cinque Terre","potentialAction":[{"@type":"SearchAction","target":{"@type":"EntryPoint","urlTemplate":"https:\/\/www.visitcinqueterre.eu\/fr\/?s={search_term_string}"},"query-input":{"@type":"PropertyValueSpecification","valueRequired":true,"valueName":"search_term_string"}}],"inLanguage":"fr-FR"}]}},"_links":{"self":[{"href":"https:\/\/www.visitcinqueterre.eu\/fr\/wp-json\/wp\/v2\/pages\/1860","targetHints":{"allow":["GET"]}}],"collection":[{"href":"https:\/\/www.visitcinqueterre.eu\/fr\/wp-json\/wp\/v2\/pages"}],"about":[{"href":"https:\/\/www.visitcinqueterre.eu\/fr\/wp-json\/wp\/v2\/types\/page"}],"author":[{"embeddable":true,"href":"https:\/\/www.visitcinqueterre.eu\/fr\/wp-json\/wp\/v2\/users\/2"}],"replies":[{"embeddable":true,"href":"https:\/\/www.visitcinqueterre.eu\/fr\/wp-json\/wp\/v2\/comments?post=1860"}],"version-history":[{"count":6,"href":"https:\/\/www.visitcinqueterre.eu\/fr\/wp-json\/wp\/v2\/pages\/1860\/revisions"}],"predecessor-version":[{"id":3520,"href":"https:\/\/www.visitcinqueterre.eu\/fr\/wp-json\/wp\/v2\/pages\/1860\/revisions\/3520"}],"up":[{"embeddable":true,"href":"https:\/\/www.visitcinqueterre.eu\/fr\/wp-json\/wp\/v2\/pages\/2682"}],"wp:attachment":[{"href":"https:\/\/www.visitcinqueterre.eu\/fr\/wp-json\/wp\/v2\/media?parent=1860"}],"curies":[{"name":"wp","href":"https:\/\/api.w.org\/{rel}","templated":true}]}}