{"id":1871,"date":"2020-06-12T17:29:28","date_gmt":"2020-06-12T15:29:28","guid":{"rendered":"https:\/\/www.visitcinqueterre.eu\/?page_id=1871"},"modified":"2022-04-27T18:53:06","modified_gmt":"2022-04-27T16:53:06","slug":"offices-de-tourisme","status":"publish","type":"page","link":"https:\/\/www.visitcinqueterre.eu\/fr\/informations-utiles\/offices-de-tourisme\/","title":{"rendered":"Offices de Tourisme"},"content":{"rendered":"\n<p>Les Points Infos du Parc National des Cinque Terre sont des offices de tourisme o\u00f9 sont fournies des informations utiles sur les visites et les sentiers. Ici aussi, vous pouvez acheter la <a href=\"https:\/\/www.visitcinqueterre.eu\/fr\/?p=2717\">carte Cinque Terre<\/a> , des billets ATC pour le service de bus \/ navette et du mat\u00e9riel d&rsquo;information pour la randonn\u00e9e et les visites touristiques.<\/p>\n\n<p><\/p>\n\n<h2 class=\"wp-block-heading\">\u00c0 Manarola<\/h2>\n\n<p>\u00c0 <a href=\"https:\/\/www.visitcinqueterre.eu\/fr\/2020\/06\/10\/manarola-storia-e-monumenti\/\" target=\"_blank\" rel=\"noreferrer noopener\">Manarola<\/a> , il y a 2 bureaux : <\/p>\n\n<ul class=\"wp-block-list\"><li>\u00e0 la gare et est ouvert tous les jours de 8h \u00e0 20h. <br\/>Le num\u00e9ro de t\u00e9l\u00e9phone +39 0187 760511 et l&rsquo;adresse e-mail de r\u00e9f\u00e9rence <a href=\"mailto:accoglienzamanarola@parconazionale5terre.it\">ospenzamanarola@parconazinale5terre.it<\/a> .<\/li><li>au parking payant de Posella.<br\/><\/li><\/ul>\n\n<h2 class=\"wp-block-heading\">\u00c0 Riomaggiore<\/h2>\n\n<p>Il y a trois bureaux \u00e0 <a href=\"https:\/\/www.visitcinqueterre.eu\/fr\/2020\/06\/06\/riomaggiore\/\" target=\"_blank\" rel=\"noreferrer noopener\">Riomaggiore<\/a> :<\/p>\n\n<ul class=\"wp-block-list\"><li>\u00e0 la gare &#8211; Quai 1. <br\/>Le num\u00e9ro de t\u00e9l\u00e9phone +39 0187 920633\/760091 et l&rsquo;adresse e-mail de r\u00e9f\u00e9rence <a href=\"mailto:accoglienzariomaggiore@parconazionale5terre.it\">ospenzariomaggiore@parconaziionale5terre.it<\/a> .<\/li><li>au parking payant de Lavaccio. <br\/>Le num\u00e9ro de t\u00e9l\u00e9phone +39 0187 920440 et l&rsquo;adresse e-mail de r\u00e9f\u00e9rence <a href=\"mailto:accoglienzalavaccio@parconazionale5terre.it\">ospaccio@parconazinale5terre.it<\/a> .<\/li><li>\u00e0 la borne Internet de la Piazza Rio Final. <br\/>Le num\u00e9ro de t\u00e9l\u00e9phone +39 0187 760515 et l&rsquo;adresse e-mail de r\u00e9f\u00e9rence <a href=\"mailto:netpointriomaggiore@parconazionale5terre.it\">netpointriomaggiore@parconaziionale5terre.it<\/a> .<\/li><\/ul>\n\n<p>Les <a href=\"http:\/\/www.parconazionale5terre.it\/centri-visita.php\">Points sont situ\u00e9s dans tous les villages ainsi qu&rsquo;\u00e0 La Spezia et Levanto<\/a> et sont g\u00e9n\u00e9ralement ouverts du lundi au dimanche mais les horaires d&rsquo;ouverture changent selon la p\u00e9riode de l&rsquo;ann\u00e9e. Nous vous conseillons de les contacter avant votre arriv\u00e9e !<\/p>\n\n<p><\/p>\n\n<p><\/p>\n","protected":false},"excerpt":{"rendered":"<p>Les Points Infos du Parc National des Cinque Terre sont des offices de tourisme o\u00f9 sont fournies des informations utiles sur les visites et les sentiers. Ici aussi, vous pouvez acheter la carte Cinque Terre , des billets ATC pour le service de bus \/ navette et du mat\u00e9riel d&rsquo;information pour la randonn\u00e9e et les [&hellip;]<\/p>\n","protected":false},"author":2,"featured_media":0,"parent":2682,"menu_order":0,"comment_status":"closed","ping_status":"closed","template":"","meta":{"_acf_changed":false,"footnotes":""},"class_list":["post-1871","page","type-page","status-publish","hentry"],"acf":[],"yoast_head":"<!-- This site is optimized with the Yoast SEO plugin v26.6 - https:\/\/yoast.com\/wordpress\/plugins\/seo\/ -->\n<title>Point d&#039;information aux Cinque Terre : emplacement, contacts et horaires<\/title>\n<meta name=\"description\" content=\"Info Point Cinque Terre, sont les offices de tourisme o\u00f9 vous pouvez demander des informations et acheter la Cinque Terre Card.\" \/>\n<meta name=\"robots\" content=\"index, follow, max-snippet:-1, max-image-preview:large, max-video-preview:-1\" \/>\n<link rel=\"canonical\" href=\"https:\/\/www.visitcinqueterre.eu\/fr\/informations-utiles\/offices-de-tourisme\/\" \/>\n<meta property=\"og:locale\" content=\"fr_FR\" \/>\n<meta property=\"og:type\" content=\"article\" \/>\n<meta property=\"og:title\" content=\"Offices de tourisme des Cinque Terre : emplacements, contacts et horaires\" \/>\n<meta property=\"og:description\" content=\"Il y a les Centres d&#039;Accueil du Parc National des Cinque Terre, v\u00e9ritables points d&#039;information touristique o\u00f9 l&#039;on fournit des informations utiles et o\u00f9 l&#039;on vend la Cinque Terre Card.\" \/>\n<meta property=\"og:url\" content=\"https:\/\/www.visitcinqueterre.eu\/fr\/informations-utiles\/offices-de-tourisme\/\" \/>\n<meta property=\"og:site_name\" content=\"Visit Cinque Terre\" \/>\n<meta property=\"article:modified_time\" content=\"2022-04-27T16:53:06+00:00\" \/>\n<meta property=\"og:image\" content=\"https:\/\/www.visitcinqueterre.eu\/wp-content\/uploads\/2020\/06\/4672CCBE-9345-4B87-8F69-2DD295AD0DB4-scaled.jpeg\" \/>\n<meta name=\"twitter:card\" content=\"summary_large_image\" \/>\n<meta name=\"twitter:title\" content=\"Offices de tourisme des Cinque Terre : emplacements, contacts et horaires\" \/>\n<meta name=\"twitter:description\" content=\"Il y a les Centres d&#039;Accueil du Parc National des Cinque Terre, v\u00e9ritables points d&#039;information touristique o\u00f9 l&#039;on fournit des informations utiles et o\u00f9 l&#039;on vend la Cinque Terre Card.\" \/>\n<meta name=\"twitter:image\" content=\"https:\/\/www.visitcinqueterre.eu\/wp-content\/uploads\/2020\/06\/4672CCBE-9345-4B87-8F69-2DD295AD0DB4-scaled.jpeg\" \/>\n<meta name=\"twitter:label1\" content=\"Dur\u00e9e de lecture estim\u00e9e\" \/>\n\t<meta name=\"twitter:data1\" content=\"1 minute\" \/>\n<script type=\"application\/ld+json\" class=\"yoast-schema-graph\">{\"@context\":\"https:\/\/schema.org\",\"@graph\":[{\"@type\":\"WebPage\",\"@id\":\"https:\/\/www.visitcinqueterre.eu\/fr\/informations-utiles\/offices-de-tourisme\/\",\"url\":\"https:\/\/www.visitcinqueterre.eu\/fr\/informations-utiles\/offices-de-tourisme\/\",\"name\":\"Point d'information aux Cinque Terre : emplacement, contacts et horaires\",\"isPartOf\":{\"@id\":\"https:\/\/www.visitcinqueterre.eu\/fr\/#website\"},\"datePublished\":\"2020-06-12T15:29:28+00:00\",\"dateModified\":\"2022-04-27T16:53:06+00:00\",\"description\":\"Info Point Cinque Terre, sont les offices de tourisme o\u00f9 vous pouvez demander des informations et acheter la Cinque Terre Card.\",\"breadcrumb\":{\"@id\":\"https:\/\/www.visitcinqueterre.eu\/fr\/informations-utiles\/offices-de-tourisme\/#breadcrumb\"},\"inLanguage\":\"fr-FR\",\"potentialAction\":[{\"@type\":\"ReadAction\",\"target\":[\"https:\/\/www.visitcinqueterre.eu\/fr\/informations-utiles\/offices-de-tourisme\/\"]}]},{\"@type\":\"BreadcrumbList\",\"@id\":\"https:\/\/www.visitcinqueterre.eu\/fr\/informations-utiles\/offices-de-tourisme\/#breadcrumb\",\"itemListElement\":[{\"@type\":\"ListItem\",\"position\":1,\"name\":\"Home\",\"item\":\"https:\/\/www.visitcinqueterre.eu\/fr\/\"},{\"@type\":\"ListItem\",\"position\":2,\"name\":\"Informations utiles\",\"item\":\"https:\/\/www.visitcinqueterre.eu\/fr\/informations-utiles\/\"},{\"@type\":\"ListItem\",\"position\":3,\"name\":\"Offices de Tourisme\"}]},{\"@type\":\"WebSite\",\"@id\":\"https:\/\/www.visitcinqueterre.eu\/fr\/#website\",\"url\":\"https:\/\/www.visitcinqueterre.eu\/fr\/\",\"name\":\"Visit Cinque Terre\",\"description\":\"Portale turistico delle Cinque Terre\",\"potentialAction\":[{\"@type\":\"SearchAction\",\"target\":{\"@type\":\"EntryPoint\",\"urlTemplate\":\"https:\/\/www.visitcinqueterre.eu\/fr\/?s={search_term_string}\"},\"query-input\":{\"@type\":\"PropertyValueSpecification\",\"valueRequired\":true,\"valueName\":\"search_term_string\"}}],\"inLanguage\":\"fr-FR\"}]}<\/script>\n<!-- \/ Yoast SEO plugin. -->","yoast_head_json":{"title":"Point d'information aux Cinque Terre : emplacement, contacts et horaires","description":"Info Point Cinque Terre, sont les offices de tourisme o\u00f9 vous pouvez demander des informations et acheter la Cinque Terre Card.","robots":{"index":"index","follow":"follow","max-snippet":"max-snippet:-1","max-image-preview":"max-image-preview:large","max-video-preview":"max-video-preview:-1"},"canonical":"https:\/\/www.visitcinqueterre.eu\/fr\/informations-utiles\/offices-de-tourisme\/","og_locale":"fr_FR","og_type":"article","og_title":"Offices de tourisme des Cinque Terre : emplacements, contacts et horaires","og_description":"Il y a les Centres d'Accueil du Parc National des Cinque Terre, v\u00e9ritables points d'information touristique o\u00f9 l'on fournit des informations utiles et o\u00f9 l'on vend la Cinque Terre Card.","og_url":"https:\/\/www.visitcinqueterre.eu\/fr\/informations-utiles\/offices-de-tourisme\/","og_site_name":"Visit Cinque Terre","article_modified_time":"2022-04-27T16:53:06+00:00","og_image":[{"url":"https:\/\/www.visitcinqueterre.eu\/wp-content\/uploads\/2020\/06\/4672CCBE-9345-4B87-8F69-2DD295AD0DB4-scaled.jpeg","type":"","width":"","height":""}],"twitter_card":"summary_large_image","twitter_title":"Offices de tourisme des Cinque Terre : emplacements, contacts et horaires","twitter_description":"Il y a les Centres d'Accueil du Parc National des Cinque Terre, v\u00e9ritables points d'information touristique o\u00f9 l'on fournit des informations utiles et o\u00f9 l'on vend la Cinque Terre Card.","twitter_image":"https:\/\/www.visitcinqueterre.eu\/wp-content\/uploads\/2020\/06\/4672CCBE-9345-4B87-8F69-2DD295AD0DB4-scaled.jpeg","twitter_misc":{"Dur\u00e9e de lecture estim\u00e9e":"1 minute"},"schema":{"@context":"https:\/\/schema.org","@graph":[{"@type":"WebPage","@id":"https:\/\/www.visitcinqueterre.eu\/fr\/informations-utiles\/offices-de-tourisme\/","url":"https:\/\/www.visitcinqueterre.eu\/fr\/informations-utiles\/offices-de-tourisme\/","name":"Point d'information aux Cinque Terre : emplacement, contacts et horaires","isPartOf":{"@id":"https:\/\/www.visitcinqueterre.eu\/fr\/#website"},"datePublished":"2020-06-12T15:29:28+00:00","dateModified":"2022-04-27T16:53:06+00:00","description":"Info Point Cinque Terre, sont les offices de tourisme o\u00f9 vous pouvez demander des informations et acheter la Cinque Terre Card.","breadcrumb":{"@id":"https:\/\/www.visitcinqueterre.eu\/fr\/informations-utiles\/offices-de-tourisme\/#breadcrumb"},"inLanguage":"fr-FR","potentialAction":[{"@type":"ReadAction","target":["https:\/\/www.visitcinqueterre.eu\/fr\/informations-utiles\/offices-de-tourisme\/"]}]},{"@type":"BreadcrumbList","@id":"https:\/\/www.visitcinqueterre.eu\/fr\/informations-utiles\/offices-de-tourisme\/#breadcrumb","itemListElement":[{"@type":"ListItem","position":1,"name":"Home","item":"https:\/\/www.visitcinqueterre.eu\/fr\/"},{"@type":"ListItem","position":2,"name":"Informations utiles","item":"https:\/\/www.visitcinqueterre.eu\/fr\/informations-utiles\/"},{"@type":"ListItem","position":3,"name":"Offices de Tourisme"}]},{"@type":"WebSite","@id":"https:\/\/www.visitcinqueterre.eu\/fr\/#website","url":"https:\/\/www.visitcinqueterre.eu\/fr\/","name":"Visit Cinque Terre","description":"Portale turistico delle Cinque Terre","potentialAction":[{"@type":"SearchAction","target":{"@type":"EntryPoint","urlTemplate":"https:\/\/www.visitcinqueterre.eu\/fr\/?s={search_term_string}"},"query-input":{"@type":"PropertyValueSpecification","valueRequired":true,"valueName":"search_term_string"}}],"inLanguage":"fr-FR"}]}},"_links":{"self":[{"href":"https:\/\/www.visitcinqueterre.eu\/fr\/wp-json\/wp\/v2\/pages\/1871","targetHints":{"allow":["GET"]}}],"collection":[{"href":"https:\/\/www.visitcinqueterre.eu\/fr\/wp-json\/wp\/v2\/pages"}],"about":[{"href":"https:\/\/www.visitcinqueterre.eu\/fr\/wp-json\/wp\/v2\/types\/page"}],"author":[{"embeddable":true,"href":"https:\/\/www.visitcinqueterre.eu\/fr\/wp-json\/wp\/v2\/users\/2"}],"replies":[{"embeddable":true,"href":"https:\/\/www.visitcinqueterre.eu\/fr\/wp-json\/wp\/v2\/comments?post=1871"}],"version-history":[{"count":9,"href":"https:\/\/www.visitcinqueterre.eu\/fr\/wp-json\/wp\/v2\/pages\/1871\/revisions"}],"predecessor-version":[{"id":4841,"href":"https:\/\/www.visitcinqueterre.eu\/fr\/wp-json\/wp\/v2\/pages\/1871\/revisions\/4841"}],"up":[{"embeddable":true,"href":"https:\/\/www.visitcinqueterre.eu\/fr\/wp-json\/wp\/v2\/pages\/2682"}],"wp:attachment":[{"href":"https:\/\/www.visitcinqueterre.eu\/fr\/wp-json\/wp\/v2\/media?parent=1871"}],"curies":[{"name":"wp","href":"https:\/\/api.w.org\/{rel}","templated":true}]}}