{"id":1884,"date":"2020-06-12T17:21:49","date_gmt":"2020-06-12T15:21:49","guid":{"rendered":"https:\/\/www.visitcinqueterre.eu\/?page_id=1884"},"modified":"2020-06-12T17:22:17","modified_gmt":"2020-06-12T15:22:17","slug":"recyclage-et-ordures","status":"publish","type":"page","link":"https:\/\/www.visitcinqueterre.eu\/fr\/informations-utiles\/recyclage-et-ordures\/","title":{"rendered":"Recyclage et ordures"},"content":{"rendered":"\t\t<div data-elementor-type=\"wp-page\" data-elementor-id=\"1884\" class=\"elementor elementor-1884 elementor-1878\" data-elementor-post-type=\"page\">\n\t\t\t\t\t\t<section class=\"elementor-section elementor-top-section elementor-element elementor-element-f76db01 elementor-section-boxed elementor-section-height-default elementor-section-height-default\" data-id=\"f76db01\" data-element_type=\"section\" data-settings=\"{&quot;jet_parallax_layout_list&quot;:[{&quot;jet_parallax_layout_image&quot;:{&quot;url&quot;:&quot;&quot;,&quot;id&quot;:&quot;&quot;,&quot;size&quot;:&quot;&quot;},&quot;_id&quot;:&quot;a58241a&quot;,&quot;jet_parallax_layout_image_tablet&quot;:{&quot;url&quot;:&quot;&quot;,&quot;id&quot;:&quot;&quot;,&quot;size&quot;:&quot;&quot;},&quot;jet_parallax_layout_image_mobile&quot;:{&quot;url&quot;:&quot;&quot;,&quot;id&quot;:&quot;&quot;,&quot;size&quot;:&quot;&quot;},&quot;jet_parallax_layout_speed&quot;:{&quot;unit&quot;:&quot;%&quot;,&quot;size&quot;:50,&quot;sizes&quot;:[]},&quot;jet_parallax_layout_type&quot;:&quot;scroll&quot;,&quot;jet_parallax_layout_direction&quot;:&quot;1&quot;,&quot;jet_parallax_layout_fx_direction&quot;:null,&quot;jet_parallax_layout_z_index&quot;:&quot;&quot;,&quot;jet_parallax_layout_bg_x&quot;:50,&quot;jet_parallax_layout_bg_y&quot;:50,&quot;jet_parallax_layout_bg_size&quot;:&quot;auto&quot;,&quot;jet_parallax_layout_animation_prop&quot;:&quot;transform&quot;,&quot;jet_parallax_layout_on&quot;:[&quot;desktop&quot;,&quot;tablet&quot;],&quot;jet_parallax_layout_bg_x_tablet&quot;:&quot;&quot;,&quot;jet_parallax_layout_bg_x_mobile&quot;:&quot;&quot;,&quot;jet_parallax_layout_bg_y_tablet&quot;:&quot;&quot;,&quot;jet_parallax_layout_bg_y_mobile&quot;:&quot;&quot;,&quot;jet_parallax_layout_bg_size_tablet&quot;:&quot;&quot;,&quot;jet_parallax_layout_bg_size_mobile&quot;:&quot;&quot;}]}\">\n\t\t\t\t\t\t<div class=\"elementor-container elementor-column-gap-default\">\n\t\t\t\t\t<div class=\"elementor-column elementor-col-16 elementor-top-column elementor-element elementor-element-414c202\" data-id=\"414c202\" data-element_type=\"column\">\n\t\t\t<div class=\"elementor-widget-wrap\">\n\t\t\t\t\t\t\t<\/div>\n\t\t<\/div>\n\t\t\t\t<div class=\"elementor-column elementor-col-66 elementor-top-column elementor-element elementor-element-3135cda\" data-id=\"3135cda\" data-element_type=\"column\">\n\t\t\t<div class=\"elementor-widget-wrap elementor-element-populated\">\n\t\t\t\t\t\t<div class=\"elementor-element elementor-element-7f6d0148 elementor-widget elementor-widget-text-editor\" data-id=\"7f6d0148\" data-element_type=\"widget\" data-widget_type=\"text-editor.default\">\n\t\t\t\t<div class=\"elementor-widget-container\">\n\t\t\t\t\t\t\t\t\t\n<p>La recyclage ne part pas en vacances ! Les n\u00f4tres sont de petits villages, tout comme notre administration municipale et les ressources humaines et \u00e9conomiques dont elle dispose pour la gestion du nettoyage des pays et la collecte des ordures.<\/p>\n\n\n\n<p>Nous vous demandons donc de respecter ces r\u00e8gles simples qui nous permettront d&rsquo;effectuer au mieux des op\u00e9rations de collecte s\u00e9par\u00e9es des ordures. En cas de doute, demandez au propri\u00e9taire qui vous a lou\u00e9 le logement ou <a href=\"info@visitcinqueterre.eu\" target=\"_blank\" rel=\"noreferrer noopener\">envoyez-nous un message<\/a>.<\/p>\n\n\n\n<figure class=\"wp-block-image size-large\"><img fetchpriority=\"high\" decoding=\"async\" width=\"1024\" height=\"575\" src=\"https:\/\/www.visitcinqueterre.eu\/wp-content\/uploads\/2020\/05\/Schermata-2020-05-30-alle-20.13.28-1024x575.png\" alt=\"\" class=\"wp-image-1879\" title=\"Raccolta differenziata Riomaggiore\" srcset=\"https:\/\/www.visitcinqueterre.eu\/wp-content\/uploads\/2020\/05\/Schermata-2020-05-30-alle-20.13.28-1024x575.png 1024w, https:\/\/www.visitcinqueterre.eu\/wp-content\/uploads\/2020\/05\/Schermata-2020-05-30-alle-20.13.28-300x168.png 300w, https:\/\/www.visitcinqueterre.eu\/wp-content\/uploads\/2020\/05\/Schermata-2020-05-30-alle-20.13.28-768x431.png 768w, https:\/\/www.visitcinqueterre.eu\/wp-content\/uploads\/2020\/05\/Schermata-2020-05-30-alle-20.13.28-1536x862.png 1536w, https:\/\/www.visitcinqueterre.eu\/wp-content\/uploads\/2020\/05\/Schermata-2020-05-30-alle-20.13.28.png 1956w\" sizes=\"(max-width: 1024px) 100vw, 1024px\" \/><\/figure>\n\n\n\n<p><\/p>\n\t\t\t\t\t\t\t\t<\/div>\n\t\t\t\t<\/div>\n\t\t\t\t\t<\/div>\n\t\t<\/div>\n\t\t\t\t<div class=\"elementor-column elementor-col-16 elementor-top-column elementor-element elementor-element-b84ae59\" data-id=\"b84ae59\" data-element_type=\"column\">\n\t\t\t<div class=\"elementor-widget-wrap\">\n\t\t\t\t\t\t\t<\/div>\n\t\t<\/div>\n\t\t\t\t\t<\/div>\n\t\t<\/section>\n\t\t\t\t<\/div>\n\t\t","protected":false},"excerpt":{"rendered":"<p>La recyclage ne part pas en vacances ! Les n\u00f4tres sont de petits villages, tout comme notre administration municipale et les ressources humaines et \u00e9conomiques dont elle dispose pour la gestion du nettoyage des pays et la collecte des ordures. Nous vous demandons donc de respecter ces r\u00e8gles simples qui nous permettront d&rsquo;effectuer au mieux [&hellip;]<\/p>\n","protected":false},"author":2,"featured_media":0,"parent":2682,"menu_order":0,"comment_status":"closed","ping_status":"closed","template":"","meta":{"_acf_changed":false,"footnotes":""},"class_list":["post-1884","page","type-page","status-publish","hentry"],"acf":[],"yoast_head":"<!-- This site is optimized with the Yoast SEO plugin v26.6 - https:\/\/yoast.com\/wordpress\/plugins\/seo\/ -->\n<title>Recyclage et ordures - Visit Cinque Terre<\/title>\n<meta name=\"robots\" content=\"index, follow, max-snippet:-1, max-image-preview:large, max-video-preview:-1\" \/>\n<link rel=\"canonical\" href=\"https:\/\/www.visitcinqueterre.eu\/fr\/informations-utiles\/recyclage-et-ordures\/\" \/>\n<meta property=\"og:locale\" content=\"fr_FR\" \/>\n<meta property=\"og:type\" content=\"article\" \/>\n<meta property=\"og:title\" content=\"Recyclage et ordures - Visit Cinque Terre\" \/>\n<meta property=\"og:description\" content=\"La recyclage ne part pas en vacances ! Les n\u00f4tres sont de petits villages, tout comme notre administration municipale et les ressources humaines et \u00e9conomiques dont elle dispose pour la gestion du nettoyage des pays et la collecte des ordures. Nous vous demandons donc de respecter ces r\u00e8gles simples qui nous permettront d&rsquo;effectuer au mieux [&hellip;]\" \/>\n<meta property=\"og:url\" content=\"https:\/\/www.visitcinqueterre.eu\/fr\/informations-utiles\/recyclage-et-ordures\/\" \/>\n<meta property=\"og:site_name\" content=\"Visit Cinque Terre\" \/>\n<meta property=\"article:modified_time\" content=\"2020-06-12T15:22:17+00:00\" \/>\n<meta property=\"og:image\" content=\"https:\/\/www.visitcinqueterre.eu\/wp-content\/uploads\/2020\/05\/Schermata-2020-05-30-alle-20.13.28-1024x575.png\" \/>\n<meta name=\"twitter:card\" content=\"summary_large_image\" \/>\n<script type=\"application\/ld+json\" class=\"yoast-schema-graph\">{\"@context\":\"https:\/\/schema.org\",\"@graph\":[{\"@type\":\"WebPage\",\"@id\":\"https:\/\/www.visitcinqueterre.eu\/fr\/informations-utiles\/recyclage-et-ordures\/\",\"url\":\"https:\/\/www.visitcinqueterre.eu\/fr\/informations-utiles\/recyclage-et-ordures\/\",\"name\":\"Recyclage et ordures - Visit Cinque Terre\",\"isPartOf\":{\"@id\":\"https:\/\/www.visitcinqueterre.eu\/fr\/#website\"},\"primaryImageOfPage\":{\"@id\":\"https:\/\/www.visitcinqueterre.eu\/fr\/informations-utiles\/recyclage-et-ordures\/#primaryimage\"},\"image\":{\"@id\":\"https:\/\/www.visitcinqueterre.eu\/fr\/informations-utiles\/recyclage-et-ordures\/#primaryimage\"},\"thumbnailUrl\":\"https:\/\/www.visitcinqueterre.eu\/wp-content\/uploads\/2020\/05\/Schermata-2020-05-30-alle-20.13.28-1024x575.png\",\"datePublished\":\"2020-06-12T15:21:49+00:00\",\"dateModified\":\"2020-06-12T15:22:17+00:00\",\"breadcrumb\":{\"@id\":\"https:\/\/www.visitcinqueterre.eu\/fr\/informations-utiles\/recyclage-et-ordures\/#breadcrumb\"},\"inLanguage\":\"fr-FR\",\"potentialAction\":[{\"@type\":\"ReadAction\",\"target\":[\"https:\/\/www.visitcinqueterre.eu\/fr\/informations-utiles\/recyclage-et-ordures\/\"]}]},{\"@type\":\"ImageObject\",\"inLanguage\":\"fr-FR\",\"@id\":\"https:\/\/www.visitcinqueterre.eu\/fr\/informations-utiles\/recyclage-et-ordures\/#primaryimage\",\"url\":\"https:\/\/www.visitcinqueterre.eu\/wp-content\/uploads\/2020\/05\/Schermata-2020-05-30-alle-20.13.28-1024x575.png\",\"contentUrl\":\"https:\/\/www.visitcinqueterre.eu\/wp-content\/uploads\/2020\/05\/Schermata-2020-05-30-alle-20.13.28-1024x575.png\"},{\"@type\":\"BreadcrumbList\",\"@id\":\"https:\/\/www.visitcinqueterre.eu\/fr\/informations-utiles\/recyclage-et-ordures\/#breadcrumb\",\"itemListElement\":[{\"@type\":\"ListItem\",\"position\":1,\"name\":\"Home\",\"item\":\"https:\/\/www.visitcinqueterre.eu\/fr\/\"},{\"@type\":\"ListItem\",\"position\":2,\"name\":\"Informations utiles\",\"item\":\"https:\/\/www.visitcinqueterre.eu\/fr\/informations-utiles\/\"},{\"@type\":\"ListItem\",\"position\":3,\"name\":\"Recyclage et ordures\"}]},{\"@type\":\"WebSite\",\"@id\":\"https:\/\/www.visitcinqueterre.eu\/fr\/#website\",\"url\":\"https:\/\/www.visitcinqueterre.eu\/fr\/\",\"name\":\"Visit Cinque Terre\",\"description\":\"Portale turistico delle Cinque Terre\",\"potentialAction\":[{\"@type\":\"SearchAction\",\"target\":{\"@type\":\"EntryPoint\",\"urlTemplate\":\"https:\/\/www.visitcinqueterre.eu\/fr\/?s={search_term_string}\"},\"query-input\":{\"@type\":\"PropertyValueSpecification\",\"valueRequired\":true,\"valueName\":\"search_term_string\"}}],\"inLanguage\":\"fr-FR\"}]}<\/script>\n<!-- \/ Yoast SEO plugin. -->","yoast_head_json":{"title":"Recyclage et ordures - Visit Cinque Terre","robots":{"index":"index","follow":"follow","max-snippet":"max-snippet:-1","max-image-preview":"max-image-preview:large","max-video-preview":"max-video-preview:-1"},"canonical":"https:\/\/www.visitcinqueterre.eu\/fr\/informations-utiles\/recyclage-et-ordures\/","og_locale":"fr_FR","og_type":"article","og_title":"Recyclage et ordures - Visit Cinque Terre","og_description":"La recyclage ne part pas en vacances ! Les n\u00f4tres sont de petits villages, tout comme notre administration municipale et les ressources humaines et \u00e9conomiques dont elle dispose pour la gestion du nettoyage des pays et la collecte des ordures. Nous vous demandons donc de respecter ces r\u00e8gles simples qui nous permettront d&rsquo;effectuer au mieux [&hellip;]","og_url":"https:\/\/www.visitcinqueterre.eu\/fr\/informations-utiles\/recyclage-et-ordures\/","og_site_name":"Visit Cinque Terre","article_modified_time":"2020-06-12T15:22:17+00:00","og_image":[{"url":"https:\/\/www.visitcinqueterre.eu\/wp-content\/uploads\/2020\/05\/Schermata-2020-05-30-alle-20.13.28-1024x575.png","type":"","width":"","height":""}],"twitter_card":"summary_large_image","schema":{"@context":"https:\/\/schema.org","@graph":[{"@type":"WebPage","@id":"https:\/\/www.visitcinqueterre.eu\/fr\/informations-utiles\/recyclage-et-ordures\/","url":"https:\/\/www.visitcinqueterre.eu\/fr\/informations-utiles\/recyclage-et-ordures\/","name":"Recyclage et ordures - Visit Cinque Terre","isPartOf":{"@id":"https:\/\/www.visitcinqueterre.eu\/fr\/#website"},"primaryImageOfPage":{"@id":"https:\/\/www.visitcinqueterre.eu\/fr\/informations-utiles\/recyclage-et-ordures\/#primaryimage"},"image":{"@id":"https:\/\/www.visitcinqueterre.eu\/fr\/informations-utiles\/recyclage-et-ordures\/#primaryimage"},"thumbnailUrl":"https:\/\/www.visitcinqueterre.eu\/wp-content\/uploads\/2020\/05\/Schermata-2020-05-30-alle-20.13.28-1024x575.png","datePublished":"2020-06-12T15:21:49+00:00","dateModified":"2020-06-12T15:22:17+00:00","breadcrumb":{"@id":"https:\/\/www.visitcinqueterre.eu\/fr\/informations-utiles\/recyclage-et-ordures\/#breadcrumb"},"inLanguage":"fr-FR","potentialAction":[{"@type":"ReadAction","target":["https:\/\/www.visitcinqueterre.eu\/fr\/informations-utiles\/recyclage-et-ordures\/"]}]},{"@type":"ImageObject","inLanguage":"fr-FR","@id":"https:\/\/www.visitcinqueterre.eu\/fr\/informations-utiles\/recyclage-et-ordures\/#primaryimage","url":"https:\/\/www.visitcinqueterre.eu\/wp-content\/uploads\/2020\/05\/Schermata-2020-05-30-alle-20.13.28-1024x575.png","contentUrl":"https:\/\/www.visitcinqueterre.eu\/wp-content\/uploads\/2020\/05\/Schermata-2020-05-30-alle-20.13.28-1024x575.png"},{"@type":"BreadcrumbList","@id":"https:\/\/www.visitcinqueterre.eu\/fr\/informations-utiles\/recyclage-et-ordures\/#breadcrumb","itemListElement":[{"@type":"ListItem","position":1,"name":"Home","item":"https:\/\/www.visitcinqueterre.eu\/fr\/"},{"@type":"ListItem","position":2,"name":"Informations utiles","item":"https:\/\/www.visitcinqueterre.eu\/fr\/informations-utiles\/"},{"@type":"ListItem","position":3,"name":"Recyclage et ordures"}]},{"@type":"WebSite","@id":"https:\/\/www.visitcinqueterre.eu\/fr\/#website","url":"https:\/\/www.visitcinqueterre.eu\/fr\/","name":"Visit Cinque Terre","description":"Portale turistico delle Cinque Terre","potentialAction":[{"@type":"SearchAction","target":{"@type":"EntryPoint","urlTemplate":"https:\/\/www.visitcinqueterre.eu\/fr\/?s={search_term_string}"},"query-input":{"@type":"PropertyValueSpecification","valueRequired":true,"valueName":"search_term_string"}}],"inLanguage":"fr-FR"}]}},"_links":{"self":[{"href":"https:\/\/www.visitcinqueterre.eu\/fr\/wp-json\/wp\/v2\/pages\/1884","targetHints":{"allow":["GET"]}}],"collection":[{"href":"https:\/\/www.visitcinqueterre.eu\/fr\/wp-json\/wp\/v2\/pages"}],"about":[{"href":"https:\/\/www.visitcinqueterre.eu\/fr\/wp-json\/wp\/v2\/types\/page"}],"author":[{"embeddable":true,"href":"https:\/\/www.visitcinqueterre.eu\/fr\/wp-json\/wp\/v2\/users\/2"}],"replies":[{"embeddable":true,"href":"https:\/\/www.visitcinqueterre.eu\/fr\/wp-json\/wp\/v2\/comments?post=1884"}],"version-history":[{"count":5,"href":"https:\/\/www.visitcinqueterre.eu\/fr\/wp-json\/wp\/v2\/pages\/1884\/revisions"}],"predecessor-version":[{"id":2664,"href":"https:\/\/www.visitcinqueterre.eu\/fr\/wp-json\/wp\/v2\/pages\/1884\/revisions\/2664"}],"up":[{"embeddable":true,"href":"https:\/\/www.visitcinqueterre.eu\/fr\/wp-json\/wp\/v2\/pages\/2682"}],"wp:attachment":[{"href":"https:\/\/www.visitcinqueterre.eu\/fr\/wp-json\/wp\/v2\/media?parent=1884"}],"curies":[{"name":"wp","href":"https:\/\/api.w.org\/{rel}","templated":true}]}}