{"id":2767,"date":"2020-06-13T16:00:33","date_gmt":"2020-06-13T14:00:33","guid":{"rendered":"https:\/\/www.visitcinqueterre.eu\/visiter\/"},"modified":"2020-06-24T16:09:57","modified_gmt":"2020-06-24T14:09:57","slug":"visiter","status":"publish","type":"page","link":"https:\/\/www.visitcinqueterre.eu\/fr\/visiter\/","title":{"rendered":"Visiter"},"content":{"rendered":"<h1>Visiter<\/h1>\n<style type=\"text\/css\"><!--td {border: 1px solid #ccc;}br {mso-data-placement:same-cell;}--><\/style>\n<p>Les Cinque Terre bien s\u00fbr, mais en dormant ici, tu pourras visiter de nombreuses autres beaut\u00e9s de notre r\u00e9gion, mais pas seulement. Dans cette section, tu trouveras des informations sur notre destination, mais aussi sur d&rsquo;autres visites en journ\u00e9e que tu pourras facilement organiser, en revenant \u00e0 temps pour un ap\u00e9ritif et un d\u00eener avec vue sur la mer.<\/p>\n<p>\t<a href=\"#\" data-term=\"15\">Cinque Terre<\/a><a href=\"#\" data-term=\"27\">I dintorni<\/a><br \/>\n\t\t\t\t\t\t\t\t\t\t<a href=\"https:\/\/www.visitcinqueterre.eu\/2020\/06\/15\/tre-giorni-trekking-cinque-terre\/\"><img decoding=\"async\" width=\"150\" height=\"150\" src=\"https:\/\/www.visitcinqueterre.eu\/wp-content\/uploads\/2020\/05\/IMG_1600-150x150.jpg\" alt=\"Tre giorni di trekking alle Cinque Terre\" srcset=\"https:\/\/www.visitcinqueterre.eu\/wp-content\/uploads\/2020\/05\/IMG_1600-150x150.jpg 150w, https:\/\/www.visitcinqueterre.eu\/wp-content\/uploads\/2020\/05\/IMG_1600-300x300.jpg 300w, https:\/\/www.visitcinqueterre.eu\/wp-content\/uploads\/2020\/05\/IMG_1600-100x100.jpg 100w, https:\/\/www.visitcinqueterre.eu\/wp-content\/uploads\/2020\/05\/IMG_1600-500x500.jpg 500w\" sizes=\"(max-width: 150px) 100vw, 150px\" \/><\/a>\t\t\t\t\t<a href=\"https:\/\/www.visitcinqueterre.eu\/2020\/06\/15\/tre-giorni-trekking-cinque-terre\/\">Tre giorni di trekking alle Cinque Terre<\/a>Tre giorni di trekking alle Cinque Terre passano in un soffio e sicuramente ripartirai con&#8230;<a href=\"https:\/\/www.visitcinqueterre.eu\/2020\/06\/15\/tre-giorni-trekking-cinque-terre\/\">LEGGI >><\/a><br \/>\n\t\t\t\t\t\t\t\t\t\t<a href=\"https:\/\/www.visitcinqueterre.eu\/2020\/06\/14\/golfo-dei-poeti\/\"><img decoding=\"async\" width=\"150\" height=\"150\" src=\"https:\/\/www.visitcinqueterre.eu\/wp-content\/uploads\/2020\/05\/sea-3742228__480-150x150.jpg\" alt=\"Il Golfo dei Poeti\" srcset=\"https:\/\/www.visitcinqueterre.eu\/wp-content\/uploads\/2020\/05\/sea-3742228__480-150x150.jpg 150w, https:\/\/www.visitcinqueterre.eu\/wp-content\/uploads\/2020\/05\/sea-3742228__480-300x300.jpg 300w, https:\/\/www.visitcinqueterre.eu\/wp-content\/uploads\/2020\/05\/sea-3742228__480-100x100.jpg 100w, https:\/\/www.visitcinqueterre.eu\/wp-content\/uploads\/2020\/05\/sea-3742228__480-500x500.jpg 500w\" sizes=\"(max-width: 150px) 100vw, 150px\" \/><\/a>\t\t\t\t\t<a href=\"https:\/\/www.visitcinqueterre.eu\/2020\/06\/14\/golfo-dei-poeti\/\">Il Golfo dei Poeti<\/a>Cosa visitare soggiornando pi\u00f9 a lungo? Il Golfo dei Poeti, perla del levante ligure ed&#8230;<a href=\"https:\/\/www.visitcinqueterre.eu\/2020\/06\/14\/golfo-dei-poeti\/\">LEGGI >><\/a><br \/>\n\t\t\t\t\t\t\t\t\t\t<a href=\"https:\/\/www.visitcinqueterre.eu\/2020\/06\/13\/terrazzamenti-delle-cinque-terre\/\"><img decoding=\"async\" width=\"150\" height=\"150\" src=\"https:\/\/www.visitcinqueterre.eu\/wp-content\/uploads\/2020\/05\/IMG_4368-150x150.jpg\" alt=\"I terrazzamenti delle Cinque Terre\" srcset=\"https:\/\/www.visitcinqueterre.eu\/wp-content\/uploads\/2020\/05\/IMG_4368-150x150.jpg 150w, https:\/\/www.visitcinqueterre.eu\/wp-content\/uploads\/2020\/05\/IMG_4368-300x300.jpg 300w, https:\/\/www.visitcinqueterre.eu\/wp-content\/uploads\/2020\/05\/IMG_4368-100x100.jpg 100w, https:\/\/www.visitcinqueterre.eu\/wp-content\/uploads\/2020\/05\/IMG_4368-500x500.jpg 500w\" sizes=\"(max-width: 150px) 100vw, 150px\" \/><\/a>\t\t\t\t\t<a href=\"https:\/\/www.visitcinqueterre.eu\/2020\/06\/13\/terrazzamenti-delle-cinque-terre\/\">I terrazzamenti delle Cinque Terre<\/a>I terrazzamenti delle Cinque Terre sono un&rsquo;eredit\u00e0 del Medioevo, sono quello che ci ha plasmato,&#8230;<a href=\"https:\/\/www.visitcinqueterre.eu\/2020\/06\/13\/terrazzamenti-delle-cinque-terre\/\">LEGGI >><\/a><br \/>\n\t\t\t\t\t\t\t\t\t\t<a href=\"https:\/\/www.visitcinqueterre.eu\/2020\/06\/10\/volastra\/\"><img loading=\"lazy\" decoding=\"async\" width=\"150\" height=\"150\" src=\"https:\/\/www.visitcinqueterre.eu\/wp-content\/uploads\/2020\/06\/59dbf819-d0db-4401-b4ab-0288726efe31-150x150.jpg\" alt=\"Volastra\" srcset=\"https:\/\/www.visitcinqueterre.eu\/wp-content\/uploads\/2020\/06\/59dbf819-d0db-4401-b4ab-0288726efe31-150x150.jpg 150w, https:\/\/www.visitcinqueterre.eu\/wp-content\/uploads\/2020\/06\/59dbf819-d0db-4401-b4ab-0288726efe31-300x300.jpg 300w, https:\/\/www.visitcinqueterre.eu\/wp-content\/uploads\/2020\/06\/59dbf819-d0db-4401-b4ab-0288726efe31-100x100.jpg 100w\" sizes=\"(max-width: 150px) 100vw, 150px\" \/><\/a>\t\t\t\t\t<a href=\"https:\/\/www.visitcinqueterre.eu\/2020\/06\/10\/volastra\/\">Volastra<\/a>Volastra \u00e8 sede dell&rsquo;insediamento originario di Manarola e il suo nome deriva da Vicus Oleaster,&#8230;<a href=\"https:\/\/www.visitcinqueterre.eu\/2020\/06\/10\/volastra\/\">LEGGI >><\/a><br \/>\n\t\t\t\t\t\t\t\t\t\t<a href=\"https:\/\/www.visitcinqueterre.eu\/2020\/06\/10\/manarola-storia-e-monumenti\/\"><img loading=\"lazy\" decoding=\"async\" width=\"150\" height=\"150\" src=\"https:\/\/www.visitcinqueterre.eu\/wp-content\/uploads\/2020\/05\/9779253c-4430-43fa-9862-c301ae3bbbe7-1-150x150.jpg\" alt=\"Manarola, storia e monumenti\" srcset=\"https:\/\/www.visitcinqueterre.eu\/wp-content\/uploads\/2020\/05\/9779253c-4430-43fa-9862-c301ae3bbbe7-1-150x150.jpg 150w, https:\/\/www.visitcinqueterre.eu\/wp-content\/uploads\/2020\/05\/9779253c-4430-43fa-9862-c301ae3bbbe7-1-300x300.jpg 300w, https:\/\/www.visitcinqueterre.eu\/wp-content\/uploads\/2020\/05\/9779253c-4430-43fa-9862-c301ae3bbbe7-1-100x100.jpg 100w, https:\/\/www.visitcinqueterre.eu\/wp-content\/uploads\/2020\/05\/9779253c-4430-43fa-9862-c301ae3bbbe7-1-500x500.jpg 500w\" sizes=\"(max-width: 150px) 100vw, 150px\" \/><\/a>\t\t\t\t\t<a href=\"https:\/\/www.visitcinqueterre.eu\/2020\/06\/10\/manarola-storia-e-monumenti\/\">Manarola, storia e monumenti<\/a>Manarola, il secondo borgo delle Cinque Terre partendo da levante, amministrativamente dipende dal comune di&#8230;<a href=\"https:\/\/www.visitcinqueterre.eu\/2020\/06\/10\/manarola-storia-e-monumenti\/\">LEGGI >><\/a><br \/>\n\t\t\t\t\t\t\t\t\t\t<a href=\"https:\/\/www.visitcinqueterre.eu\/2020\/06\/10\/nostra-signora-montenero\/\"><img loading=\"lazy\" decoding=\"async\" width=\"150\" height=\"150\" src=\"https:\/\/www.visitcinqueterre.eu\/wp-content\/uploads\/2020\/05\/IMG_4601-150x150.jpg\" alt=\"Santuario della Madonna di Montenero\" srcset=\"https:\/\/www.visitcinqueterre.eu\/wp-content\/uploads\/2020\/05\/IMG_4601-150x150.jpg 150w, https:\/\/www.visitcinqueterre.eu\/wp-content\/uploads\/2020\/05\/IMG_4601-300x300.jpg 300w, https:\/\/www.visitcinqueterre.eu\/wp-content\/uploads\/2020\/05\/IMG_4601-100x100.jpg 100w, https:\/\/www.visitcinqueterre.eu\/wp-content\/uploads\/2020\/05\/IMG_4601-500x500.jpg 500w\" sizes=\"(max-width: 150px) 100vw, 150px\" \/><\/a>\t\t\t\t\t<a href=\"https:\/\/www.visitcinqueterre.eu\/2020\/06\/10\/nostra-signora-montenero\/\">Santuario della Madonna di Montenero<\/a>La Chiesa di\u00a0Nostra\u00a0Signora di Montenero\u00a0\u00e8 il santuario mariano che sovrasta Riomaggiore dominando tutta la costa&#8230;<a href=\"https:\/\/www.visitcinqueterre.eu\/2020\/06\/10\/nostra-signora-montenero\/\">LEGGI >><\/a><br \/>\n\t\t\t\t\t\t\t\t\t\t<a href=\"https:\/\/www.visitcinqueterre.eu\/2020\/06\/10\/groppo\/\"><img loading=\"lazy\" decoding=\"async\" width=\"150\" height=\"150\" src=\"https:\/\/www.visitcinqueterre.eu\/wp-content\/uploads\/2020\/06\/c56d4ab5-d8cc-448a-acda-7c4399eb3147-150x150.jpg\" alt=\"Groppo\" srcset=\"https:\/\/www.visitcinqueterre.eu\/wp-content\/uploads\/2020\/06\/c56d4ab5-d8cc-448a-acda-7c4399eb3147-150x150.jpg 150w, https:\/\/www.visitcinqueterre.eu\/wp-content\/uploads\/2020\/06\/c56d4ab5-d8cc-448a-acda-7c4399eb3147-500x500.jpg 500w, https:\/\/www.visitcinqueterre.eu\/wp-content\/uploads\/2020\/06\/c56d4ab5-d8cc-448a-acda-7c4399eb3147-300x300.jpg 300w, https:\/\/www.visitcinqueterre.eu\/wp-content\/uploads\/2020\/06\/c56d4ab5-d8cc-448a-acda-7c4399eb3147-100x100.jpg 100w\" sizes=\"(max-width: 150px) 100vw, 150px\" \/><\/a>\t\t\t\t\t<a href=\"https:\/\/www.visitcinqueterre.eu\/2020\/06\/10\/groppo\/\">Groppo<\/a>Groppo \u00e8 un piccolo borgo collinare, situato a mezza costa tra Manarola e Volastra, e&#8230;<a href=\"https:\/\/www.visitcinqueterre.eu\/2020\/06\/10\/groppo\/\">LEGGI >><\/a><br \/>\n\t\t\t\t\t\t\t\t\t\t<a href=\"https:\/\/www.visitcinqueterre.eu\/2020\/06\/10\/santuari-cinque-terre\/\"><img loading=\"lazy\" decoding=\"async\" width=\"150\" height=\"150\" src=\"https:\/\/www.visitcinqueterre.eu\/wp-content\/uploads\/2020\/05\/IMG_2120-150x150.jpg\" alt=\"I santuari delle Cinque Terre\" srcset=\"https:\/\/www.visitcinqueterre.eu\/wp-content\/uploads\/2020\/05\/IMG_2120-150x150.jpg 150w, https:\/\/www.visitcinqueterre.eu\/wp-content\/uploads\/2020\/05\/IMG_2120-300x300.jpg 300w, https:\/\/www.visitcinqueterre.eu\/wp-content\/uploads\/2020\/05\/IMG_2120-100x100.jpg 100w, https:\/\/www.visitcinqueterre.eu\/wp-content\/uploads\/2020\/05\/IMG_2120-500x500.jpg 500w\" sizes=\"(max-width: 150px) 100vw, 150px\" \/><\/a>\t\t\t\t\t<a href=\"https:\/\/www.visitcinqueterre.eu\/2020\/06\/10\/santuari-cinque-terre\/\">I santuari delle Cinque Terre<\/a>I borghi delle&nbsp;Cinque Terre&nbsp;sono sovrastati da altrettanti santuari mariani ai quali gli abitanti sono legati&#8230;<a href=\"https:\/\/www.visitcinqueterre.eu\/2020\/06\/10\/santuari-cinque-terre\/\">LEGGI >><\/a><br \/>\n\t\t\t\t\t\t\t\t\t\t<a href=\"https:\/\/www.visitcinqueterre.eu\/2020\/06\/10\/vernazza-storia-e-monumenti\/\"><img loading=\"lazy\" decoding=\"async\" width=\"150\" height=\"150\" src=\"https:\/\/www.visitcinqueterre.eu\/wp-content\/uploads\/2020\/05\/Paolo-Marchi-1-150x150.jpg\" alt=\"Vernazza, storia e monumenti\" srcset=\"https:\/\/www.visitcinqueterre.eu\/wp-content\/uploads\/2020\/05\/Paolo-Marchi-1-150x150.jpg 150w, https:\/\/www.visitcinqueterre.eu\/wp-content\/uploads\/2020\/05\/Paolo-Marchi-1-300x300.jpg 300w, https:\/\/www.visitcinqueterre.eu\/wp-content\/uploads\/2020\/05\/Paolo-Marchi-1-100x100.jpg 100w, https:\/\/www.visitcinqueterre.eu\/wp-content\/uploads\/2020\/05\/Paolo-Marchi-1-500x500.jpg 500w\" sizes=\"(max-width: 150px) 100vw, 150px\" \/><\/a>\t\t\t\t\t<a href=\"https:\/\/www.visitcinqueterre.eu\/2020\/06\/10\/vernazza-storia-e-monumenti\/\">Vernazza, storia e monumenti<\/a>Vernazza \u00e8 il quarto paese partendo da levante e dalla sua amministrazione comunale dipende anche&#8230;<a href=\"https:\/\/www.visitcinqueterre.eu\/2020\/06\/10\/vernazza-storia-e-monumenti\/\">LEGGI >><\/a><br \/>\n\t\t\t\t\t\t\t\t\t\t<a href=\"https:\/\/www.visitcinqueterre.eu\/2020\/06\/09\/corniglia-storia-e-monumenti\/\"><img loading=\"lazy\" decoding=\"async\" width=\"150\" height=\"150\" src=\"https:\/\/www.visitcinqueterre.eu\/wp-content\/uploads\/2020\/05\/IMG_1603-150x150.jpg\" alt=\"Corniglia, storia e monumenti\" srcset=\"https:\/\/www.visitcinqueterre.eu\/wp-content\/uploads\/2020\/05\/IMG_1603-150x150.jpg 150w, https:\/\/www.visitcinqueterre.eu\/wp-content\/uploads\/2020\/05\/IMG_1603-300x300.jpg 300w, https:\/\/www.visitcinqueterre.eu\/wp-content\/uploads\/2020\/05\/IMG_1603-100x100.jpg 100w, https:\/\/www.visitcinqueterre.eu\/wp-content\/uploads\/2020\/05\/IMG_1603-500x500.jpg 500w\" sizes=\"(max-width: 150px) 100vw, 150px\" \/><\/a>\t\t\t\t\t<a href=\"https:\/\/www.visitcinqueterre.eu\/2020\/06\/09\/corniglia-storia-e-monumenti\/\">Corniglia, storia e monumenti<\/a>Corniglia \u00e8 il borgo centrale delle Cinque Terre, l&rsquo;unico arroccato sulla verticalissima scogliera e senza&#8230;<a href=\"https:\/\/www.visitcinqueterre.eu\/2020\/06\/09\/corniglia-storia-e-monumenti\/\">LEGGI >><\/a><br \/>\n\t\t\t\t\t\t\t\t\t\t<a href=\"https:\/\/www.visitcinqueterre.eu\/2020\/06\/09\/monterosso-storia-e-monumenti\/\"><img loading=\"lazy\" decoding=\"async\" width=\"150\" height=\"150\" src=\"https:\/\/www.visitcinqueterre.eu\/wp-content\/uploads\/2020\/05\/IMG_5153-150x150.jpg\" alt=\"Monterosso, storia e monumenti\" srcset=\"https:\/\/www.visitcinqueterre.eu\/wp-content\/uploads\/2020\/05\/IMG_5153-150x150.jpg 150w, https:\/\/www.visitcinqueterre.eu\/wp-content\/uploads\/2020\/05\/IMG_5153-300x300.jpg 300w, https:\/\/www.visitcinqueterre.eu\/wp-content\/uploads\/2020\/05\/IMG_5153-100x100.jpg 100w, https:\/\/www.visitcinqueterre.eu\/wp-content\/uploads\/2020\/05\/IMG_5153-500x500.jpg 500w\" sizes=\"(max-width: 150px) 100vw, 150px\" \/><\/a>\t\t\t\t\t<a href=\"https:\/\/www.visitcinqueterre.eu\/2020\/06\/09\/monterosso-storia-e-monumenti\/\">Monterosso, storia e monumenti<\/a>Monterosso al Mare, paese prediletto di Eugenio Montale, \u00e8 la quinta delle Cinque Terre partendo&#8230;<a href=\"https:\/\/www.visitcinqueterre.eu\/2020\/06\/09\/monterosso-storia-e-monumenti\/\">LEGGI >><\/a><br \/>\n\t\t\t\t\t\t\t\t\t\t<a href=\"https:\/\/www.visitcinqueterre.eu\/2020\/06\/09\/cinque-terre-10-parole\/\"><img loading=\"lazy\" decoding=\"async\" width=\"150\" height=\"150\" src=\"https:\/\/www.visitcinqueterre.eu\/wp-content\/uploads\/2020\/05\/IMG_4369-150x150.jpg\" alt=\"Le Cinque Terre in 10 parole chiave\" srcset=\"https:\/\/www.visitcinqueterre.eu\/wp-content\/uploads\/2020\/05\/IMG_4369-150x150.jpg 150w, https:\/\/www.visitcinqueterre.eu\/wp-content\/uploads\/2020\/05\/IMG_4369-300x300.jpg 300w, https:\/\/www.visitcinqueterre.eu\/wp-content\/uploads\/2020\/05\/IMG_4369-100x100.jpg 100w, https:\/\/www.visitcinqueterre.eu\/wp-content\/uploads\/2020\/05\/IMG_4369-500x500.jpg 500w\" sizes=\"(max-width: 150px) 100vw, 150px\" \/><\/a>\t\t\t\t\t<a href=\"https:\/\/www.visitcinqueterre.eu\/2020\/06\/09\/cinque-terre-10-parole\/\">Le Cinque Terre in 10 parole chiave<\/a>Le Cinque Terre sono cinque paesi della riviera ligure di levante, incastonati tra scogliera e&#8230;<a href=\"https:\/\/www.visitcinqueterre.eu\/2020\/06\/09\/cinque-terre-10-parole\/\">LEGGI >><\/a><br \/>\n\t\t\t\t\t\t\t\t\t\t<a href=\"https:\/\/www.visitcinqueterre.eu\/2020\/06\/06\/riomaggiore\/\"><img loading=\"lazy\" decoding=\"async\" width=\"150\" height=\"150\" src=\"https:\/\/www.visitcinqueterre.eu\/wp-content\/uploads\/2020\/05\/IMG_4646-150x150.jpg\" alt=\"Riomaggiore, storia e monumenti\" srcset=\"https:\/\/www.visitcinqueterre.eu\/wp-content\/uploads\/2020\/05\/IMG_4646-150x150.jpg 150w, https:\/\/www.visitcinqueterre.eu\/wp-content\/uploads\/2020\/05\/IMG_4646-300x300.jpg 300w, https:\/\/www.visitcinqueterre.eu\/wp-content\/uploads\/2020\/05\/IMG_4646-100x100.jpg 100w, https:\/\/www.visitcinqueterre.eu\/wp-content\/uploads\/2020\/05\/IMG_4646-500x500.jpg 500w\" sizes=\"(max-width: 150px) 100vw, 150px\" \/><\/a>\t\t\t\t\t<a href=\"https:\/\/www.visitcinqueterre.eu\/2020\/06\/06\/riomaggiore\/\">Riomaggiore, storia e monumenti<\/a>Riomaggiore \u00e8 il primo borgo delle Cinque Terre partendo da levante ed \u00e8 sede della&#8230;<a href=\"https:\/\/www.visitcinqueterre.eu\/2020\/06\/06\/riomaggiore\/\">LEGGI >><\/a><\/p>\n","protected":false},"excerpt":{"rendered":"<p>Visiter Les Cinque Terre bien s\u00fbr, mais en dormant ici, tu pourras visiter de nombreuses autres beaut\u00e9s de notre r\u00e9gion, mais pas seulement. Dans cette section, tu trouveras des informations sur notre destination, mais aussi sur d&rsquo;autres visites en journ\u00e9e que tu pourras facilement organiser, en revenant \u00e0 temps pour un ap\u00e9ritif et un d\u00eener [&hellip;]<\/p>\n","protected":false},"author":4,"featured_media":0,"parent":0,"menu_order":0,"comment_status":"closed","ping_status":"closed","template":"elementor_header_footer","meta":{"_acf_changed":false,"footnotes":""},"class_list":["post-2767","page","type-page","status-publish","hentry"],"acf":[],"yoast_head":"<!-- This site is optimized with the Yoast SEO plugin v26.6 - https:\/\/yoast.com\/wordpress\/plugins\/seo\/ -->\n<title>Visiter - Visit Cinque Terre<\/title>\n<meta name=\"robots\" content=\"index, follow, max-snippet:-1, max-image-preview:large, max-video-preview:-1\" \/>\n<link rel=\"canonical\" href=\"https:\/\/www.visitcinqueterre.eu\/fr\/visiter\/\" \/>\n<meta property=\"og:locale\" content=\"fr_FR\" \/>\n<meta property=\"og:type\" content=\"article\" \/>\n<meta property=\"og:title\" content=\"Visiter - Visit Cinque Terre\" \/>\n<meta property=\"og:description\" content=\"Visiter Les Cinque Terre bien s\u00fbr, mais en dormant ici, tu pourras visiter de nombreuses autres beaut\u00e9s de notre r\u00e9gion, mais pas seulement. Dans cette section, tu trouveras des informations sur notre destination, mais aussi sur d&rsquo;autres visites en journ\u00e9e que tu pourras facilement organiser, en revenant \u00e0 temps pour un ap\u00e9ritif et un d\u00eener [&hellip;]\" \/>\n<meta property=\"og:url\" content=\"https:\/\/www.visitcinqueterre.eu\/fr\/visiter\/\" \/>\n<meta property=\"og:site_name\" content=\"Visit Cinque Terre\" \/>\n<meta property=\"article:modified_time\" content=\"2020-06-24T14:09:57+00:00\" \/>\n<meta property=\"og:image\" content=\"https:\/\/www.visitcinqueterre.eu\/wp-content\/uploads\/2020\/05\/IMG_1600-150x150.jpg\" \/>\n<meta name=\"twitter:card\" content=\"summary_large_image\" \/>\n<meta name=\"twitter:label1\" content=\"Dur\u00e9e de lecture estim\u00e9e\" \/>\n\t<meta name=\"twitter:data1\" content=\"2 minutes\" \/>\n<script type=\"application\/ld+json\" class=\"yoast-schema-graph\">{\"@context\":\"https:\/\/schema.org\",\"@graph\":[{\"@type\":\"WebPage\",\"@id\":\"https:\/\/www.visitcinqueterre.eu\/fr\/visiter\/\",\"url\":\"https:\/\/www.visitcinqueterre.eu\/fr\/visiter\/\",\"name\":\"Visiter - Visit Cinque Terre\",\"isPartOf\":{\"@id\":\"https:\/\/www.visitcinqueterre.eu\/fr\/#website\"},\"primaryImageOfPage\":{\"@id\":\"https:\/\/www.visitcinqueterre.eu\/fr\/visiter\/#primaryimage\"},\"image\":{\"@id\":\"https:\/\/www.visitcinqueterre.eu\/fr\/visiter\/#primaryimage\"},\"thumbnailUrl\":\"https:\/\/www.visitcinqueterre.eu\/wp-content\/uploads\/2020\/05\/IMG_1600-150x150.jpg\",\"datePublished\":\"2020-06-13T14:00:33+00:00\",\"dateModified\":\"2020-06-24T14:09:57+00:00\",\"breadcrumb\":{\"@id\":\"https:\/\/www.visitcinqueterre.eu\/fr\/visiter\/#breadcrumb\"},\"inLanguage\":\"fr-FR\",\"potentialAction\":[{\"@type\":\"ReadAction\",\"target\":[\"https:\/\/www.visitcinqueterre.eu\/fr\/visiter\/\"]}]},{\"@type\":\"ImageObject\",\"inLanguage\":\"fr-FR\",\"@id\":\"https:\/\/www.visitcinqueterre.eu\/fr\/visiter\/#primaryimage\",\"url\":\"https:\/\/www.visitcinqueterre.eu\/wp-content\/uploads\/2020\/05\/IMG_1600-150x150.jpg\",\"contentUrl\":\"https:\/\/www.visitcinqueterre.eu\/wp-content\/uploads\/2020\/05\/IMG_1600-150x150.jpg\"},{\"@type\":\"BreadcrumbList\",\"@id\":\"https:\/\/www.visitcinqueterre.eu\/fr\/visiter\/#breadcrumb\",\"itemListElement\":[{\"@type\":\"ListItem\",\"position\":1,\"name\":\"Home\",\"item\":\"https:\/\/www.visitcinqueterre.eu\/fr\/\"},{\"@type\":\"ListItem\",\"position\":2,\"name\":\"Visiter\"}]},{\"@type\":\"WebSite\",\"@id\":\"https:\/\/www.visitcinqueterre.eu\/fr\/#website\",\"url\":\"https:\/\/www.visitcinqueterre.eu\/fr\/\",\"name\":\"Visit Cinque Terre\",\"description\":\"Portale turistico delle Cinque Terre\",\"potentialAction\":[{\"@type\":\"SearchAction\",\"target\":{\"@type\":\"EntryPoint\",\"urlTemplate\":\"https:\/\/www.visitcinqueterre.eu\/fr\/?s={search_term_string}\"},\"query-input\":{\"@type\":\"PropertyValueSpecification\",\"valueRequired\":true,\"valueName\":\"search_term_string\"}}],\"inLanguage\":\"fr-FR\"}]}<\/script>\n<!-- \/ Yoast SEO plugin. -->","yoast_head_json":{"title":"Visiter - Visit Cinque Terre","robots":{"index":"index","follow":"follow","max-snippet":"max-snippet:-1","max-image-preview":"max-image-preview:large","max-video-preview":"max-video-preview:-1"},"canonical":"https:\/\/www.visitcinqueterre.eu\/fr\/visiter\/","og_locale":"fr_FR","og_type":"article","og_title":"Visiter - Visit Cinque Terre","og_description":"Visiter Les Cinque Terre bien s\u00fbr, mais en dormant ici, tu pourras visiter de nombreuses autres beaut\u00e9s de notre r\u00e9gion, mais pas seulement. Dans cette section, tu trouveras des informations sur notre destination, mais aussi sur d&rsquo;autres visites en journ\u00e9e que tu pourras facilement organiser, en revenant \u00e0 temps pour un ap\u00e9ritif et un d\u00eener [&hellip;]","og_url":"https:\/\/www.visitcinqueterre.eu\/fr\/visiter\/","og_site_name":"Visit Cinque Terre","article_modified_time":"2020-06-24T14:09:57+00:00","og_image":[{"url":"https:\/\/www.visitcinqueterre.eu\/wp-content\/uploads\/2020\/05\/IMG_1600-150x150.jpg","type":"","width":"","height":""}],"twitter_card":"summary_large_image","twitter_misc":{"Dur\u00e9e de lecture estim\u00e9e":"2 minutes"},"schema":{"@context":"https:\/\/schema.org","@graph":[{"@type":"WebPage","@id":"https:\/\/www.visitcinqueterre.eu\/fr\/visiter\/","url":"https:\/\/www.visitcinqueterre.eu\/fr\/visiter\/","name":"Visiter - Visit Cinque Terre","isPartOf":{"@id":"https:\/\/www.visitcinqueterre.eu\/fr\/#website"},"primaryImageOfPage":{"@id":"https:\/\/www.visitcinqueterre.eu\/fr\/visiter\/#primaryimage"},"image":{"@id":"https:\/\/www.visitcinqueterre.eu\/fr\/visiter\/#primaryimage"},"thumbnailUrl":"https:\/\/www.visitcinqueterre.eu\/wp-content\/uploads\/2020\/05\/IMG_1600-150x150.jpg","datePublished":"2020-06-13T14:00:33+00:00","dateModified":"2020-06-24T14:09:57+00:00","breadcrumb":{"@id":"https:\/\/www.visitcinqueterre.eu\/fr\/visiter\/#breadcrumb"},"inLanguage":"fr-FR","potentialAction":[{"@type":"ReadAction","target":["https:\/\/www.visitcinqueterre.eu\/fr\/visiter\/"]}]},{"@type":"ImageObject","inLanguage":"fr-FR","@id":"https:\/\/www.visitcinqueterre.eu\/fr\/visiter\/#primaryimage","url":"https:\/\/www.visitcinqueterre.eu\/wp-content\/uploads\/2020\/05\/IMG_1600-150x150.jpg","contentUrl":"https:\/\/www.visitcinqueterre.eu\/wp-content\/uploads\/2020\/05\/IMG_1600-150x150.jpg"},{"@type":"BreadcrumbList","@id":"https:\/\/www.visitcinqueterre.eu\/fr\/visiter\/#breadcrumb","itemListElement":[{"@type":"ListItem","position":1,"name":"Home","item":"https:\/\/www.visitcinqueterre.eu\/fr\/"},{"@type":"ListItem","position":2,"name":"Visiter"}]},{"@type":"WebSite","@id":"https:\/\/www.visitcinqueterre.eu\/fr\/#website","url":"https:\/\/www.visitcinqueterre.eu\/fr\/","name":"Visit Cinque Terre","description":"Portale turistico delle Cinque Terre","potentialAction":[{"@type":"SearchAction","target":{"@type":"EntryPoint","urlTemplate":"https:\/\/www.visitcinqueterre.eu\/fr\/?s={search_term_string}"},"query-input":{"@type":"PropertyValueSpecification","valueRequired":true,"valueName":"search_term_string"}}],"inLanguage":"fr-FR"}]}},"_links":{"self":[{"href":"https:\/\/www.visitcinqueterre.eu\/fr\/wp-json\/wp\/v2\/pages\/2767","targetHints":{"allow":["GET"]}}],"collection":[{"href":"https:\/\/www.visitcinqueterre.eu\/fr\/wp-json\/wp\/v2\/pages"}],"about":[{"href":"https:\/\/www.visitcinqueterre.eu\/fr\/wp-json\/wp\/v2\/types\/page"}],"author":[{"embeddable":true,"href":"https:\/\/www.visitcinqueterre.eu\/fr\/wp-json\/wp\/v2\/users\/4"}],"replies":[{"embeddable":true,"href":"https:\/\/www.visitcinqueterre.eu\/fr\/wp-json\/wp\/v2\/comments?post=2767"}],"version-history":[{"count":7,"href":"https:\/\/www.visitcinqueterre.eu\/fr\/wp-json\/wp\/v2\/pages\/2767\/revisions"}],"predecessor-version":[{"id":3778,"href":"https:\/\/www.visitcinqueterre.eu\/fr\/wp-json\/wp\/v2\/pages\/2767\/revisions\/3778"}],"wp:attachment":[{"href":"https:\/\/www.visitcinqueterre.eu\/fr\/wp-json\/wp\/v2\/media?parent=2767"}],"curies":[{"name":"wp","href":"https:\/\/api.w.org\/{rel}","templated":true}]}}