{"id":3033,"date":"2020-06-15T16:50:05","date_gmt":"2020-06-15T14:50:05","guid":{"rendered":"https:\/\/www.visitcinqueterre.eu\/?page_id=3033"},"modified":"2022-04-27T18:51:19","modified_gmt":"2022-04-27T16:51:19","slug":"parcheggi","status":"publish","type":"page","link":"https:\/\/www.visitcinqueterre.eu\/fr\/informations-utiles\/parcheggi\/","title":{"rendered":"Places de parking"},"content":{"rendered":"<p>Les Cinque Terre ne sont pas la bonne destination pour des vacances en voiture, aussi et surtout en raison de la raret\u00e9 des places de parking dans les cinq villages.<br \/>\nCependant, si vous n&rsquo;avez pas d&rsquo;autre choix que de rejoindre Riomaggiore et Manarola en voiture, voici quelques informations sur le stationnement.<br \/>\nGardez \u00e0 l&rsquo;esprit que la plupart des parkings (lignes jaunes) sont r\u00e9serv\u00e9s aux r\u00e9sidents. Se garer dans ces \u00e9tals pourrait vous co\u00fbter une belle amende !<\/p>\n<h2>Se garer \u00e0 Riomaggiore<\/h2>\n<p>Riomaggiore dispose d&rsquo;un parking payant d&rsquo;une capacit\u00e9 d&rsquo;environ 60 voitures, situ\u00e9 dans la partie haute de la ville, \u00e0 environ 10 minutes \u00e0 pied du centre.<br \/>\nLes silos \u00e0 voitures payants sont identifi\u00e9s par un panneau appel\u00e9 <em>Rio Park<\/em> et sont interdits. Il n&rsquo;est pas possible de r\u00e9server une place \u00e0 l&rsquo;avance et l&rsquo;acc\u00e8s est r\u00e9serv\u00e9 aux voitures de moins de 1,95 m de hauteur.<br \/>\nLe tarif horaire est de 3,50 \u20ac et le tarif journalier de 35 \u20ac, \u00e0 r\u00e9gler aux distributeurs automatiques de billets, en esp\u00e8ces ou par carte bancaire, au bout du parking.<br \/>\nPr\u00e8s du Rio Park, il y a cinq autres places avec un parking gratuit pendant une heure et un disque de stationnement obligatoire. Sept autres parkings \u00e0 disque de 2 heures (du 08 au 20) sont situ\u00e9s \u00e0 proximit\u00e9 du cimeti\u00e8re, ces places deviennent gratuites pour la nuit.<\/p>\n<p>Sinon, vous pouvez vous garer le long de la route panoramique, gratuitement dans les espaces autoris\u00e9s. De l\u00e0, vous pouvez rejoindre le centre-ville par des chemins (escaliers raides, pour les personnes pr\u00e9par\u00e9es) ou en <a href=\"https:\/\/www.visitcinqueterre.eu\/2022\/04\/01\/bus-navetta\/\">navette.<\/a><\/p>\n<h2>Parking Zorza<\/h2>\n<p>Le long de la route carrossable entre Riomaggiore et Manarola, vous trouverez un parking payant dans la localit\u00e9 de Zorza.<br \/>\nCe parking co\u00fbte 1,00 \u20ac de l&rsquo;heure (paiement par distributeur automatique de billets) et 2,50 \u20ac de l&rsquo;heure pour les caravanes, mais le camping n&rsquo;est pas autoris\u00e9.<\/p>\n<p>En vous garant ici, vous aurez le droit d&rsquo;utiliser gratuitement la <a href=\"https:\/\/www.visitcinqueterre.eu\/2022\/04\/01\/bus-navetta\/\">navette<\/a> pour Riomaggiore ou Manarola.<\/p>\n<h2><\/h2>\n<h2>Se garer \u00e0 Manarola<\/h2>\n<p>\u00c0 Manarola, vous disposez de deux parkings, Posella et Acquarino, tous deux situ\u00e9s \u00e0 environ 10-15 minutes \u00e0 pied de la ville.<br \/>\nLe stationnement est payant et le tarif horaire est de 2,50 \u20ac et le tarif journalier de 20 \u20ac, \u00e0 r\u00e9gler au guichet automatique. M\u00eame dans ce parking, il n&rsquo;est pas possible de r\u00e9server un arr\u00eat \u00e0 l&rsquo;avance.<br \/>\nTant au parking Acquarino qu&rsquo;au parking Posella, il est possible d&rsquo;acheter des pass pour plusieurs jours : 2 jours 35 \u20ac, 3 jours 50 \u20ac &#8230;. jusqu&rsquo;\u00e0 un maximum de 30 jours.<br \/>\nAvant d&rsquo;arriver au parking, le long de la route, il est permis de se garer gratuitement dans les espaces pr\u00e9vus.<\/p>\n<p>Une autorisation est n\u00e9cessaire pour acc\u00e9der aux <a href=\"http:\/\/www.manarolaparkbus.it\">bus touristiques<\/a> , qui doivent \u00eatre demand\u00e9es via une proc\u00e9dure en ligne sp\u00e9cifique.<\/p>\n<p><iframe src=\"https:\/\/www.google.com\/maps\/d\/embed?mid=1rsuKOPxGpISBLoLQKYzTvD6GKDnVEh4o\" width=\"640\" height=\"480\"><\/iframe><\/p>\n","protected":false},"excerpt":{"rendered":"<p>Les Cinque Terre ne sont pas la bonne destination pour des vacances en voiture, aussi et surtout en raison de la raret\u00e9 des places de parking dans les cinq villages. Cependant, si vous n&rsquo;avez pas d&rsquo;autre choix que de rejoindre Riomaggiore et Manarola en voiture, voici quelques informations sur le stationnement. Gardez \u00e0 l&rsquo;esprit que [&hellip;]<\/p>\n","protected":false},"author":2,"featured_media":0,"parent":2682,"menu_order":0,"comment_status":"closed","ping_status":"closed","template":"","meta":{"_acf_changed":false,"footnotes":""},"class_list":["post-3033","page","type-page","status-publish","hentry"],"acf":[],"yoast_head":"<!-- This site is optimized with the Yoast SEO plugin v26.6 - https:\/\/yoast.com\/wordpress\/plugins\/seo\/ -->\n<title>Parking aux Cinque Terre : informations pratiques et tarifs<\/title>\n<meta name=\"description\" content=\"Parking \u00e0 Riomaggiore et Manarola : informations pratiques, tarifs journaliers et horaires et autres d\u00e9tails utiles pour s&#039;organiser.\" \/>\n<meta name=\"robots\" content=\"index, follow, max-snippet:-1, max-image-preview:large, max-video-preview:-1\" \/>\n<link rel=\"canonical\" href=\"https:\/\/www.visitcinqueterre.eu\/fr\/informations-utiles\/parcheggi\/\" \/>\n<meta property=\"og:locale\" content=\"fr_FR\" \/>\n<meta property=\"og:type\" content=\"article\" \/>\n<meta property=\"og:title\" content=\"Stationnement \u00e0 Riomaggiore et Manarola\" \/>\n<meta property=\"og:description\" content=\"Parking \u00e0 Riomaggiore et Manarola : informations pratiques, tarifs journaliers et horaires et autres d\u00e9tails utiles pour s&#039;organiser.\" \/>\n<meta property=\"og:url\" content=\"https:\/\/www.visitcinqueterre.eu\/fr\/informations-utiles\/parcheggi\/\" \/>\n<meta property=\"og:site_name\" content=\"Visit Cinque Terre\" \/>\n<meta property=\"article:modified_time\" content=\"2022-04-27T16:51:19+00:00\" \/>\n<meta name=\"twitter:card\" content=\"summary_large_image\" \/>\n<meta name=\"twitter:title\" content=\"Stationnement \u00e0 Riomaggiore et Manarola\" \/>\n<meta name=\"twitter:description\" content=\"Parking \u00e0 Riomaggiore et Manarola : informations pratiques, tarifs journaliers et horaires et autres d\u00e9tails utiles pour s&#039;organiser.\" \/>\n<meta name=\"twitter:label1\" content=\"Dur\u00e9e de lecture estim\u00e9e\" \/>\n\t<meta name=\"twitter:data1\" content=\"2 minutes\" \/>\n<script type=\"application\/ld+json\" class=\"yoast-schema-graph\">{\"@context\":\"https:\/\/schema.org\",\"@graph\":[{\"@type\":\"WebPage\",\"@id\":\"https:\/\/www.visitcinqueterre.eu\/fr\/informations-utiles\/parcheggi\/\",\"url\":\"https:\/\/www.visitcinqueterre.eu\/fr\/informations-utiles\/parcheggi\/\",\"name\":\"Parking aux Cinque Terre : informations pratiques et tarifs\",\"isPartOf\":{\"@id\":\"https:\/\/www.visitcinqueterre.eu\/fr\/#website\"},\"datePublished\":\"2020-06-15T14:50:05+00:00\",\"dateModified\":\"2022-04-27T16:51:19+00:00\",\"description\":\"Parking \u00e0 Riomaggiore et Manarola : informations pratiques, tarifs journaliers et horaires et autres d\u00e9tails utiles pour s'organiser.\",\"breadcrumb\":{\"@id\":\"https:\/\/www.visitcinqueterre.eu\/fr\/informations-utiles\/parcheggi\/#breadcrumb\"},\"inLanguage\":\"fr-FR\",\"potentialAction\":[{\"@type\":\"ReadAction\",\"target\":[\"https:\/\/www.visitcinqueterre.eu\/fr\/informations-utiles\/parcheggi\/\"]}]},{\"@type\":\"BreadcrumbList\",\"@id\":\"https:\/\/www.visitcinqueterre.eu\/fr\/informations-utiles\/parcheggi\/#breadcrumb\",\"itemListElement\":[{\"@type\":\"ListItem\",\"position\":1,\"name\":\"Home\",\"item\":\"https:\/\/www.visitcinqueterre.eu\/fr\/\"},{\"@type\":\"ListItem\",\"position\":2,\"name\":\"Informations utiles\",\"item\":\"https:\/\/www.visitcinqueterre.eu\/fr\/informations-utiles\/\"},{\"@type\":\"ListItem\",\"position\":3,\"name\":\"Places de parking\"}]},{\"@type\":\"WebSite\",\"@id\":\"https:\/\/www.visitcinqueterre.eu\/fr\/#website\",\"url\":\"https:\/\/www.visitcinqueterre.eu\/fr\/\",\"name\":\"Visit Cinque Terre\",\"description\":\"Portale turistico delle Cinque Terre\",\"potentialAction\":[{\"@type\":\"SearchAction\",\"target\":{\"@type\":\"EntryPoint\",\"urlTemplate\":\"https:\/\/www.visitcinqueterre.eu\/fr\/?s={search_term_string}\"},\"query-input\":{\"@type\":\"PropertyValueSpecification\",\"valueRequired\":true,\"valueName\":\"search_term_string\"}}],\"inLanguage\":\"fr-FR\"}]}<\/script>\n<!-- \/ Yoast SEO plugin. -->","yoast_head_json":{"title":"Parking aux Cinque Terre : informations pratiques et tarifs","description":"Parking \u00e0 Riomaggiore et Manarola : informations pratiques, tarifs journaliers et horaires et autres d\u00e9tails utiles pour s'organiser.","robots":{"index":"index","follow":"follow","max-snippet":"max-snippet:-1","max-image-preview":"max-image-preview:large","max-video-preview":"max-video-preview:-1"},"canonical":"https:\/\/www.visitcinqueterre.eu\/fr\/informations-utiles\/parcheggi\/","og_locale":"fr_FR","og_type":"article","og_title":"Stationnement \u00e0 Riomaggiore et Manarola","og_description":"Parking \u00e0 Riomaggiore et Manarola : informations pratiques, tarifs journaliers et horaires et autres d\u00e9tails utiles pour s'organiser.","og_url":"https:\/\/www.visitcinqueterre.eu\/fr\/informations-utiles\/parcheggi\/","og_site_name":"Visit Cinque Terre","article_modified_time":"2022-04-27T16:51:19+00:00","twitter_card":"summary_large_image","twitter_title":"Stationnement \u00e0 Riomaggiore et Manarola","twitter_description":"Parking \u00e0 Riomaggiore et Manarola : informations pratiques, tarifs journaliers et horaires et autres d\u00e9tails utiles pour s'organiser.","twitter_misc":{"Dur\u00e9e de lecture estim\u00e9e":"2 minutes"},"schema":{"@context":"https:\/\/schema.org","@graph":[{"@type":"WebPage","@id":"https:\/\/www.visitcinqueterre.eu\/fr\/informations-utiles\/parcheggi\/","url":"https:\/\/www.visitcinqueterre.eu\/fr\/informations-utiles\/parcheggi\/","name":"Parking aux Cinque Terre : informations pratiques et tarifs","isPartOf":{"@id":"https:\/\/www.visitcinqueterre.eu\/fr\/#website"},"datePublished":"2020-06-15T14:50:05+00:00","dateModified":"2022-04-27T16:51:19+00:00","description":"Parking \u00e0 Riomaggiore et Manarola : informations pratiques, tarifs journaliers et horaires et autres d\u00e9tails utiles pour s'organiser.","breadcrumb":{"@id":"https:\/\/www.visitcinqueterre.eu\/fr\/informations-utiles\/parcheggi\/#breadcrumb"},"inLanguage":"fr-FR","potentialAction":[{"@type":"ReadAction","target":["https:\/\/www.visitcinqueterre.eu\/fr\/informations-utiles\/parcheggi\/"]}]},{"@type":"BreadcrumbList","@id":"https:\/\/www.visitcinqueterre.eu\/fr\/informations-utiles\/parcheggi\/#breadcrumb","itemListElement":[{"@type":"ListItem","position":1,"name":"Home","item":"https:\/\/www.visitcinqueterre.eu\/fr\/"},{"@type":"ListItem","position":2,"name":"Informations utiles","item":"https:\/\/www.visitcinqueterre.eu\/fr\/informations-utiles\/"},{"@type":"ListItem","position":3,"name":"Places de parking"}]},{"@type":"WebSite","@id":"https:\/\/www.visitcinqueterre.eu\/fr\/#website","url":"https:\/\/www.visitcinqueterre.eu\/fr\/","name":"Visit Cinque Terre","description":"Portale turistico delle Cinque Terre","potentialAction":[{"@type":"SearchAction","target":{"@type":"EntryPoint","urlTemplate":"https:\/\/www.visitcinqueterre.eu\/fr\/?s={search_term_string}"},"query-input":{"@type":"PropertyValueSpecification","valueRequired":true,"valueName":"search_term_string"}}],"inLanguage":"fr-FR"}]}},"_links":{"self":[{"href":"https:\/\/www.visitcinqueterre.eu\/fr\/wp-json\/wp\/v2\/pages\/3033","targetHints":{"allow":["GET"]}}],"collection":[{"href":"https:\/\/www.visitcinqueterre.eu\/fr\/wp-json\/wp\/v2\/pages"}],"about":[{"href":"https:\/\/www.visitcinqueterre.eu\/fr\/wp-json\/wp\/v2\/types\/page"}],"author":[{"embeddable":true,"href":"https:\/\/www.visitcinqueterre.eu\/fr\/wp-json\/wp\/v2\/users\/2"}],"replies":[{"embeddable":true,"href":"https:\/\/www.visitcinqueterre.eu\/fr\/wp-json\/wp\/v2\/comments?post=3033"}],"version-history":[{"count":23,"href":"https:\/\/www.visitcinqueterre.eu\/fr\/wp-json\/wp\/v2\/pages\/3033\/revisions"}],"predecessor-version":[{"id":4838,"href":"https:\/\/www.visitcinqueterre.eu\/fr\/wp-json\/wp\/v2\/pages\/3033\/revisions\/4838"}],"up":[{"embeddable":true,"href":"https:\/\/www.visitcinqueterre.eu\/fr\/wp-json\/wp\/v2\/pages\/2682"}],"wp:attachment":[{"href":"https:\/\/www.visitcinqueterre.eu\/fr\/wp-json\/wp\/v2\/media?parent=3033"}],"curies":[{"name":"wp","href":"https:\/\/api.w.org\/{rel}","templated":true}]}}