{"id":3265,"date":"2020-06-17T17:47:40","date_gmt":"2020-06-17T15:47:40","guid":{"rendered":"https:\/\/www.visitcinqueterre.eu\/informations-utiles\/tassa-di-soggiorno-riomaggiore\/"},"modified":"2020-06-23T18:13:06","modified_gmt":"2020-06-23T16:13:06","slug":"tassa-di-soggiorno-riomaggiore","status":"publish","type":"page","link":"https:\/\/www.visitcinqueterre.eu\/fr\/informations-utiles\/tassa-di-soggiorno-riomaggiore\/","title":{"rendered":"La taxe de s\u00e9jour"},"content":{"rendered":"\n<p>Lors d&rsquo;un s\u00e9jour dans un logement situ\u00e9 dans la municipalit\u00e9 de Riomaggiore, il y a une taxe de s\u00e9jour: 2 \u20ac par personne et par jour pour les trois premiers jours (enfants de moins de 10 ans et guides touristiques exclus).<\/p>\n\n\n\n<p>Voici les d\u00e9tails de ce qui a \u00e9t\u00e9 r\u00e9alis\u00e9 et financ\u00e9 avec ces ressources :<\/p>\n\n\n\n<figure class=\"wp-block-gallery columns-2 is-cropped wp-block-gallery-1 is-layout-flex wp-block-gallery-is-layout-flex\"><ul class=\"blocks-gallery-grid\"><li class=\"blocks-gallery-item\"><figure><img fetchpriority=\"high\" decoding=\"async\" width=\"724\" height=\"1024\" src=\"https:\/\/www.visitcinqueterre.eu\/wp-content\/uploads\/2020\/06\/1-724x1024.jpg\" alt=\"\" data-id=\"3256\" data-full-url=\"https:\/\/www.visitcinqueterre.eu\/wp-content\/uploads\/2020\/06\/1.jpg\" data-link=\"https:\/\/www.visitcinqueterre.eu\/informations-utiles\/tassa-di-soggiorno-riomaggiore\/1-2\/?lang=fr\" class=\"wp-image-3256\" srcset=\"https:\/\/www.visitcinqueterre.eu\/wp-content\/uploads\/2020\/06\/1-724x1024.jpg 724w, https:\/\/www.visitcinqueterre.eu\/wp-content\/uploads\/2020\/06\/1-212x300.jpg 212w, https:\/\/www.visitcinqueterre.eu\/wp-content\/uploads\/2020\/06\/1-768x1086.jpg 768w, https:\/\/www.visitcinqueterre.eu\/wp-content\/uploads\/2020\/06\/1-1086x1536.jpg 1086w, https:\/\/www.visitcinqueterre.eu\/wp-content\/uploads\/2020\/06\/1.jpg 1414w\" sizes=\"(max-width: 724px) 100vw, 724px\" \/><\/figure><\/li><li class=\"blocks-gallery-item\"><figure><img decoding=\"async\" width=\"724\" height=\"1024\" src=\"https:\/\/www.visitcinqueterre.eu\/wp-content\/uploads\/2020\/06\/2-1-724x1024.png\" alt=\"\" data-id=\"3244\" data-full-url=\"https:\/\/www.visitcinqueterre.eu\/wp-content\/uploads\/2020\/06\/2-1.png\" data-link=\"https:\/\/www.visitcinqueterre.eu\/informations-utiles\/tassa-di-soggiorno-riomaggiore\/2-1-2\/?lang=fr\" class=\"wp-image-3244\" srcset=\"https:\/\/www.visitcinqueterre.eu\/wp-content\/uploads\/2020\/06\/2-1-724x1024.png 724w, https:\/\/www.visitcinqueterre.eu\/wp-content\/uploads\/2020\/06\/2-1-212x300.png 212w, https:\/\/www.visitcinqueterre.eu\/wp-content\/uploads\/2020\/06\/2-1-768x1086.png 768w, https:\/\/www.visitcinqueterre.eu\/wp-content\/uploads\/2020\/06\/2-1-1086x1536.png 1086w, https:\/\/www.visitcinqueterre.eu\/wp-content\/uploads\/2020\/06\/2-1.png 1414w\" sizes=\"(max-width: 724px) 100vw, 724px\" \/><\/figure><\/li><\/ul><\/figure>\n","protected":false},"excerpt":{"rendered":"<p>Lors d&rsquo;un s\u00e9jour dans un logement situ\u00e9 dans la municipalit\u00e9 de Riomaggiore, il y a une taxe de s\u00e9jour: 2 \u20ac par personne et par jour pour les trois premiers jours (enfants de moins de 10 ans et guides touristiques exclus). Voici les d\u00e9tails de ce qui a \u00e9t\u00e9 r\u00e9alis\u00e9 et financ\u00e9 avec ces ressources [&hellip;]<\/p>\n","protected":false},"author":2,"featured_media":0,"parent":2682,"menu_order":0,"comment_status":"closed","ping_status":"closed","template":"","meta":{"_acf_changed":false,"footnotes":""},"class_list":["post-3265","page","type-page","status-publish","hentry"],"acf":[],"yoast_head":"<!-- This site is optimized with the Yoast SEO plugin v27.5 - https:\/\/yoast.com\/product\/yoast-seo-wordpress\/ -->\n<title>La taxe de s\u00e9jour \u00e0 Riomaggiore et Manarola: informations utiles<\/title>\n<meta name=\"description\" content=\"La taxe de s\u00e9jour \u00e0 Riomaggiore et Manarola: informations utiles sur les projets mis en \u0153uvre et planifi\u00e9s gr\u00e2ce \u00e0 ces ressources.\" \/>\n<meta name=\"robots\" content=\"index, follow, max-snippet:-1, max-image-preview:large, max-video-preview:-1\" \/>\n<link rel=\"canonical\" href=\"https:\/\/www.visitcinqueterre.eu\/fr\/informations-utiles\/tassa-di-soggiorno-riomaggiore\/\" \/>\n<meta property=\"og:locale\" content=\"fr_FR\" \/>\n<meta property=\"og:type\" content=\"article\" \/>\n<meta property=\"og:title\" content=\"La taxe de s\u00e9jour \u00e0 Riomaggiore et Manarola\" \/>\n<meta property=\"og:description\" content=\"La taxe de s\u00e9jour \u00e0 Riomaggiore et Manarola: informations utiles sur les projets mis en \u0153uvre et planifi\u00e9s gr\u00e2ce \u00e0 ces ressources.\" \/>\n<meta property=\"og:url\" content=\"https:\/\/www.visitcinqueterre.eu\/fr\/informations-utiles\/tassa-di-soggiorno-riomaggiore\/\" \/>\n<meta property=\"og:site_name\" content=\"Visit Cinque Terre\" \/>\n<meta property=\"article:modified_time\" content=\"2020-06-23T16:13:06+00:00\" \/>\n<meta property=\"og:image\" content=\"https:\/\/www.visitcinqueterre.eu\/wp-content\/uploads\/2020\/06\/2-2.png\" \/>\n<meta name=\"twitter:card\" content=\"summary_large_image\" \/>\n<meta name=\"twitter:title\" content=\"La taxe de s\u00e9jour \u00e0 Riomaggiore et Manarola\" \/>\n<meta name=\"twitter:description\" content=\"La taxe de s\u00e9jour \u00e0 Riomaggiore et Manarola: informations utiles sur les projets mis en \u0153uvre et planifi\u00e9s gr\u00e2ce \u00e0 ces ressources.\" \/>\n<meta name=\"twitter:image\" content=\"https:\/\/www.visitcinqueterre.eu\/wp-content\/uploads\/2020\/06\/1-copia.jpg\" \/>\n<script type=\"application\/ld+json\" class=\"yoast-schema-graph\">{\"@context\":\"https:\\\/\\\/schema.org\",\"@graph\":[{\"@type\":\"WebPage\",\"@id\":\"https:\\\/\\\/www.visitcinqueterre.eu\\\/fr\\\/informations-utiles\\\/tassa-di-soggiorno-riomaggiore\\\/\",\"url\":\"https:\\\/\\\/www.visitcinqueterre.eu\\\/fr\\\/informations-utiles\\\/tassa-di-soggiorno-riomaggiore\\\/\",\"name\":\"La taxe de s\u00e9jour \u00e0 Riomaggiore et Manarola: informations utiles\",\"isPartOf\":{\"@id\":\"https:\\\/\\\/www.visitcinqueterre.eu\\\/fr\\\/#website\"},\"primaryImageOfPage\":{\"@id\":\"https:\\\/\\\/www.visitcinqueterre.eu\\\/fr\\\/informations-utiles\\\/tassa-di-soggiorno-riomaggiore\\\/#primaryimage\"},\"image\":{\"@id\":\"https:\\\/\\\/www.visitcinqueterre.eu\\\/fr\\\/informations-utiles\\\/tassa-di-soggiorno-riomaggiore\\\/#primaryimage\"},\"thumbnailUrl\":\"https:\\\/\\\/www.visitcinqueterre.eu\\\/wp-content\\\/uploads\\\/2020\\\/06\\\/1-724x1024.jpg\",\"datePublished\":\"2020-06-17T15:47:40+00:00\",\"dateModified\":\"2020-06-23T16:13:06+00:00\",\"description\":\"La taxe de s\u00e9jour \u00e0 Riomaggiore et Manarola: informations utiles sur les projets mis en \u0153uvre et planifi\u00e9s gr\u00e2ce \u00e0 ces ressources.\",\"breadcrumb\":{\"@id\":\"https:\\\/\\\/www.visitcinqueterre.eu\\\/fr\\\/informations-utiles\\\/tassa-di-soggiorno-riomaggiore\\\/#breadcrumb\"},\"inLanguage\":\"fr-FR\",\"potentialAction\":[{\"@type\":\"ReadAction\",\"target\":[\"https:\\\/\\\/www.visitcinqueterre.eu\\\/fr\\\/informations-utiles\\\/tassa-di-soggiorno-riomaggiore\\\/\"]}]},{\"@type\":\"ImageObject\",\"inLanguage\":\"fr-FR\",\"@id\":\"https:\\\/\\\/www.visitcinqueterre.eu\\\/fr\\\/informations-utiles\\\/tassa-di-soggiorno-riomaggiore\\\/#primaryimage\",\"url\":\"https:\\\/\\\/www.visitcinqueterre.eu\\\/wp-content\\\/uploads\\\/2020\\\/06\\\/1-724x1024.jpg\",\"contentUrl\":\"https:\\\/\\\/www.visitcinqueterre.eu\\\/wp-content\\\/uploads\\\/2020\\\/06\\\/1-724x1024.jpg\"},{\"@type\":\"BreadcrumbList\",\"@id\":\"https:\\\/\\\/www.visitcinqueterre.eu\\\/fr\\\/informations-utiles\\\/tassa-di-soggiorno-riomaggiore\\\/#breadcrumb\",\"itemListElement\":[{\"@type\":\"ListItem\",\"position\":1,\"name\":\"Home\",\"item\":\"https:\\\/\\\/www.visitcinqueterre.eu\\\/fr\\\/\"},{\"@type\":\"ListItem\",\"position\":2,\"name\":\"Informations utiles\",\"item\":\"https:\\\/\\\/www.visitcinqueterre.eu\\\/fr\\\/informations-utiles\\\/\"},{\"@type\":\"ListItem\",\"position\":3,\"name\":\"La taxe de s\u00e9jour\"}]},{\"@type\":\"WebSite\",\"@id\":\"https:\\\/\\\/www.visitcinqueterre.eu\\\/fr\\\/#website\",\"url\":\"https:\\\/\\\/www.visitcinqueterre.eu\\\/fr\\\/\",\"name\":\"Visit Cinque Terre\",\"description\":\"Portale turistico delle Cinque Terre\",\"potentialAction\":[{\"@type\":\"SearchAction\",\"target\":{\"@type\":\"EntryPoint\",\"urlTemplate\":\"https:\\\/\\\/www.visitcinqueterre.eu\\\/fr\\\/?s={search_term_string}\"},\"query-input\":{\"@type\":\"PropertyValueSpecification\",\"valueRequired\":true,\"valueName\":\"search_term_string\"}}],\"inLanguage\":\"fr-FR\"}]}<\/script>\n<!-- \/ Yoast SEO plugin. -->","yoast_head_json":{"title":"La taxe de s\u00e9jour \u00e0 Riomaggiore et Manarola: informations utiles","description":"La taxe de s\u00e9jour \u00e0 Riomaggiore et Manarola: informations utiles sur les projets mis en \u0153uvre et planifi\u00e9s gr\u00e2ce \u00e0 ces ressources.","robots":{"index":"index","follow":"follow","max-snippet":"max-snippet:-1","max-image-preview":"max-image-preview:large","max-video-preview":"max-video-preview:-1"},"canonical":"https:\/\/www.visitcinqueterre.eu\/fr\/informations-utiles\/tassa-di-soggiorno-riomaggiore\/","og_locale":"fr_FR","og_type":"article","og_title":"La taxe de s\u00e9jour \u00e0 Riomaggiore et Manarola","og_description":"La taxe de s\u00e9jour \u00e0 Riomaggiore et Manarola: informations utiles sur les projets mis en \u0153uvre et planifi\u00e9s gr\u00e2ce \u00e0 ces ressources.","og_url":"https:\/\/www.visitcinqueterre.eu\/fr\/informations-utiles\/tassa-di-soggiorno-riomaggiore\/","og_site_name":"Visit Cinque Terre","article_modified_time":"2020-06-23T16:13:06+00:00","og_image":[{"url":"https:\/\/www.visitcinqueterre.eu\/wp-content\/uploads\/2020\/06\/2-2.png","type":"","width":"","height":""}],"twitter_card":"summary_large_image","twitter_title":"La taxe de s\u00e9jour \u00e0 Riomaggiore et Manarola","twitter_description":"La taxe de s\u00e9jour \u00e0 Riomaggiore et Manarola: informations utiles sur les projets mis en \u0153uvre et planifi\u00e9s gr\u00e2ce \u00e0 ces ressources.","twitter_image":"https:\/\/www.visitcinqueterre.eu\/wp-content\/uploads\/2020\/06\/1-copia.jpg","schema":{"@context":"https:\/\/schema.org","@graph":[{"@type":"WebPage","@id":"https:\/\/www.visitcinqueterre.eu\/fr\/informations-utiles\/tassa-di-soggiorno-riomaggiore\/","url":"https:\/\/www.visitcinqueterre.eu\/fr\/informations-utiles\/tassa-di-soggiorno-riomaggiore\/","name":"La taxe de s\u00e9jour \u00e0 Riomaggiore et Manarola: informations utiles","isPartOf":{"@id":"https:\/\/www.visitcinqueterre.eu\/fr\/#website"},"primaryImageOfPage":{"@id":"https:\/\/www.visitcinqueterre.eu\/fr\/informations-utiles\/tassa-di-soggiorno-riomaggiore\/#primaryimage"},"image":{"@id":"https:\/\/www.visitcinqueterre.eu\/fr\/informations-utiles\/tassa-di-soggiorno-riomaggiore\/#primaryimage"},"thumbnailUrl":"https:\/\/www.visitcinqueterre.eu\/wp-content\/uploads\/2020\/06\/1-724x1024.jpg","datePublished":"2020-06-17T15:47:40+00:00","dateModified":"2020-06-23T16:13:06+00:00","description":"La taxe de s\u00e9jour \u00e0 Riomaggiore et Manarola: informations utiles sur les projets mis en \u0153uvre et planifi\u00e9s gr\u00e2ce \u00e0 ces ressources.","breadcrumb":{"@id":"https:\/\/www.visitcinqueterre.eu\/fr\/informations-utiles\/tassa-di-soggiorno-riomaggiore\/#breadcrumb"},"inLanguage":"fr-FR","potentialAction":[{"@type":"ReadAction","target":["https:\/\/www.visitcinqueterre.eu\/fr\/informations-utiles\/tassa-di-soggiorno-riomaggiore\/"]}]},{"@type":"ImageObject","inLanguage":"fr-FR","@id":"https:\/\/www.visitcinqueterre.eu\/fr\/informations-utiles\/tassa-di-soggiorno-riomaggiore\/#primaryimage","url":"https:\/\/www.visitcinqueterre.eu\/wp-content\/uploads\/2020\/06\/1-724x1024.jpg","contentUrl":"https:\/\/www.visitcinqueterre.eu\/wp-content\/uploads\/2020\/06\/1-724x1024.jpg"},{"@type":"BreadcrumbList","@id":"https:\/\/www.visitcinqueterre.eu\/fr\/informations-utiles\/tassa-di-soggiorno-riomaggiore\/#breadcrumb","itemListElement":[{"@type":"ListItem","position":1,"name":"Home","item":"https:\/\/www.visitcinqueterre.eu\/fr\/"},{"@type":"ListItem","position":2,"name":"Informations utiles","item":"https:\/\/www.visitcinqueterre.eu\/fr\/informations-utiles\/"},{"@type":"ListItem","position":3,"name":"La taxe de s\u00e9jour"}]},{"@type":"WebSite","@id":"https:\/\/www.visitcinqueterre.eu\/fr\/#website","url":"https:\/\/www.visitcinqueterre.eu\/fr\/","name":"Visit Cinque Terre","description":"Portale turistico delle Cinque Terre","potentialAction":[{"@type":"SearchAction","target":{"@type":"EntryPoint","urlTemplate":"https:\/\/www.visitcinqueterre.eu\/fr\/?s={search_term_string}"},"query-input":{"@type":"PropertyValueSpecification","valueRequired":true,"valueName":"search_term_string"}}],"inLanguage":"fr-FR"}]}},"_links":{"self":[{"href":"https:\/\/www.visitcinqueterre.eu\/fr\/wp-json\/wp\/v2\/pages\/3265","targetHints":{"allow":["GET"]}}],"collection":[{"href":"https:\/\/www.visitcinqueterre.eu\/fr\/wp-json\/wp\/v2\/pages"}],"about":[{"href":"https:\/\/www.visitcinqueterre.eu\/fr\/wp-json\/wp\/v2\/types\/page"}],"author":[{"embeddable":true,"href":"https:\/\/www.visitcinqueterre.eu\/fr\/wp-json\/wp\/v2\/users\/2"}],"replies":[{"embeddable":true,"href":"https:\/\/www.visitcinqueterre.eu\/fr\/wp-json\/wp\/v2\/comments?post=3265"}],"version-history":[{"count":5,"href":"https:\/\/www.visitcinqueterre.eu\/fr\/wp-json\/wp\/v2\/pages\/3265\/revisions"}],"predecessor-version":[{"id":3714,"href":"https:\/\/www.visitcinqueterre.eu\/fr\/wp-json\/wp\/v2\/pages\/3265\/revisions\/3714"}],"up":[{"embeddable":true,"href":"https:\/\/www.visitcinqueterre.eu\/fr\/wp-json\/wp\/v2\/pages\/2682"}],"wp:attachment":[{"href":"https:\/\/www.visitcinqueterre.eu\/fr\/wp-json\/wp\/v2\/media?parent=3265"}],"curies":[{"name":"wp","href":"https:\/\/api.w.org\/{rel}","templated":true}]}}