{"id":3291,"date":"2020-06-17T22:08:56","date_gmt":"2020-06-17T20:08:56","guid":{"rendered":"https:\/\/www.visitcinqueterre.eu\/?page_id=3291"},"modified":"2020-06-23T08:58:24","modified_gmt":"2020-06-23T06:58:24","slug":"fontanelle-riomaggiore","status":"publish","type":"page","link":"https:\/\/www.visitcinqueterre.eu\/fr\/informations-utiles\/fontanelle-riomaggiore\/","title":{"rendered":"Fontaines d&rsquo;eau potable"},"content":{"rendered":"\t\t<div data-elementor-type=\"wp-page\" data-elementor-id=\"3291\" class=\"elementor elementor-3291 elementor-3288\" data-elementor-post-type=\"page\">\n\t\t\t\t\t\t<section class=\"elementor-section elementor-top-section elementor-element elementor-element-3d35cd8 elementor-section-boxed elementor-section-height-default elementor-section-height-default\" data-id=\"3d35cd8\" data-element_type=\"section\" data-e-type=\"section\" data-settings=\"{&quot;jet_parallax_layout_list&quot;:[{&quot;jet_parallax_layout_image&quot;:{&quot;url&quot;:&quot;&quot;,&quot;id&quot;:&quot;&quot;,&quot;size&quot;:&quot;&quot;},&quot;_id&quot;:&quot;54d1e2e&quot;,&quot;jet_parallax_layout_image_tablet&quot;:{&quot;url&quot;:&quot;&quot;,&quot;id&quot;:&quot;&quot;,&quot;size&quot;:&quot;&quot;},&quot;jet_parallax_layout_image_mobile&quot;:{&quot;url&quot;:&quot;&quot;,&quot;id&quot;:&quot;&quot;,&quot;size&quot;:&quot;&quot;},&quot;jet_parallax_layout_speed&quot;:{&quot;unit&quot;:&quot;%&quot;,&quot;size&quot;:50,&quot;sizes&quot;:[]},&quot;jet_parallax_layout_type&quot;:&quot;scroll&quot;,&quot;jet_parallax_layout_direction&quot;:&quot;1&quot;,&quot;jet_parallax_layout_fx_direction&quot;:null,&quot;jet_parallax_layout_z_index&quot;:&quot;&quot;,&quot;jet_parallax_layout_bg_x&quot;:50,&quot;jet_parallax_layout_bg_y&quot;:50,&quot;jet_parallax_layout_bg_size&quot;:&quot;auto&quot;,&quot;jet_parallax_layout_animation_prop&quot;:&quot;transform&quot;,&quot;jet_parallax_layout_on&quot;:[&quot;desktop&quot;,&quot;tablet&quot;],&quot;jet_parallax_layout_bg_x_tablet&quot;:&quot;&quot;,&quot;jet_parallax_layout_bg_x_mobile&quot;:&quot;&quot;,&quot;jet_parallax_layout_bg_y_tablet&quot;:&quot;&quot;,&quot;jet_parallax_layout_bg_y_mobile&quot;:&quot;&quot;,&quot;jet_parallax_layout_bg_size_tablet&quot;:&quot;&quot;,&quot;jet_parallax_layout_bg_size_mobile&quot;:&quot;&quot;}]}\">\n\t\t\t\t\t\t<div class=\"elementor-container elementor-column-gap-default\">\n\t\t\t\t\t<div class=\"elementor-column elementor-col-16 elementor-top-column elementor-element elementor-element-b0e385b\" data-id=\"b0e385b\" data-element_type=\"column\" data-e-type=\"column\">\n\t\t\t<div class=\"elementor-widget-wrap\">\n\t\t\t\t\t\t\t<\/div>\n\t\t<\/div>\n\t\t\t\t<div class=\"elementor-column elementor-col-66 elementor-top-column elementor-element elementor-element-e412c80\" data-id=\"e412c80\" data-element_type=\"column\" data-e-type=\"column\">\n\t\t\t<div class=\"elementor-widget-wrap elementor-element-populated\">\n\t\t\t\t\t\t<div class=\"elementor-element elementor-element-449d5213 elementor-widget elementor-widget-text-editor\" data-id=\"449d5213\" data-element_type=\"widget\" data-e-type=\"widget\" data-widget_type=\"text-editor.default\">\n\t\t\t\t<div class=\"elementor-widget-container\">\n\t\t\t\t\t\t\t\t\t<p><\/p>\n<p>Les fontaines d&rsquo;eau potable ont toujours \u00e9t\u00e9 une indication de la vie et, \u00e0 certains \u00e9gards, de la communaut\u00e9. De nos jours, elles sont \u00e9galement essentiels pour endiguer la <a href=\"https:\/\/www.visitcinqueterre.eu\/informations-utiles\/recyclage-et-ordures\/?lang=fr\" target=\"_blank\" rel=\"noopener\">pollution de l&rsquo;environnement<\/a> due au plastique.<\/p>\n<p><\/p>\n<p><\/p>\n<p>Nous vous invitons donc \u00e0 investir dans une gourde d&rsquo;eau, peut-\u00eatre thermique, et profiter des diff\u00e9rentes fontaines diss\u00e9min\u00e9es sur notre territoire pour la remplir.<\/p>\n<p><\/p>\n\t\t\t\t\t\t\t\t<\/div>\n\t\t\t\t<\/div>\n\t\t\t\t<div class=\"elementor-element elementor-element-a1e8e53 elementor-widget elementor-widget-spacer\" data-id=\"a1e8e53\" data-element_type=\"widget\" data-e-type=\"widget\" data-widget_type=\"spacer.default\">\n\t\t\t\t<div class=\"elementor-widget-container\">\n\t\t\t\t\t\t\t<div class=\"elementor-spacer\">\n\t\t\t<div class=\"elementor-spacer-inner\"><\/div>\n\t\t<\/div>\n\t\t\t\t\t\t<\/div>\n\t\t\t\t<\/div>\n\t\t\t\t<div class=\"elementor-element elementor-element-0b10a32 elementor-widget elementor-widget-wp-widget-custom_html\" data-id=\"0b10a32\" data-element_type=\"widget\" data-e-type=\"widget\" data-widget_type=\"wp-widget-custom_html.default\">\n\t\t\t\t<div class=\"elementor-widget-container\">\n\t\t\t\t\t<div class=\"jupiterx-widget widget_custom_html\"><div class=\"jupiterx-widget-content\"><div class=\"textwidget custom-html-widget\"><\/div><\/div><\/div>\t\t\t\t<\/div>\n\t\t\t\t<\/div>\n\t\t\t\t\t<\/div>\n\t\t<\/div>\n\t\t\t\t<div class=\"elementor-column elementor-col-16 elementor-top-column elementor-element elementor-element-ff6b415\" data-id=\"ff6b415\" data-element_type=\"column\" data-e-type=\"column\">\n\t\t\t<div class=\"elementor-widget-wrap\">\n\t\t\t\t\t\t\t<\/div>\n\t\t<\/div>\n\t\t\t\t\t<\/div>\n\t\t<\/section>\n\t\t\t\t<\/div>\n\t\t","protected":false},"excerpt":{"rendered":"<p>Les fontaines d&rsquo;eau potable ont toujours \u00e9t\u00e9 une indication de la vie et, \u00e0 certains \u00e9gards, de la communaut\u00e9. De nos jours, elles sont \u00e9galement essentiels pour endiguer la pollution de l&rsquo;environnement due au plastique. Nous vous invitons donc \u00e0 investir dans une gourde d&rsquo;eau, peut-\u00eatre thermique, et profiter des diff\u00e9rentes fontaines diss\u00e9min\u00e9es sur notre [&hellip;]<\/p>\n","protected":false},"author":2,"featured_media":0,"parent":2682,"menu_order":0,"comment_status":"closed","ping_status":"closed","template":"","meta":{"_acf_changed":false,"footnotes":""},"class_list":["post-3291","page","type-page","status-publish","hentry"],"acf":[],"yoast_head":"<!-- This site is optimized with the Yoast SEO plugin v27.5 - https:\/\/yoast.com\/product\/yoast-seo-wordpress\/ -->\n<title>Les fontaines d&#039;eau potable \u00e0 Riomaggiore<\/title>\n<meta name=\"description\" content=\"Les fontaines d&#039;eau potable ont toujours \u00e9t\u00e9 une indication de la vie et, \u00e0 certains \u00e9gards, de la communaut\u00e9. Voici une carte pour les trouver dans nos villages.\" \/>\n<meta name=\"robots\" content=\"index, follow, max-snippet:-1, max-image-preview:large, max-video-preview:-1\" \/>\n<link rel=\"canonical\" href=\"https:\/\/www.visitcinqueterre.eu\/fr\/informations-utiles\/fontanelle-riomaggiore\/\" \/>\n<meta property=\"og:locale\" content=\"fr_FR\" \/>\n<meta property=\"og:type\" content=\"article\" \/>\n<meta property=\"og:title\" content=\"Les fontaines d&#039;eau potable \u00e0 Riomaggiore\" \/>\n<meta property=\"og:description\" content=\"Les fontaines d&#039;eau potable ont toujours \u00e9t\u00e9 une indication de la vie et, \u00e0 certains \u00e9gards, de la communaut\u00e9. Voici une carte pour les trouver dans nos villages.\" \/>\n<meta property=\"og:url\" content=\"https:\/\/www.visitcinqueterre.eu\/fr\/informations-utiles\/fontanelle-riomaggiore\/\" \/>\n<meta property=\"og:site_name\" content=\"Visit Cinque Terre\" \/>\n<meta property=\"article:modified_time\" content=\"2020-06-23T06:58:24+00:00\" \/>\n<meta property=\"og:image\" content=\"https:\/\/www.visitcinqueterre.eu\/wp-content\/uploads\/2020\/06\/fontane-acqua.png\" \/>\n<meta name=\"twitter:card\" content=\"summary_large_image\" \/>\n<meta name=\"twitter:title\" content=\"Les fontaines d&#039;eau potable \u00e0 Riomaggiore\" \/>\n<meta name=\"twitter:description\" content=\"Les fontaines d&#039;eau potable ont toujours \u00e9t\u00e9 une indication de la vie et, \u00e0 certains \u00e9gards, de la communaut\u00e9. Voici une carte pour les trouver dans nos villages.\" \/>\n<meta name=\"twitter:image\" content=\"https:\/\/www.visitcinqueterre.eu\/wp-content\/uploads\/2020\/06\/fontane-acqua.png\" \/>\n<script type=\"application\/ld+json\" class=\"yoast-schema-graph\">{\"@context\":\"https:\\\/\\\/schema.org\",\"@graph\":[{\"@type\":\"WebPage\",\"@id\":\"https:\\\/\\\/www.visitcinqueterre.eu\\\/fr\\\/informations-utiles\\\/fontanelle-riomaggiore\\\/\",\"url\":\"https:\\\/\\\/www.visitcinqueterre.eu\\\/fr\\\/informations-utiles\\\/fontanelle-riomaggiore\\\/\",\"name\":\"Les fontaines d'eau potable \u00e0 Riomaggiore\",\"isPartOf\":{\"@id\":\"https:\\\/\\\/www.visitcinqueterre.eu\\\/fr\\\/#website\"},\"datePublished\":\"2020-06-17T20:08:56+00:00\",\"dateModified\":\"2020-06-23T06:58:24+00:00\",\"description\":\"Les fontaines d'eau potable ont toujours \u00e9t\u00e9 une indication de la vie et, \u00e0 certains \u00e9gards, de la communaut\u00e9. Voici une carte pour les trouver dans nos villages.\",\"breadcrumb\":{\"@id\":\"https:\\\/\\\/www.visitcinqueterre.eu\\\/fr\\\/informations-utiles\\\/fontanelle-riomaggiore\\\/#breadcrumb\"},\"inLanguage\":\"fr-FR\",\"potentialAction\":[{\"@type\":\"ReadAction\",\"target\":[\"https:\\\/\\\/www.visitcinqueterre.eu\\\/fr\\\/informations-utiles\\\/fontanelle-riomaggiore\\\/\"]}]},{\"@type\":\"BreadcrumbList\",\"@id\":\"https:\\\/\\\/www.visitcinqueterre.eu\\\/fr\\\/informations-utiles\\\/fontanelle-riomaggiore\\\/#breadcrumb\",\"itemListElement\":[{\"@type\":\"ListItem\",\"position\":1,\"name\":\"Home\",\"item\":\"https:\\\/\\\/www.visitcinqueterre.eu\\\/fr\\\/\"},{\"@type\":\"ListItem\",\"position\":2,\"name\":\"Informations utiles\",\"item\":\"https:\\\/\\\/www.visitcinqueterre.eu\\\/fr\\\/informations-utiles\\\/\"},{\"@type\":\"ListItem\",\"position\":3,\"name\":\"Fontaines d&#8217;eau potable\"}]},{\"@type\":\"WebSite\",\"@id\":\"https:\\\/\\\/www.visitcinqueterre.eu\\\/fr\\\/#website\",\"url\":\"https:\\\/\\\/www.visitcinqueterre.eu\\\/fr\\\/\",\"name\":\"Visit Cinque Terre\",\"description\":\"Portale turistico delle Cinque Terre\",\"potentialAction\":[{\"@type\":\"SearchAction\",\"target\":{\"@type\":\"EntryPoint\",\"urlTemplate\":\"https:\\\/\\\/www.visitcinqueterre.eu\\\/fr\\\/?s={search_term_string}\"},\"query-input\":{\"@type\":\"PropertyValueSpecification\",\"valueRequired\":true,\"valueName\":\"search_term_string\"}}],\"inLanguage\":\"fr-FR\"}]}<\/script>\n<!-- \/ Yoast SEO plugin. -->","yoast_head_json":{"title":"Les fontaines d'eau potable \u00e0 Riomaggiore","description":"Les fontaines d'eau potable ont toujours \u00e9t\u00e9 une indication de la vie et, \u00e0 certains \u00e9gards, de la communaut\u00e9. Voici une carte pour les trouver dans nos villages.","robots":{"index":"index","follow":"follow","max-snippet":"max-snippet:-1","max-image-preview":"max-image-preview:large","max-video-preview":"max-video-preview:-1"},"canonical":"https:\/\/www.visitcinqueterre.eu\/fr\/informations-utiles\/fontanelle-riomaggiore\/","og_locale":"fr_FR","og_type":"article","og_title":"Les fontaines d'eau potable \u00e0 Riomaggiore","og_description":"Les fontaines d'eau potable ont toujours \u00e9t\u00e9 une indication de la vie et, \u00e0 certains \u00e9gards, de la communaut\u00e9. Voici une carte pour les trouver dans nos villages.","og_url":"https:\/\/www.visitcinqueterre.eu\/fr\/informations-utiles\/fontanelle-riomaggiore\/","og_site_name":"Visit Cinque Terre","article_modified_time":"2020-06-23T06:58:24+00:00","og_image":[{"url":"https:\/\/www.visitcinqueterre.eu\/wp-content\/uploads\/2020\/06\/fontane-acqua.png","type":"","width":"","height":""}],"twitter_card":"summary_large_image","twitter_title":"Les fontaines d'eau potable \u00e0 Riomaggiore","twitter_description":"Les fontaines d'eau potable ont toujours \u00e9t\u00e9 une indication de la vie et, \u00e0 certains \u00e9gards, de la communaut\u00e9. Voici une carte pour les trouver dans nos villages.","twitter_image":"https:\/\/www.visitcinqueterre.eu\/wp-content\/uploads\/2020\/06\/fontane-acqua.png","schema":{"@context":"https:\/\/schema.org","@graph":[{"@type":"WebPage","@id":"https:\/\/www.visitcinqueterre.eu\/fr\/informations-utiles\/fontanelle-riomaggiore\/","url":"https:\/\/www.visitcinqueterre.eu\/fr\/informations-utiles\/fontanelle-riomaggiore\/","name":"Les fontaines d'eau potable \u00e0 Riomaggiore","isPartOf":{"@id":"https:\/\/www.visitcinqueterre.eu\/fr\/#website"},"datePublished":"2020-06-17T20:08:56+00:00","dateModified":"2020-06-23T06:58:24+00:00","description":"Les fontaines d'eau potable ont toujours \u00e9t\u00e9 une indication de la vie et, \u00e0 certains \u00e9gards, de la communaut\u00e9. Voici une carte pour les trouver dans nos villages.","breadcrumb":{"@id":"https:\/\/www.visitcinqueterre.eu\/fr\/informations-utiles\/fontanelle-riomaggiore\/#breadcrumb"},"inLanguage":"fr-FR","potentialAction":[{"@type":"ReadAction","target":["https:\/\/www.visitcinqueterre.eu\/fr\/informations-utiles\/fontanelle-riomaggiore\/"]}]},{"@type":"BreadcrumbList","@id":"https:\/\/www.visitcinqueterre.eu\/fr\/informations-utiles\/fontanelle-riomaggiore\/#breadcrumb","itemListElement":[{"@type":"ListItem","position":1,"name":"Home","item":"https:\/\/www.visitcinqueterre.eu\/fr\/"},{"@type":"ListItem","position":2,"name":"Informations utiles","item":"https:\/\/www.visitcinqueterre.eu\/fr\/informations-utiles\/"},{"@type":"ListItem","position":3,"name":"Fontaines d&#8217;eau potable"}]},{"@type":"WebSite","@id":"https:\/\/www.visitcinqueterre.eu\/fr\/#website","url":"https:\/\/www.visitcinqueterre.eu\/fr\/","name":"Visit Cinque Terre","description":"Portale turistico delle Cinque Terre","potentialAction":[{"@type":"SearchAction","target":{"@type":"EntryPoint","urlTemplate":"https:\/\/www.visitcinqueterre.eu\/fr\/?s={search_term_string}"},"query-input":{"@type":"PropertyValueSpecification","valueRequired":true,"valueName":"search_term_string"}}],"inLanguage":"fr-FR"}]}},"_links":{"self":[{"href":"https:\/\/www.visitcinqueterre.eu\/fr\/wp-json\/wp\/v2\/pages\/3291","targetHints":{"allow":["GET"]}}],"collection":[{"href":"https:\/\/www.visitcinqueterre.eu\/fr\/wp-json\/wp\/v2\/pages"}],"about":[{"href":"https:\/\/www.visitcinqueterre.eu\/fr\/wp-json\/wp\/v2\/types\/page"}],"author":[{"embeddable":true,"href":"https:\/\/www.visitcinqueterre.eu\/fr\/wp-json\/wp\/v2\/users\/2"}],"replies":[{"embeddable":true,"href":"https:\/\/www.visitcinqueterre.eu\/fr\/wp-json\/wp\/v2\/comments?post=3291"}],"version-history":[{"count":8,"href":"https:\/\/www.visitcinqueterre.eu\/fr\/wp-json\/wp\/v2\/pages\/3291\/revisions"}],"predecessor-version":[{"id":3634,"href":"https:\/\/www.visitcinqueterre.eu\/fr\/wp-json\/wp\/v2\/pages\/3291\/revisions\/3634"}],"up":[{"embeddable":true,"href":"https:\/\/www.visitcinqueterre.eu\/fr\/wp-json\/wp\/v2\/pages\/2682"}],"wp:attachment":[{"href":"https:\/\/www.visitcinqueterre.eu\/fr\/wp-json\/wp\/v2\/media?parent=3291"}],"curies":[{"name":"wp","href":"https:\/\/api.w.org\/{rel}","templated":true}]}}