{"id":3477,"date":"2020-06-21T17:18:33","date_gmt":"2020-06-21T15:18:33","guid":{"rendered":"https:\/\/www.visitcinqueterre.eu\/informations-utiles\/guardia-medica-farmacie-riomaggiore\/"},"modified":"2020-06-23T08:47:03","modified_gmt":"2020-06-23T06:47:03","slug":"guardia-medica-farmacie-riomaggiore","status":"publish","type":"page","link":"https:\/\/www.visitcinqueterre.eu\/fr\/informations-utiles\/guardia-medica-farmacie-riomaggiore\/","title":{"rendered":"Garde m\u00e9dicale et urgences"},"content":{"rendered":"\t\t<div data-elementor-type=\"wp-page\" data-elementor-id=\"3477\" class=\"elementor elementor-3477 elementor-3474\" data-elementor-post-type=\"page\">\n\t\t\t\t\t\t<section class=\"elementor-section elementor-top-section elementor-element elementor-element-d53b4e6 elementor-section-boxed elementor-section-height-default elementor-section-height-default\" data-id=\"d53b4e6\" data-element_type=\"section\" data-settings=\"{&quot;jet_parallax_layout_list&quot;:[{&quot;jet_parallax_layout_image&quot;:{&quot;url&quot;:&quot;&quot;,&quot;id&quot;:&quot;&quot;,&quot;size&quot;:&quot;&quot;},&quot;_id&quot;:&quot;c0ad8af&quot;,&quot;jet_parallax_layout_image_tablet&quot;:{&quot;url&quot;:&quot;&quot;,&quot;id&quot;:&quot;&quot;,&quot;size&quot;:&quot;&quot;},&quot;jet_parallax_layout_image_mobile&quot;:{&quot;url&quot;:&quot;&quot;,&quot;id&quot;:&quot;&quot;,&quot;size&quot;:&quot;&quot;},&quot;jet_parallax_layout_speed&quot;:{&quot;unit&quot;:&quot;%&quot;,&quot;size&quot;:50,&quot;sizes&quot;:[]},&quot;jet_parallax_layout_type&quot;:&quot;scroll&quot;,&quot;jet_parallax_layout_direction&quot;:&quot;1&quot;,&quot;jet_parallax_layout_fx_direction&quot;:null,&quot;jet_parallax_layout_z_index&quot;:&quot;&quot;,&quot;jet_parallax_layout_bg_x&quot;:50,&quot;jet_parallax_layout_bg_y&quot;:50,&quot;jet_parallax_layout_bg_size&quot;:&quot;auto&quot;,&quot;jet_parallax_layout_animation_prop&quot;:&quot;transform&quot;,&quot;jet_parallax_layout_on&quot;:[&quot;desktop&quot;,&quot;tablet&quot;],&quot;jet_parallax_layout_bg_x_tablet&quot;:&quot;&quot;,&quot;jet_parallax_layout_bg_x_mobile&quot;:&quot;&quot;,&quot;jet_parallax_layout_bg_y_tablet&quot;:&quot;&quot;,&quot;jet_parallax_layout_bg_y_mobile&quot;:&quot;&quot;,&quot;jet_parallax_layout_bg_size_tablet&quot;:&quot;&quot;,&quot;jet_parallax_layout_bg_size_mobile&quot;:&quot;&quot;}]}\">\n\t\t\t\t\t\t<div class=\"elementor-container elementor-column-gap-default\">\n\t\t\t\t\t<div class=\"elementor-column elementor-col-16 elementor-top-column elementor-element elementor-element-f5977bc\" data-id=\"f5977bc\" data-element_type=\"column\">\n\t\t\t<div class=\"elementor-widget-wrap\">\n\t\t\t\t\t\t\t<\/div>\n\t\t<\/div>\n\t\t\t\t<div class=\"elementor-column elementor-col-66 elementor-top-column elementor-element elementor-element-7b89cc9\" data-id=\"7b89cc9\" data-element_type=\"column\">\n\t\t\t<div class=\"elementor-widget-wrap elementor-element-populated\">\n\t\t\t\t\t\t<div class=\"elementor-element elementor-element-4b6c3379 elementor-widget elementor-widget-text-editor\" data-id=\"4b6c3379\" data-element_type=\"widget\" data-widget_type=\"text-editor.default\">\n\t\t\t\t<div class=\"elementor-widget-container\">\n\t\t\t\t\t\t\t\t\t\n<p>Le service de guarde m\u00e9dical est actif tous les jours de 10h30 \u00e0 19h30, chez l&rsquo;Assistance Publique de Riomaggiore, situ\u00e9 au 68 de via Colombo. Leur num\u00e9ro de t\u00e9l\u00e9phone est le +39 0187 920777.<\/p>\n\n<p><strong>Tandis que le seul num\u00e9ro pour les urgences (pompiers, ambulance, carabiniers, etc.) est le 112.<\/strong><\/p>\n\n<h2 class=\"wp-block-heading\">Pharmacies<\/h2>\n\n<p>\u00c0 Riomaggiore, la <em>Pharmacie de la mer<\/em> est situ\u00e9e au 182 de via Colombo et leur num\u00e9ro de t\u00e9l\u00e9phone est le +39 0187 920160. Ils sont ouverts du lundi au samedi de 9h \u00e0 13h et l&rsquo;apr\u00e8s-midi de 15h30 \u00e0 19h30.<\/p>\n\n<p>\u00c0 Manarola, la pharmacie est situ\u00e9e au 264 de via Discovolo et leur num\u00e9ro de t\u00e9l\u00e9phone est le +39 0187 920930. Ils sont ouverts du lundi au samedi selon les horaires suivants :<\/p>\n\n<ul class=\"wp-block-list\">\n<li>Lundi : 9:00-13:00 ; 16:00-19:30<\/li>\n<li>Mardi : 9:00-13:00<\/li>\n<li>Mercredi : 9:00-13:00 ; 16:00-19:30<\/li>\n<li>Jeudi : 9:00-13:00<\/li>\n<li>Vendredi : 9:00-13:00 ; 16:00-19:30<\/li>\n<li>Samedi : 9:00-13:00<\/li>\n<\/ul>\n\n<p>\u00a0<\/p>\n\t\t\t\t\t\t\t\t<\/div>\n\t\t\t\t<\/div>\n\t\t\t\t\t<\/div>\n\t\t<\/div>\n\t\t\t\t<div class=\"elementor-column elementor-col-16 elementor-top-column elementor-element elementor-element-aad9084\" data-id=\"aad9084\" data-element_type=\"column\">\n\t\t\t<div class=\"elementor-widget-wrap\">\n\t\t\t\t\t\t\t<\/div>\n\t\t<\/div>\n\t\t\t\t\t<\/div>\n\t\t<\/section>\n\t\t\t\t<\/div>\n\t\t","protected":false},"excerpt":{"rendered":"<p>Le service de guarde m\u00e9dical est actif tous les jours de 10h30 \u00e0 19h30, chez l&rsquo;Assistance Publique de Riomaggiore, situ\u00e9 au 68 de via Colombo. Leur num\u00e9ro de t\u00e9l\u00e9phone est le +39 0187 920777. Tandis que le seul num\u00e9ro pour les urgences (pompiers, ambulance, carabiniers, etc.) est le 112. Pharmacies \u00c0 Riomaggiore, la Pharmacie de [&hellip;]<\/p>\n","protected":false},"author":2,"featured_media":0,"parent":2682,"menu_order":0,"comment_status":"closed","ping_status":"closed","template":"","meta":{"_acf_changed":false,"footnotes":""},"class_list":["post-3477","page","type-page","status-publish","hentry"],"acf":[],"yoast_head":"<!-- This site is optimized with the Yoast SEO plugin v26.6 - https:\/\/yoast.com\/wordpress\/plugins\/seo\/ -->\n<title>Service m\u00e9dical et urgences \u00e0 Riomaggiore et Manarola<\/title>\n<meta name=\"description\" content=\"Service m\u00e9dical et urgences \u00e0 Riomaggiore et Manarola : horaires hebdomadaires, adresse et num\u00e9ros de t\u00e9l\u00e9phone utiles.\" \/>\n<meta name=\"robots\" content=\"index, follow, max-snippet:-1, max-image-preview:large, max-video-preview:-1\" \/>\n<link rel=\"canonical\" href=\"https:\/\/www.visitcinqueterre.eu\/fr\/informations-utiles\/guardia-medica-farmacie-riomaggiore\/\" \/>\n<meta property=\"og:locale\" content=\"fr_FR\" \/>\n<meta property=\"og:type\" content=\"article\" \/>\n<meta property=\"og:title\" content=\"Service m\u00e9dical et urgences \u00e0 Riomaggiore et Manarola\" \/>\n<meta property=\"og:description\" content=\"Service m\u00e9dical et urgences \u00e0 Riomaggiore et Manarola : horaires hebdomadaires, adresse et num\u00e9ros de t\u00e9l\u00e9phone utiles.\" \/>\n<meta property=\"og:url\" content=\"https:\/\/www.visitcinqueterre.eu\/fr\/informations-utiles\/guardia-medica-farmacie-riomaggiore\/\" \/>\n<meta property=\"og:site_name\" content=\"Visit Cinque Terre\" \/>\n<meta property=\"article:modified_time\" content=\"2020-06-23T06:47:03+00:00\" \/>\n<meta property=\"og:image\" content=\"https:\/\/www.visitcinqueterre.eu\/wp-content\/uploads\/2020\/06\/covid-19.png\" \/>\n<meta name=\"twitter:card\" content=\"summary_large_image\" \/>\n<meta name=\"twitter:title\" content=\"Service m\u00e9dical et urgences \u00e0 Riomaggiore et Manarola\" \/>\n<meta name=\"twitter:description\" content=\"Service m\u00e9dical et urgences \u00e0 Riomaggiore et Manarola : horaires hebdomadaires, adresse et num\u00e9ros de t\u00e9l\u00e9phone utiles.\" \/>\n<meta name=\"twitter:image\" content=\"https:\/\/www.visitcinqueterre.eu\/wp-content\/uploads\/2020\/06\/covid-19.png\" \/>\n<meta name=\"twitter:label1\" content=\"Dur\u00e9e de lecture estim\u00e9e\" \/>\n\t<meta name=\"twitter:data1\" content=\"1 minute\" \/>\n<script type=\"application\/ld+json\" class=\"yoast-schema-graph\">{\"@context\":\"https:\/\/schema.org\",\"@graph\":[{\"@type\":\"WebPage\",\"@id\":\"https:\/\/www.visitcinqueterre.eu\/fr\/informations-utiles\/guardia-medica-farmacie-riomaggiore\/\",\"url\":\"https:\/\/www.visitcinqueterre.eu\/fr\/informations-utiles\/guardia-medica-farmacie-riomaggiore\/\",\"name\":\"Service m\u00e9dical et urgences \u00e0 Riomaggiore et Manarola\",\"isPartOf\":{\"@id\":\"https:\/\/www.visitcinqueterre.eu\/fr\/#website\"},\"datePublished\":\"2020-06-21T15:18:33+00:00\",\"dateModified\":\"2020-06-23T06:47:03+00:00\",\"description\":\"Service m\u00e9dical et urgences \u00e0 Riomaggiore et Manarola : horaires hebdomadaires, adresse et num\u00e9ros de t\u00e9l\u00e9phone utiles.\",\"breadcrumb\":{\"@id\":\"https:\/\/www.visitcinqueterre.eu\/fr\/informations-utiles\/guardia-medica-farmacie-riomaggiore\/#breadcrumb\"},\"inLanguage\":\"fr-FR\",\"potentialAction\":[{\"@type\":\"ReadAction\",\"target\":[\"https:\/\/www.visitcinqueterre.eu\/fr\/informations-utiles\/guardia-medica-farmacie-riomaggiore\/\"]}]},{\"@type\":\"BreadcrumbList\",\"@id\":\"https:\/\/www.visitcinqueterre.eu\/fr\/informations-utiles\/guardia-medica-farmacie-riomaggiore\/#breadcrumb\",\"itemListElement\":[{\"@type\":\"ListItem\",\"position\":1,\"name\":\"Home\",\"item\":\"https:\/\/www.visitcinqueterre.eu\/fr\/\"},{\"@type\":\"ListItem\",\"position\":2,\"name\":\"Informations utiles\",\"item\":\"https:\/\/www.visitcinqueterre.eu\/fr\/informations-utiles\/\"},{\"@type\":\"ListItem\",\"position\":3,\"name\":\"Garde m\u00e9dicale et urgences\"}]},{\"@type\":\"WebSite\",\"@id\":\"https:\/\/www.visitcinqueterre.eu\/fr\/#website\",\"url\":\"https:\/\/www.visitcinqueterre.eu\/fr\/\",\"name\":\"Visit Cinque Terre\",\"description\":\"Portale turistico delle Cinque Terre\",\"potentialAction\":[{\"@type\":\"SearchAction\",\"target\":{\"@type\":\"EntryPoint\",\"urlTemplate\":\"https:\/\/www.visitcinqueterre.eu\/fr\/?s={search_term_string}\"},\"query-input\":{\"@type\":\"PropertyValueSpecification\",\"valueRequired\":true,\"valueName\":\"search_term_string\"}}],\"inLanguage\":\"fr-FR\"}]}<\/script>\n<!-- \/ Yoast SEO plugin. -->","yoast_head_json":{"title":"Service m\u00e9dical et urgences \u00e0 Riomaggiore et Manarola","description":"Service m\u00e9dical et urgences \u00e0 Riomaggiore et Manarola : horaires hebdomadaires, adresse et num\u00e9ros de t\u00e9l\u00e9phone utiles.","robots":{"index":"index","follow":"follow","max-snippet":"max-snippet:-1","max-image-preview":"max-image-preview:large","max-video-preview":"max-video-preview:-1"},"canonical":"https:\/\/www.visitcinqueterre.eu\/fr\/informations-utiles\/guardia-medica-farmacie-riomaggiore\/","og_locale":"fr_FR","og_type":"article","og_title":"Service m\u00e9dical et urgences \u00e0 Riomaggiore et Manarola","og_description":"Service m\u00e9dical et urgences \u00e0 Riomaggiore et Manarola : horaires hebdomadaires, adresse et num\u00e9ros de t\u00e9l\u00e9phone utiles.","og_url":"https:\/\/www.visitcinqueterre.eu\/fr\/informations-utiles\/guardia-medica-farmacie-riomaggiore\/","og_site_name":"Visit Cinque Terre","article_modified_time":"2020-06-23T06:47:03+00:00","og_image":[{"url":"https:\/\/www.visitcinqueterre.eu\/wp-content\/uploads\/2020\/06\/covid-19.png","type":"","width":"","height":""}],"twitter_card":"summary_large_image","twitter_title":"Service m\u00e9dical et urgences \u00e0 Riomaggiore et Manarola","twitter_description":"Service m\u00e9dical et urgences \u00e0 Riomaggiore et Manarola : horaires hebdomadaires, adresse et num\u00e9ros de t\u00e9l\u00e9phone utiles.","twitter_image":"https:\/\/www.visitcinqueterre.eu\/wp-content\/uploads\/2020\/06\/covid-19.png","twitter_misc":{"Dur\u00e9e de lecture estim\u00e9e":"1 minute"},"schema":{"@context":"https:\/\/schema.org","@graph":[{"@type":"WebPage","@id":"https:\/\/www.visitcinqueterre.eu\/fr\/informations-utiles\/guardia-medica-farmacie-riomaggiore\/","url":"https:\/\/www.visitcinqueterre.eu\/fr\/informations-utiles\/guardia-medica-farmacie-riomaggiore\/","name":"Service m\u00e9dical et urgences \u00e0 Riomaggiore et Manarola","isPartOf":{"@id":"https:\/\/www.visitcinqueterre.eu\/fr\/#website"},"datePublished":"2020-06-21T15:18:33+00:00","dateModified":"2020-06-23T06:47:03+00:00","description":"Service m\u00e9dical et urgences \u00e0 Riomaggiore et Manarola : horaires hebdomadaires, adresse et num\u00e9ros de t\u00e9l\u00e9phone utiles.","breadcrumb":{"@id":"https:\/\/www.visitcinqueterre.eu\/fr\/informations-utiles\/guardia-medica-farmacie-riomaggiore\/#breadcrumb"},"inLanguage":"fr-FR","potentialAction":[{"@type":"ReadAction","target":["https:\/\/www.visitcinqueterre.eu\/fr\/informations-utiles\/guardia-medica-farmacie-riomaggiore\/"]}]},{"@type":"BreadcrumbList","@id":"https:\/\/www.visitcinqueterre.eu\/fr\/informations-utiles\/guardia-medica-farmacie-riomaggiore\/#breadcrumb","itemListElement":[{"@type":"ListItem","position":1,"name":"Home","item":"https:\/\/www.visitcinqueterre.eu\/fr\/"},{"@type":"ListItem","position":2,"name":"Informations utiles","item":"https:\/\/www.visitcinqueterre.eu\/fr\/informations-utiles\/"},{"@type":"ListItem","position":3,"name":"Garde m\u00e9dicale et urgences"}]},{"@type":"WebSite","@id":"https:\/\/www.visitcinqueterre.eu\/fr\/#website","url":"https:\/\/www.visitcinqueterre.eu\/fr\/","name":"Visit Cinque Terre","description":"Portale turistico delle Cinque Terre","potentialAction":[{"@type":"SearchAction","target":{"@type":"EntryPoint","urlTemplate":"https:\/\/www.visitcinqueterre.eu\/fr\/?s={search_term_string}"},"query-input":{"@type":"PropertyValueSpecification","valueRequired":true,"valueName":"search_term_string"}}],"inLanguage":"fr-FR"}]}},"_links":{"self":[{"href":"https:\/\/www.visitcinqueterre.eu\/fr\/wp-json\/wp\/v2\/pages\/3477","targetHints":{"allow":["GET"]}}],"collection":[{"href":"https:\/\/www.visitcinqueterre.eu\/fr\/wp-json\/wp\/v2\/pages"}],"about":[{"href":"https:\/\/www.visitcinqueterre.eu\/fr\/wp-json\/wp\/v2\/types\/page"}],"author":[{"embeddable":true,"href":"https:\/\/www.visitcinqueterre.eu\/fr\/wp-json\/wp\/v2\/users\/2"}],"replies":[{"embeddable":true,"href":"https:\/\/www.visitcinqueterre.eu\/fr\/wp-json\/wp\/v2\/comments?post=3477"}],"version-history":[{"count":5,"href":"https:\/\/www.visitcinqueterre.eu\/fr\/wp-json\/wp\/v2\/pages\/3477\/revisions"}],"predecessor-version":[{"id":3624,"href":"https:\/\/www.visitcinqueterre.eu\/fr\/wp-json\/wp\/v2\/pages\/3477\/revisions\/3624"}],"up":[{"embeddable":true,"href":"https:\/\/www.visitcinqueterre.eu\/fr\/wp-json\/wp\/v2\/pages\/2682"}],"wp:attachment":[{"href":"https:\/\/www.visitcinqueterre.eu\/fr\/wp-json\/wp\/v2\/media?parent=3477"}],"curies":[{"name":"wp","href":"https:\/\/api.w.org\/{rel}","templated":true}]}}