{"id":4813,"date":"2022-04-24T09:12:25","date_gmt":"2022-04-24T07:12:25","guid":{"rendered":"https:\/\/www.visitcinqueterre.eu\/sejourner\/les-cartes-cinque-terre\/"},"modified":"2022-04-24T09:12:25","modified_gmt":"2022-04-24T07:12:25","slug":"les-cartes-cinque-terre","status":"publish","type":"page","link":"https:\/\/www.visitcinqueterre.eu\/fr\/sejourner\/les-cartes-cinque-terre\/","title":{"rendered":"Les cartes Cinque Terre"},"content":{"rendered":"\n<p>La Cinque Terre Card est un pass visiteur qui vous permettra de profiter de services utiles, soutenant notre territoire.<br\/>La carte a \u00e9t\u00e9 con\u00e7ue par l&rsquo;Autorit\u00e9 du Parc afin de pr\u00e9server les chemins et les sentiers, construits \u00e0 l&rsquo;origine par les habitants pour se d\u00e9placer et par les agriculteurs pour atteindre leurs champs en terrasses. Voies de communication et de travail essentielles, mais non pr\u00e9vues en raison du trafic \u00e9lev\u00e9 d&rsquo;aujourd&rsquo;hui d\u00fb au tourisme.<\/p>\n\n<h2 class=\"wp-block-heading\">Ce que comprend la Cinque Terre Card<\/h2>\n\n<p>Selon vos besoins, vous avez le choix entre deux types de Cartes :<\/p>\n\n<ul class=\"wp-block-list\"><li>l\u00e0 <strong>CINQUE TERRE TREKKING<\/strong> , qui comprend: l&rsquo;acc\u00e8s au chemin SVA, actuellement utilisable entre Corniglia et Monterosso; visites guid\u00e9es et excursions <strong>Parc p\u00e9destre des Cinque Terre<\/strong> ; randonn\u00e9es litt\u00e9raires en collaboration avec le <strong>Parc Litt\u00e9raire Eugenio Montale<\/strong> ; l&rsquo;utilisation des minibus <a href=\"https:\/\/www.atcesercizio.it\/index.php\/it\/linee-orari-it\/cinque-terre\" target=\"_blank\" rel=\"noreferrer noopener\">ATC<\/a> uniquement dans la zone du parc national; des toilettes publiques aux stations des cinq villages ; WiFi \u00e0 proximit\u00e9 des hotspots du point d&rsquo;information\u00a0; participation aux ateliers de la <strong><a href=\"http:\/\/www.parconazionale5terre.it\/pagina.php?id=43\">Centre d&rsquo;\u00e9ducation environnementale<\/a><\/strong> et une r\u00e9duction au <a href=\"http:\/\/www.laspeziacultura.it\/\" target=\"_blank\" rel=\"noreferrer noopener\"><strong>Mus\u00e9es Civiques de La Spezia<\/strong><\/a> .<\/li><li>le <strong>CINQUE TERRE MS TRENO,<\/strong> qui, en plus des services inclus dans celui de Trekking, offre <strong>un acc\u00e8s illimit\u00e9 \u00e0 la deuxi\u00e8me classe de trains rapides r\u00e9gionaux et r\u00e9gionaux sur<\/strong> <a href=\"https:\/\/www.visitcinqueterre.eu\/fr\/arriver\/se-rendre-aux-cinque-terre-en-train\/\" target=\"_blank\" rel=\"noreferrer noopener\">la ligne Levanto &#8211; La Spezia<\/a> et \u00e0 tous les trains appel\u00e9s <strong>Cinque Terre Express<\/strong> .<\/li><\/ul>\n\n<h2 class=\"wp-block-heading\">Achat et tarifs<\/h2>\n\n<p>La Cinque Terre Card, nominative et non transf\u00e9rable, <a href=\"http:\/\/www.parconazionale5terre.it\/cinque-terre-card.php\">son prix varie<\/a> selon la saison et peut \u00eatre achet\u00e9e :<\/p>\n\n<ul class=\"wp-block-list\"><li><a href=\"https:\/\/www.visitcinqueterre.eu\/fr\/informations-utiles\/offices-de-tourisme\/\">Sur place<\/a> , dans les centres d&rsquo;accueil du Parc, de Levanto \u00e0 La Spezia.<\/li><li><a href=\"https:\/\/card.parconazionale5terre.it\" target=\"_blank\" rel=\"noreferrer noopener\">Achat en ligne<\/a> , via le site officiel de l&rsquo;Autorit\u00e9 du Parc.<\/li><\/ul>\n\n<p>En cas d&rsquo;achat de la Carte sur place, vous devrez inscrire, dans l&rsquo;espace indiqu\u00e9, votre nom et pr\u00e9nom.<\/p>\n\n<p>Quel que soit le titre que vous avez choisi et quels que soient le lieu et la mani\u00e8re dont vous l&rsquo;avez achet\u00e9, une pi\u00e8ce d&rsquo;identit\u00e9 peut vous \u00eatre demand\u00e9e au moment du contr\u00f4le, m\u00eame pour les enfants.<\/p>\n\n<p>N&rsquo;oubliez pas non plus que les cartes Cinque Terre achet\u00e9es dans les jours pr\u00e9c\u00e9dant la visite ne sont g\u00e9n\u00e9ralement pas remboursables. L&rsquo;Entit\u00e9 ne donne droit au remboursement que dans des situations bien d\u00e9finies, telles que des gr\u00e8ves de train ou des avertissements m\u00e9t\u00e9orologiques. <\/p>\n\n<h2 class=\"wp-block-heading\">Carte Cinque Terre \u00ab\u00a0H\u00e9bergement\u00a0\u00bb<\/h2>\n\n<p>En s\u00e9journant dans un \u00e9tablissement d&rsquo;h\u00e9bergement des Cinque Terre adh\u00e9rant au label de <a href=\"https:\/\/www.visitcinqueterre.eu\/il-tuo-soggiorno\/alloggiare-alle-cinque-terre\/\">qualit\u00e9 du parc<\/a> , vous avez droit \u00e0 une <strong><a href=\"http:\/\/www.parconazionale5terre.it\/pagina.php?id=154\">r\u00e9duction sur la Cinque Terre Card !<\/a><\/strong> V\u00e9rifiez au moment de la r\u00e9servation ou au moment de l&rsquo;enregistrement et demandez-le \u00e0 la propri\u00e9t\u00e9, car ils sont les seuls \u00e0 pouvoir l&rsquo;\u00e9mettre num\u00e9riquement. <\/p>\n\n<p><\/p>\n\n<div class=\"wp-block-image\"><figure class=\"aligncenter size-full\"><img fetchpriority=\"high\" decoding=\"async\" width=\"462\" height=\"532\" src=\"https:\/\/www.visitcinqueterre.eu\/wp-content\/uploads\/2022\/04\/Schermata-2022-04-12-alle-18.12.29.png\" alt=\"\" class=\"wp-image-4801\" srcset=\"https:\/\/www.visitcinqueterre.eu\/wp-content\/uploads\/2022\/04\/Schermata-2022-04-12-alle-18.12.29.png 462w, https:\/\/www.visitcinqueterre.eu\/wp-content\/uploads\/2022\/04\/Schermata-2022-04-12-alle-18.12.29-261x300.png 261w\" sizes=\"(max-width: 462px) 100vw, 462px\" \/><figcaption>Exemple de type Cinque Terre Cards. Source www.parconazinale5terre.it<\/figcaption><\/figure><\/div>\n","protected":false},"excerpt":{"rendered":"<p>La Cinque Terre Card est un pass visiteur qui vous permettra de profiter de services utiles, soutenant notre territoire.La carte a \u00e9t\u00e9 con\u00e7ue par l&rsquo;Autorit\u00e9 du Parc afin de pr\u00e9server les chemins et les sentiers, construits \u00e0 l&rsquo;origine par les habitants pour se d\u00e9placer et par les agriculteurs pour atteindre leurs champs en terrasses. Voies [&hellip;]<\/p>\n","protected":false},"author":5,"featured_media":0,"parent":3450,"menu_order":3,"comment_status":"closed","ping_status":"closed","template":"","meta":{"_acf_changed":false,"footnotes":""},"class_list":["post-4813","page","type-page","status-publish","hentry"],"acf":[],"yoast_head":"<!-- This site is optimized with the Yoast SEO plugin v26.6 - https:\/\/yoast.com\/wordpress\/plugins\/seo\/ -->\n<title>Les cartes Cinque Terre - Visit Cinque Terre<\/title>\n<meta name=\"description\" content=\"Les Cinque Terre Cards sont un pass visiteur qui vous permettra de profiter de services utiles, soutenant notre territoire.\" \/>\n<meta name=\"robots\" content=\"index, follow, max-snippet:-1, max-image-preview:large, max-video-preview:-1\" \/>\n<link rel=\"canonical\" href=\"https:\/\/www.visitcinqueterre.eu\/fr\/sejourner\/les-cartes-cinque-terre\/\" \/>\n<meta property=\"og:locale\" content=\"fr_FR\" \/>\n<meta property=\"og:type\" content=\"article\" \/>\n<meta property=\"og:title\" content=\"Les cartes Cinque Terre - Visit Cinque Terre\" \/>\n<meta property=\"og:description\" content=\"Les Cinque Terre Cards sont un pass visiteur qui vous permettra de profiter de services utiles, soutenant notre territoire.\" \/>\n<meta property=\"og:url\" content=\"https:\/\/www.visitcinqueterre.eu\/fr\/sejourner\/les-cartes-cinque-terre\/\" \/>\n<meta property=\"og:site_name\" content=\"Visit Cinque Terre\" \/>\n<meta property=\"og:image\" content=\"https:\/\/www.visitcinqueterre.eu\/wp-content\/uploads\/2022\/04\/Schermata-2022-04-12-alle-18.12.29.png\" \/>\n<meta name=\"twitter:card\" content=\"summary_large_image\" \/>\n<meta name=\"twitter:label1\" content=\"Dur\u00e9e de lecture estim\u00e9e\" \/>\n\t<meta name=\"twitter:data1\" content=\"2 minutes\" \/>\n<script type=\"application\/ld+json\" class=\"yoast-schema-graph\">{\"@context\":\"https:\/\/schema.org\",\"@graph\":[{\"@type\":\"WebPage\",\"@id\":\"https:\/\/www.visitcinqueterre.eu\/fr\/sejourner\/les-cartes-cinque-terre\/\",\"url\":\"https:\/\/www.visitcinqueterre.eu\/fr\/sejourner\/les-cartes-cinque-terre\/\",\"name\":\"Les cartes Cinque Terre - Visit Cinque Terre\",\"isPartOf\":{\"@id\":\"https:\/\/www.visitcinqueterre.eu\/fr\/#website\"},\"primaryImageOfPage\":{\"@id\":\"https:\/\/www.visitcinqueterre.eu\/fr\/sejourner\/les-cartes-cinque-terre\/#primaryimage\"},\"image\":{\"@id\":\"https:\/\/www.visitcinqueterre.eu\/fr\/sejourner\/les-cartes-cinque-terre\/#primaryimage\"},\"thumbnailUrl\":\"https:\/\/www.visitcinqueterre.eu\/wp-content\/uploads\/2022\/04\/Schermata-2022-04-12-alle-18.12.29.png\",\"datePublished\":\"2022-04-24T07:12:25+00:00\",\"description\":\"Les Cinque Terre Cards sont un pass visiteur qui vous permettra de profiter de services utiles, soutenant notre territoire.\",\"breadcrumb\":{\"@id\":\"https:\/\/www.visitcinqueterre.eu\/fr\/sejourner\/les-cartes-cinque-terre\/#breadcrumb\"},\"inLanguage\":\"fr-FR\",\"potentialAction\":[{\"@type\":\"ReadAction\",\"target\":[\"https:\/\/www.visitcinqueterre.eu\/fr\/sejourner\/les-cartes-cinque-terre\/\"]}]},{\"@type\":\"ImageObject\",\"inLanguage\":\"fr-FR\",\"@id\":\"https:\/\/www.visitcinqueterre.eu\/fr\/sejourner\/les-cartes-cinque-terre\/#primaryimage\",\"url\":\"https:\/\/www.visitcinqueterre.eu\/wp-content\/uploads\/2022\/04\/Schermata-2022-04-12-alle-18.12.29.png\",\"contentUrl\":\"https:\/\/www.visitcinqueterre.eu\/wp-content\/uploads\/2022\/04\/Schermata-2022-04-12-alle-18.12.29.png\"},{\"@type\":\"BreadcrumbList\",\"@id\":\"https:\/\/www.visitcinqueterre.eu\/fr\/sejourner\/les-cartes-cinque-terre\/#breadcrumb\",\"itemListElement\":[{\"@type\":\"ListItem\",\"position\":1,\"name\":\"Home\",\"item\":\"https:\/\/www.visitcinqueterre.eu\/fr\/\"},{\"@type\":\"ListItem\",\"position\":2,\"name\":\"S\u00e9journer\",\"item\":\"https:\/\/www.visitcinqueterre.eu\/fr\/sejourner\/\"},{\"@type\":\"ListItem\",\"position\":3,\"name\":\"Les cartes Cinque Terre\"}]},{\"@type\":\"WebSite\",\"@id\":\"https:\/\/www.visitcinqueterre.eu\/fr\/#website\",\"url\":\"https:\/\/www.visitcinqueterre.eu\/fr\/\",\"name\":\"Visit Cinque Terre\",\"description\":\"Portale turistico delle Cinque Terre\",\"potentialAction\":[{\"@type\":\"SearchAction\",\"target\":{\"@type\":\"EntryPoint\",\"urlTemplate\":\"https:\/\/www.visitcinqueterre.eu\/fr\/?s={search_term_string}\"},\"query-input\":{\"@type\":\"PropertyValueSpecification\",\"valueRequired\":true,\"valueName\":\"search_term_string\"}}],\"inLanguage\":\"fr-FR\"}]}<\/script>\n<!-- \/ Yoast SEO plugin. -->","yoast_head_json":{"title":"Les cartes Cinque Terre - Visit Cinque Terre","description":"Les Cinque Terre Cards sont un pass visiteur qui vous permettra de profiter de services utiles, soutenant notre territoire.","robots":{"index":"index","follow":"follow","max-snippet":"max-snippet:-1","max-image-preview":"max-image-preview:large","max-video-preview":"max-video-preview:-1"},"canonical":"https:\/\/www.visitcinqueterre.eu\/fr\/sejourner\/les-cartes-cinque-terre\/","og_locale":"fr_FR","og_type":"article","og_title":"Les cartes Cinque Terre - Visit Cinque Terre","og_description":"Les Cinque Terre Cards sont un pass visiteur qui vous permettra de profiter de services utiles, soutenant notre territoire.","og_url":"https:\/\/www.visitcinqueterre.eu\/fr\/sejourner\/les-cartes-cinque-terre\/","og_site_name":"Visit Cinque Terre","og_image":[{"url":"https:\/\/www.visitcinqueterre.eu\/wp-content\/uploads\/2022\/04\/Schermata-2022-04-12-alle-18.12.29.png","type":"","width":"","height":""}],"twitter_card":"summary_large_image","twitter_misc":{"Dur\u00e9e de lecture estim\u00e9e":"2 minutes"},"schema":{"@context":"https:\/\/schema.org","@graph":[{"@type":"WebPage","@id":"https:\/\/www.visitcinqueterre.eu\/fr\/sejourner\/les-cartes-cinque-terre\/","url":"https:\/\/www.visitcinqueterre.eu\/fr\/sejourner\/les-cartes-cinque-terre\/","name":"Les cartes Cinque Terre - Visit Cinque Terre","isPartOf":{"@id":"https:\/\/www.visitcinqueterre.eu\/fr\/#website"},"primaryImageOfPage":{"@id":"https:\/\/www.visitcinqueterre.eu\/fr\/sejourner\/les-cartes-cinque-terre\/#primaryimage"},"image":{"@id":"https:\/\/www.visitcinqueterre.eu\/fr\/sejourner\/les-cartes-cinque-terre\/#primaryimage"},"thumbnailUrl":"https:\/\/www.visitcinqueterre.eu\/wp-content\/uploads\/2022\/04\/Schermata-2022-04-12-alle-18.12.29.png","datePublished":"2022-04-24T07:12:25+00:00","description":"Les Cinque Terre Cards sont un pass visiteur qui vous permettra de profiter de services utiles, soutenant notre territoire.","breadcrumb":{"@id":"https:\/\/www.visitcinqueterre.eu\/fr\/sejourner\/les-cartes-cinque-terre\/#breadcrumb"},"inLanguage":"fr-FR","potentialAction":[{"@type":"ReadAction","target":["https:\/\/www.visitcinqueterre.eu\/fr\/sejourner\/les-cartes-cinque-terre\/"]}]},{"@type":"ImageObject","inLanguage":"fr-FR","@id":"https:\/\/www.visitcinqueterre.eu\/fr\/sejourner\/les-cartes-cinque-terre\/#primaryimage","url":"https:\/\/www.visitcinqueterre.eu\/wp-content\/uploads\/2022\/04\/Schermata-2022-04-12-alle-18.12.29.png","contentUrl":"https:\/\/www.visitcinqueterre.eu\/wp-content\/uploads\/2022\/04\/Schermata-2022-04-12-alle-18.12.29.png"},{"@type":"BreadcrumbList","@id":"https:\/\/www.visitcinqueterre.eu\/fr\/sejourner\/les-cartes-cinque-terre\/#breadcrumb","itemListElement":[{"@type":"ListItem","position":1,"name":"Home","item":"https:\/\/www.visitcinqueterre.eu\/fr\/"},{"@type":"ListItem","position":2,"name":"S\u00e9journer","item":"https:\/\/www.visitcinqueterre.eu\/fr\/sejourner\/"},{"@type":"ListItem","position":3,"name":"Les cartes Cinque Terre"}]},{"@type":"WebSite","@id":"https:\/\/www.visitcinqueterre.eu\/fr\/#website","url":"https:\/\/www.visitcinqueterre.eu\/fr\/","name":"Visit Cinque Terre","description":"Portale turistico delle Cinque Terre","potentialAction":[{"@type":"SearchAction","target":{"@type":"EntryPoint","urlTemplate":"https:\/\/www.visitcinqueterre.eu\/fr\/?s={search_term_string}"},"query-input":{"@type":"PropertyValueSpecification","valueRequired":true,"valueName":"search_term_string"}}],"inLanguage":"fr-FR"}]}},"_links":{"self":[{"href":"https:\/\/www.visitcinqueterre.eu\/fr\/wp-json\/wp\/v2\/pages\/4813","targetHints":{"allow":["GET"]}}],"collection":[{"href":"https:\/\/www.visitcinqueterre.eu\/fr\/wp-json\/wp\/v2\/pages"}],"about":[{"href":"https:\/\/www.visitcinqueterre.eu\/fr\/wp-json\/wp\/v2\/types\/page"}],"author":[{"embeddable":true,"href":"https:\/\/www.visitcinqueterre.eu\/fr\/wp-json\/wp\/v2\/users\/5"}],"replies":[{"embeddable":true,"href":"https:\/\/www.visitcinqueterre.eu\/fr\/wp-json\/wp\/v2\/comments?post=4813"}],"version-history":[{"count":1,"href":"https:\/\/www.visitcinqueterre.eu\/fr\/wp-json\/wp\/v2\/pages\/4813\/revisions"}],"predecessor-version":[{"id":4815,"href":"https:\/\/www.visitcinqueterre.eu\/fr\/wp-json\/wp\/v2\/pages\/4813\/revisions\/4815"}],"up":[{"embeddable":true,"href":"https:\/\/www.visitcinqueterre.eu\/fr\/wp-json\/wp\/v2\/pages\/3450"}],"wp:attachment":[{"href":"https:\/\/www.visitcinqueterre.eu\/fr\/wp-json\/wp\/v2\/media?parent=4813"}],"curies":[{"name":"wp","href":"https:\/\/api.w.org\/{rel}","templated":true}]}}